{"id":17053,"date":"2021-09-01T08:19:53","date_gmt":"2021-09-01T01:19:53","guid":{"rendered":"https:\/\/legiavanphongpham.com\/?post_type=product&#038;p=17053"},"modified":"2021-09-01T08:19:53","modified_gmt":"2021-09-01T01:19:53","slug":"may-loc-nuoc-unilever-pureit-classic","status":"publish","type":"product","link":"https:\/\/legiavanphongpham.com\/index.php\/product\/may-loc-nuoc-unilever-pureit-classic\/","title":{"rendered":"M\u00e1y l\u1ecdc n\u01b0\u1edbc Unilever Pureit Classic"},"content":{"rendered":"<ul>\n<li>C\u00f4ng ngh\u1ec7 l\u1ecdc GRAVITY c\u00f9ng h\u1ec7 di\u1ec7t khu\u1ea9n Clorine, X2 than ho\u1ea1t t\u00ednh<\/li>\n<li>L\u1ecdc s\u1ea1ch ch\u1eaft r\u1eafn, b\u1ee5i b\u1ea9n, c\u1eb7n, di\u1ec7t ho\u00e0n to\u00e0n vi khu\u1ea9n, virut<\/li>\n<li>C\u01a1 ch\u1ebf C\u1ea3nh B\u00e1o v\u00e0 t\u1ef1 \u0111\u1ed9ng ng\u1eaft n\u01b0\u1edbc khi b\u1ed9 l\u1ecdc h\u1ebft c\u00f4ng su\u1ea5t l\u1ecdc<\/li>\n<li>C\u00f4ng su\u1ea5t b\u1ed9 l\u1ecdc 1500 l\u00edt, c\u00f4ng su\u1ea5t l\u1ecdc t\u1ed1i \u0111a 9 l\u00edt\/gi\u1edd<\/li>\n<li>Dung t\u00edch m\u00e1y 23 l\u00edt, dung t\u00edch b\u00ecnh ch\u1ee9a 9 l\u00edt<\/li>\n<li><a href=\"https:\/\/www.nguyenkim.com\/vi-sao-may-loc-nuoc-cua-ban-bi-loi-bot-khi.html\"><strong>M\u00e1y l\u1ecdc n\u01b0\u1edbc<\/strong><\/a>kh\u00f4ng c\u1ea7n \u0111un s\u00f4i sau khi l\u1ecdc, kh\u00f4ng c\u1ea7n c\u1eafm \u0111i\u1ec7n<\/li>\n<\/ul>\n","protected":false},"excerpt":{"rendered":"<p>C\u00f4ng ngh\u1ec7 l\u1ecdc GRAVITY c\u00f9ng h\u1ec7 di\u1ec7t khu\u1ea9n Clorine, X2 than ho\u1ea1t t\u00ednh L\u1ecdc s\u1ea1ch ch\u1eaft r\u1eafn, b\u1ee5i b\u1ea9n, c\u1eb7n, di\u1ec7t ho\u00e0n to\u00e0n vi khu\u1ea9n, virut C\u01a1 ch\u1ebf C\u1ea3nh B\u00e1o v\u00e0 t\u1ef1 \u0111\u1ed9ng ng\u1eaft n\u01b0\u1edbc khi b\u1ed9 l\u1ecdc h\u1ebft c\u00f4ng su\u1ea5t l\u1ecdc C\u00f4ng su\u1ea5t b\u1ed9 l\u1ecdc 1500 l\u00edt, c\u00f4ng su\u1ea5t l\u1ecdc t\u1ed1i \u0111a 9 l\u00edt\/gi\u1edd [&hellip;]<\/p>\n","protected":false},"featured_media":17047,"comment_status":"open","ping_status":"closed","template":"","meta":[],"product_brand":[],"product_cat":[187],"product_tag":[],"class_list":{"0":"post-17053","1":"product","2":"type-product","3":"status-publish","4":"has-post-thumbnail","6":"product_cat-may-uong-nuoc-nong-lanh","8":"first","9":"instock","10":"shipping-taxable","11":"product-type-simple"},"_links":{"self":[{"href":"https:\/\/legiavanphongpham.com\/index.php\/wp-json\/wp\/v2\/product\/17053","targetHints":{"allow":["GET"]}}],"collection":[{"href":"https:\/\/legiavanphongpham.com\/index.php\/wp-json\/wp\/v2\/product"}],"about":[{"href":"https:\/\/legiavanphongpham.com\/index.php\/wp-json\/wp\/v2\/types\/product"}],"replies":[{"embeddable":true,"href":"https:\/\/legiavanphongpham.com\/index.php\/wp-json\/wp\/v2\/comments?post=17053"}],"wp:featuredmedia":[{"embeddable":true,"href":"https:\/\/legiavanphongpham.com\/index.php\/wp-json\/wp\/v2\/media\/17047"}],"wp:attachment":[{"href":"https:\/\/legiavanphongpham.com\/index.php\/wp-json\/wp\/v2\/media?parent=17053"}],"wp:term":[{"taxonomy":"product_brand","embeddable":true,"href":"https:\/\/legiavanphongpham.com\/index.php\/wp-json\/wp\/v2\/product_brand?post=17053"},{"taxonomy":"product_cat","embeddable":true,"href":"https:\/\/legiavanphongpham.com\/index.php\/wp-json\/wp\/v2\/product_cat?post=17053"},{"taxonomy":"product_tag","embeddable":true,"href":"https:\/\/legiavanphongpham.com\/index.php\/wp-json\/wp\/v2\/product_tag?post=17053"}],"curies":[{"name":"wp","href":"https:\/\/api.w.org\/{rel}","templated":true}]}}