{"id":17054,"date":"2021-09-01T08:20:45","date_gmt":"2021-09-01T01:20:45","guid":{"rendered":"https:\/\/legiavanphongpham.com\/?post_type=product&#038;p=17054"},"modified":"2021-09-01T08:20:45","modified_gmt":"2021-09-01T01:20:45","slug":"may-loc-nuoc-ro-unilever-pureit-lavita-cr-5240","status":"publish","type":"product","link":"https:\/\/legiavanphongpham.com\/index.php\/product\/may-loc-nuoc-ro-unilever-pureit-lavita-cr-5240\/","title":{"rendered":"M\u00e1y l\u1ecdc n\u01b0\u1edbc RO Unilever Pureit Lavita CR-5240"},"content":{"rendered":"<ul>\n<li>Thi\u1ebft k\u1ebf nh\u1ecf g\u1ecdn ph\u00f9 h\u1ee3p v\u1edbi nhi\u1ec1u v\u1ecb tr\u00ed nh\u01b0\u00a0ph\u00f2ng b\u1ebfp, ph\u00f2ng kh\u00e1ch,&#8230;<\/li>\n<li>4 b\u01b0\u1edbc l\u1ecdc t\u00edch h\u1ee3p m\u00e0ng l\u1ecdc RO+ tia c\u1ef1c t\u00edm UV l\u1ecdc s\u1ea1ch 100% n\u01b0\u1edbc tinh khi\u1ebft<\/li>\n<li>C\u00f4ng su\u1ea5t b\u1ed9 l\u1ecdc 2000 l\u00edt, thi\u1ebft k\u1ebf \u0111\u01a1n gi\u1ea3n, c\u00f3 th\u1ec3 t\u1ef1 thay l\u00f5i l\u1ecdc t\u1ea1i nh\u00e0<\/li>\n<li>T\u00ednh n\u0103ng n\u00f3ng nhi\u1ec1u c\u1ea5p \u0111\u1ed9 40-70-90 \u0111\u1ed9 C\u00a0c\u00f3 th\u1ec3 pha s\u1eefa, pha tr\u00e0, n\u1ea5u m\u00ec,&#8230;<\/li>\n<li>B\u00ecnh ch\u1ee9a 3.5 l\u00edt, l\u1ecdc n\u01b0\u1edbc t\u1ed1c \u0111\u1ed9 cao\u00a00.25 l\u00edt\/ph\u00fat \u0111\u00e1p \u1ee9ng nhu c\u1ea7u s\u1eed d\u1ee5ng<\/li>\n<li>C\u00f4ng ngh\u1ec7 t\u1ef1 \u0111\u1ed9ng l\u00e0m s\u1ea1ch l\u1ed3ng m\u00e1y \u0111\u1ea3m b\u1ea3o v\u1ec7 sinh an to\u00e0n cho thi\u1ebft b\u1ecb<\/li>\n<\/ul>\n","protected":false},"excerpt":{"rendered":"<p>Thi\u1ebft k\u1ebf nh\u1ecf g\u1ecdn ph\u00f9 h\u1ee3p v\u1edbi nhi\u1ec1u v\u1ecb tr\u00ed nh\u01b0\u00a0ph\u00f2ng b\u1ebfp, ph\u00f2ng kh\u00e1ch,&#8230; 4 b\u01b0\u1edbc l\u1ecdc t\u00edch h\u1ee3p m\u00e0ng l\u1ecdc RO+ tia c\u1ef1c t\u00edm UV l\u1ecdc s\u1ea1ch 100% n\u01b0\u1edbc tinh khi\u1ebft C\u00f4ng su\u1ea5t b\u1ed9 l\u1ecdc 2000 l\u00edt, thi\u1ebft k\u1ebf \u0111\u01a1n gi\u1ea3n, c\u00f3 th\u1ec3 t\u1ef1 thay l\u00f5i l\u1ecdc t\u1ea1i nh\u00e0 T\u00ednh n\u0103ng n\u00f3ng nhi\u1ec1u c\u1ea5p [&hellip;]<\/p>\n","protected":false},"featured_media":17046,"comment_status":"open","ping_status":"closed","template":"","meta":[],"product_brand":[],"product_cat":[187],"product_tag":[],"class_list":{"0":"post-17054","1":"product","2":"type-product","3":"status-publish","4":"has-post-thumbnail","6":"product_cat-may-uong-nuoc-nong-lanh","8":"first","9":"instock","10":"shipping-taxable","11":"product-type-simple"},"_links":{"self":[{"href":"https:\/\/legiavanphongpham.com\/index.php\/wp-json\/wp\/v2\/product\/17054","targetHints":{"allow":["GET"]}}],"collection":[{"href":"https:\/\/legiavanphongpham.com\/index.php\/wp-json\/wp\/v2\/product"}],"about":[{"href":"https:\/\/legiavanphongpham.com\/index.php\/wp-json\/wp\/v2\/types\/product"}],"replies":[{"embeddable":true,"href":"https:\/\/legiavanphongpham.com\/index.php\/wp-json\/wp\/v2\/comments?post=17054"}],"wp:featuredmedia":[{"embeddable":true,"href":"https:\/\/legiavanphongpham.com\/index.php\/wp-json\/wp\/v2\/media\/17046"}],"wp:attachment":[{"href":"https:\/\/legiavanphongpham.com\/index.php\/wp-json\/wp\/v2\/media?parent=17054"}],"wp:term":[{"taxonomy":"product_brand","embeddable":true,"href":"https:\/\/legiavanphongpham.com\/index.php\/wp-json\/wp\/v2\/product_brand?post=17054"},{"taxonomy":"product_cat","embeddable":true,"href":"https:\/\/legiavanphongpham.com\/index.php\/wp-json\/wp\/v2\/product_cat?post=17054"},{"taxonomy":"product_tag","embeddable":true,"href":"https:\/\/legiavanphongpham.com\/index.php\/wp-json\/wp\/v2\/product_tag?post=17054"}],"curies":[{"name":"wp","href":"https:\/\/api.w.org\/{rel}","templated":true}]}}