{"id":17055,"date":"2021-09-01T08:24:01","date_gmt":"2021-09-01T01:24:01","guid":{"rendered":"https:\/\/legiavanphongpham.com\/?post_type=product&#038;p=17055"},"modified":"2021-09-01T08:24:01","modified_gmt":"2021-09-01T01:24:01","slug":"tu-lanh-panasonic-inverter-420-lit-nr-bx471wgkv","status":"publish","type":"product","link":"https:\/\/legiavanphongpham.com\/index.php\/product\/tu-lanh-panasonic-inverter-420-lit-nr-bx471wgkv\/","title":{"rendered":"T\u1ee7 l\u1ea1nh Panasonic Inverter 420 l\u00edt NR-BX471WGKV"},"content":{"rendered":"<ul>\n<li>T\u1ee7 l\u1ea1nh ng\u0103n \u0111\u00e1 d\u01b0\u1edbi, dung t\u00edch 420L th\u00edch h\u1ee3p cho gia \u0111\u00ecnh kho\u1ea3ng 5 ng\u01b0\u1eddi<\/li>\n<li>Tr\u1eef th\u1ecbt c\u00e1 t\u01b0\u01a1i ngon nh\u1edd ng\u0103n \u0111\u00f4ng m\u1ec1m di\u1ec7t khu\u1ea9n 99.99% Prime Fresh+ Blue Ag+<\/li>\n<li>H\u1ec7 th\u1ed1ng l\u00e0m l\u1ea1nh Panorama l\u00e0m l\u1ea1nh th\u1ef1c ph\u1ea9m \u0111\u1ed3ng \u0111\u1ec1u nhanh ch\u00f3ng<\/li>\n<li>B\u1ed9 l\u1ecdc Ag Clean kh\u00e1ng khu\u1ea9n 99.9% gi\u00fap kh\u00f4ng kh\u00ed trong t\u1ee7 trong l\u00e0nh<\/li>\n<li>Ng\u0103n rau, c\u1ee7 gi\u1eef \u1ea9m 90% Fresh Safe duy tr\u00ec \u0111\u1ed9 t\u01b0\u01a1i ngon c\u1ee7a rau qu\u1ea3<\/li>\n<\/ul>\n","protected":false},"excerpt":{"rendered":"<p>T\u1ee7 l\u1ea1nh ng\u0103n \u0111\u00e1 d\u01b0\u1edbi, dung t\u00edch 420L th\u00edch h\u1ee3p cho gia \u0111\u00ecnh kho\u1ea3ng 5 ng\u01b0\u1eddi Tr\u1eef th\u1ecbt c\u00e1 t\u01b0\u01a1i ngon nh\u1edd ng\u0103n \u0111\u00f4ng m\u1ec1m di\u1ec7t khu\u1ea9n 99.99% Prime Fresh+ Blue Ag+ H\u1ec7 th\u1ed1ng l\u00e0m l\u1ea1nh Panorama l\u00e0m l\u1ea1nh th\u1ef1c ph\u1ea9m \u0111\u1ed3ng \u0111\u1ec1u nhanh ch\u00f3ng B\u1ed9 l\u1ecdc Ag Clean kh\u00e1ng khu\u1ea9n 99.9% gi\u00fap kh\u00f4ng kh\u00ed [&hellip;]<\/p>\n","protected":false},"featured_media":17061,"comment_status":"open","ping_status":"closed","template":"","meta":[],"product_brand":[],"product_cat":[187,189],"product_tag":[],"class_list":{"0":"post-17055","1":"product","2":"type-product","3":"status-publish","4":"has-post-thumbnail","6":"product_cat-may-uong-nuoc-nong-lanh","7":"product_cat-tu-lanh","9":"first","10":"instock","11":"shipping-taxable","12":"product-type-simple"},"_links":{"self":[{"href":"https:\/\/legiavanphongpham.com\/index.php\/wp-json\/wp\/v2\/product\/17055","targetHints":{"allow":["GET"]}}],"collection":[{"href":"https:\/\/legiavanphongpham.com\/index.php\/wp-json\/wp\/v2\/product"}],"about":[{"href":"https:\/\/legiavanphongpham.com\/index.php\/wp-json\/wp\/v2\/types\/product"}],"replies":[{"embeddable":true,"href":"https:\/\/legiavanphongpham.com\/index.php\/wp-json\/wp\/v2\/comments?post=17055"}],"wp:featuredmedia":[{"embeddable":true,"href":"https:\/\/legiavanphongpham.com\/index.php\/wp-json\/wp\/v2\/media\/17061"}],"wp:attachment":[{"href":"https:\/\/legiavanphongpham.com\/index.php\/wp-json\/wp\/v2\/media?parent=17055"}],"wp:term":[{"taxonomy":"product_brand","embeddable":true,"href":"https:\/\/legiavanphongpham.com\/index.php\/wp-json\/wp\/v2\/product_brand?post=17055"},{"taxonomy":"product_cat","embeddable":true,"href":"https:\/\/legiavanphongpham.com\/index.php\/wp-json\/wp\/v2\/product_cat?post=17055"},{"taxonomy":"product_tag","embeddable":true,"href":"https:\/\/legiavanphongpham.com\/index.php\/wp-json\/wp\/v2\/product_tag?post=17055"}],"curies":[{"name":"wp","href":"https:\/\/api.w.org\/{rel}","templated":true}]}}