{"id":17066,"date":"2021-09-01T08:24:43","date_gmt":"2021-09-01T01:24:43","guid":{"rendered":"https:\/\/legiavanphongpham.com\/?post_type=product&#038;p=17066"},"modified":"2021-09-01T08:24:43","modified_gmt":"2021-09-01T01:24:43","slug":"tu-lanh-panasonic-inverter-290-lit-nr-bv320wsvn","status":"publish","type":"product","link":"https:\/\/legiavanphongpham.com\/index.php\/product\/tu-lanh-panasonic-inverter-290-lit-nr-bv320wsvn\/","title":{"rendered":"T\u1ee7 l\u1ea1nh Panasonic Inverter 290 l\u00edt NR-BV320WSVN"},"content":{"rendered":"<ul>\n<li>Thi\u1ebft k\u1ebf ng\u0103n \u0111\u00e1 d\u01b0\u1edbi ti\u1ec7n l\u1ee3i, d\u1ec5 d\u00e0ng l\u1ea5y th\u1ef1c ph\u1ea9m<\/li>\n<li>Dung t\u00edch 290 l\u00edt ph\u00f9 h\u1ee3p v\u1edbi gia \u0111\u00ecnh c\u00f3 2 &#8211; 3 ng\u01b0\u1eddi<\/li>\n<li><a href=\"https:\/\/www.nguyenkim.com\/mua-tu-lanh-ngan-dong-mem-chon-ngay-prime-fresh-3-do-c-cua-panasonic.html\"><strong>Ng\u0103n \u0111\u00f4ng m\u1ec1m Prime Fresh<\/strong><\/a>b\u1ea3o qu\u1ea3n th\u1ecbt c\u00e1 t\u01b0\u01a1i ngo<\/li>\n<li>C\u00f4ng ngh\u1ec7 Panorama l\u00e0m l\u1ea1nh nhanh ch\u00f3ng v\u00e0 \u0111\u1ed3ng \u0111\u1ec1u<\/li>\n<li>C\u00f4ng ngh\u1ec7 Inverter v\u1eadn h\u00e0nh \u00eam \u00e1i, ti\u1ebft ki\u1ec7m \u0111i\u1ec7n n\u0103ng<\/li>\n<li><a href=\"https:\/\/www.nguyenkim.com\/econavi-cam-bien-thong-minh-tren-tu-lanh-panasonic-cho-cuoc-song-them-tien-ich.html\"><strong>C\u1ea3m bi\u1ebfn Econavi<\/strong><\/a>t\u00f9y ch\u1ec9nh theo th\u00f3i quen s\u1eed d\u1ee5ng<\/li>\n<li><a href=\"https:\/\/www.nguyenkim.com\/diet-sach-vi-khuan-gay-mui-voi-ag-clean-cua-tu-lanh-panasonic.html\"><strong>C\u00f4ng ngh\u1ec7 Ag Clean<\/strong><\/a>gi\u00fap kh\u00e1ng khu\u1ea9n kh\u1eed m\u00f9i t\u1ee7 l\u1ea1n<\/li>\n<li>Khay l\u1ea5y n\u01b0\u1edbc ngo\u00e0i ti\u1ec7n l\u1ee3i, h\u1ea1n ch\u1ebf m\u1edf c\u1eeda t\u1ee7 l\u1ea1nh<\/li>\n<\/ul>\n","protected":false},"excerpt":{"rendered":"<p>Thi\u1ebft k\u1ebf ng\u0103n \u0111\u00e1 d\u01b0\u1edbi ti\u1ec7n l\u1ee3i, d\u1ec5 d\u00e0ng l\u1ea5y th\u1ef1c ph\u1ea9m Dung t\u00edch 290 l\u00edt ph\u00f9 h\u1ee3p v\u1edbi gia \u0111\u00ecnh c\u00f3 2 &#8211; 3 ng\u01b0\u1eddi Ng\u0103n \u0111\u00f4ng m\u1ec1m Prime Freshb\u1ea3o qu\u1ea3n th\u1ecbt c\u00e1 t\u01b0\u01a1i ngo C\u00f4ng ngh\u1ec7 Panorama l\u00e0m l\u1ea1nh nhanh ch\u00f3ng v\u00e0 \u0111\u1ed3ng \u0111\u1ec1u C\u00f4ng ngh\u1ec7 Inverter v\u1eadn h\u00e0nh \u00eam \u00e1i, ti\u1ebft ki\u1ec7m [&hellip;]<\/p>\n","protected":false},"featured_media":17057,"comment_status":"open","ping_status":"closed","template":"","meta":[],"product_brand":[],"product_cat":[189],"product_tag":[],"class_list":{"0":"post-17066","1":"product","2":"type-product","3":"status-publish","4":"has-post-thumbnail","6":"product_cat-tu-lanh","8":"first","9":"instock","10":"shipping-taxable","11":"product-type-simple"},"_links":{"self":[{"href":"https:\/\/legiavanphongpham.com\/index.php\/wp-json\/wp\/v2\/product\/17066","targetHints":{"allow":["GET"]}}],"collection":[{"href":"https:\/\/legiavanphongpham.com\/index.php\/wp-json\/wp\/v2\/product"}],"about":[{"href":"https:\/\/legiavanphongpham.com\/index.php\/wp-json\/wp\/v2\/types\/product"}],"replies":[{"embeddable":true,"href":"https:\/\/legiavanphongpham.com\/index.php\/wp-json\/wp\/v2\/comments?post=17066"}],"wp:featuredmedia":[{"embeddable":true,"href":"https:\/\/legiavanphongpham.com\/index.php\/wp-json\/wp\/v2\/media\/17057"}],"wp:attachment":[{"href":"https:\/\/legiavanphongpham.com\/index.php\/wp-json\/wp\/v2\/media?parent=17066"}],"wp:term":[{"taxonomy":"product_brand","embeddable":true,"href":"https:\/\/legiavanphongpham.com\/index.php\/wp-json\/wp\/v2\/product_brand?post=17066"},{"taxonomy":"product_cat","embeddable":true,"href":"https:\/\/legiavanphongpham.com\/index.php\/wp-json\/wp\/v2\/product_cat?post=17066"},{"taxonomy":"product_tag","embeddable":true,"href":"https:\/\/legiavanphongpham.com\/index.php\/wp-json\/wp\/v2\/product_tag?post=17066"}],"curies":[{"name":"wp","href":"https:\/\/api.w.org\/{rel}","templated":true}]}}