{"id":17067,"date":"2021-09-01T08:25:30","date_gmt":"2021-09-01T01:25:30","guid":{"rendered":"https:\/\/legiavanphongpham.com\/?post_type=product&#038;p=17067"},"modified":"2021-09-01T08:25:30","modified_gmt":"2021-09-01T01:25:30","slug":"tu-lanh-panasonic-inverter-322-lit-nr-bv360gkvn","status":"publish","type":"product","link":"https:\/\/legiavanphongpham.com\/index.php\/product\/tu-lanh-panasonic-inverter-322-lit-nr-bv360gkvn\/","title":{"rendered":"T\u1ee7 l\u1ea1nh Panasonic Inverter 322 l\u00edt NR-BV360GKVN"},"content":{"rendered":"<ul>\n<li>Dung t\u00edch 322 l\u00edt th\u00edch h\u1ee3p s\u1eed d\u1ee5ng cho gia \u0111\u00ecnh 3 &#8211; 4 ng\u01b0\u1eddi<\/li>\n<li><a href=\"https:\/\/www.nguyenkim.com\/mua-tu-lanh-ngan-dong-mem-chon-ngay-prime-fresh-3-do-c-cua-panasonic.html\"><strong>Ng\u0103n \u0111\u00f4ng m\u1ec1m Prime Fresh<\/strong><\/a>b\u1ea3o qu\u1ea3n th\u1ecbt c\u00e1 t\u01b0\u01a1i ngon<\/li>\n<li>C\u00f4ng ngh\u1ec7 Inverter gi\u00fap t\u1ee7 l\u1ea1nh v\u1eadn h\u00e0ng \u00eam, ti\u1ebft ki\u1ec7m \u0111i\u1ec7n<\/li>\n<li><a href=\"https:\/\/www.nguyenkim.com\/econavi-cam-bien-thong-minh-tren-tu-lanh-panasonic-cho-cuoc-song-them-tien-ich.html\"><strong>C\u1ea3m bi\u1ebfn Econavi<\/strong><\/a>l\u00e0m l\u1ea1nh hi\u1ec7u qu\u1ea3, gi\u1ea3m l\u00e3ng ph\u00ed n\u0103ng l\u01b0\u1ee3ng<\/li>\n<li>C\u00f4ng ngh\u1ec7 Panorama l\u00e0m l\u1ea1nh nhanh ch\u00f3ng v\u00e0 \u0111\u00f4ng \u0111\u1ec1u<\/li>\n<li><a href=\"https:\/\/www.nguyenkim.com\/diet-sach-vi-khuan-gay-mui-voi-ag-clean-cua-tu-lanh-panasonic.html\"><strong>C\u00f4ng ngh\u1ec7 Ag Clean<\/strong><\/a>kh\u1eed m\u00f9i kh\u00f3 ch\u1ecbu trong t\u1ee7 l\u1ea1nh<\/li>\n<li>Ng\u0103n rau c\u1ee7 r\u1ed9ng, gi\u1eef \u1ea9m b\u1ea3o qu\u1ea3n rau c\u1ee7 t\u01b0\u01a1i ngon<\/li>\n<\/ul>\n","protected":false},"excerpt":{"rendered":"<p>Dung t\u00edch 322 l\u00edt th\u00edch h\u1ee3p s\u1eed d\u1ee5ng cho gia \u0111\u00ecnh 3 &#8211; 4 ng\u01b0\u1eddi Ng\u0103n \u0111\u00f4ng m\u1ec1m Prime Freshb\u1ea3o qu\u1ea3n th\u1ecbt c\u00e1 t\u01b0\u01a1i ngon C\u00f4ng ngh\u1ec7 Inverter gi\u00fap t\u1ee7 l\u1ea1nh v\u1eadn h\u00e0ng \u00eam, ti\u1ebft ki\u1ec7m \u0111i\u1ec7n C\u1ea3m bi\u1ebfn Econavil\u00e0m l\u1ea1nh hi\u1ec7u qu\u1ea3, gi\u1ea3m l\u00e3ng ph\u00ed n\u0103ng l\u01b0\u1ee3ng C\u00f4ng ngh\u1ec7 Panorama l\u00e0m l\u1ea1nh nhanh ch\u00f3ng [&hellip;]<\/p>\n","protected":false},"featured_media":17059,"comment_status":"open","ping_status":"closed","template":"","meta":[],"product_brand":[],"product_cat":[189],"product_tag":[],"class_list":{"0":"post-17067","1":"product","2":"type-product","3":"status-publish","4":"has-post-thumbnail","6":"product_cat-tu-lanh","8":"first","9":"instock","10":"shipping-taxable","11":"product-type-simple"},"_links":{"self":[{"href":"https:\/\/legiavanphongpham.com\/index.php\/wp-json\/wp\/v2\/product\/17067","targetHints":{"allow":["GET"]}}],"collection":[{"href":"https:\/\/legiavanphongpham.com\/index.php\/wp-json\/wp\/v2\/product"}],"about":[{"href":"https:\/\/legiavanphongpham.com\/index.php\/wp-json\/wp\/v2\/types\/product"}],"replies":[{"embeddable":true,"href":"https:\/\/legiavanphongpham.com\/index.php\/wp-json\/wp\/v2\/comments?post=17067"}],"wp:featuredmedia":[{"embeddable":true,"href":"https:\/\/legiavanphongpham.com\/index.php\/wp-json\/wp\/v2\/media\/17059"}],"wp:attachment":[{"href":"https:\/\/legiavanphongpham.com\/index.php\/wp-json\/wp\/v2\/media?parent=17067"}],"wp:term":[{"taxonomy":"product_brand","embeddable":true,"href":"https:\/\/legiavanphongpham.com\/index.php\/wp-json\/wp\/v2\/product_brand?post=17067"},{"taxonomy":"product_cat","embeddable":true,"href":"https:\/\/legiavanphongpham.com\/index.php\/wp-json\/wp\/v2\/product_cat?post=17067"},{"taxonomy":"product_tag","embeddable":true,"href":"https:\/\/legiavanphongpham.com\/index.php\/wp-json\/wp\/v2\/product_tag?post=17067"}],"curies":[{"name":"wp","href":"https:\/\/api.w.org\/{rel}","templated":true}]}}