{"id":17068,"date":"2021-09-01T08:26:08","date_gmt":"2021-09-01T01:26:08","guid":{"rendered":"https:\/\/legiavanphongpham.com\/?post_type=product&#038;p=17068"},"modified":"2021-09-01T08:26:08","modified_gmt":"2021-09-01T01:26:08","slug":"tu-lanh-samsung-inverter-380-lit-rt38k50822c-sv","status":"publish","type":"product","link":"https:\/\/legiavanphongpham.com\/index.php\/product\/tu-lanh-samsung-inverter-380-lit-rt38k50822c-sv\/","title":{"rendered":"T\u1ee7 l\u1ea1nh Samsung Inverter 380 l\u00edt RT38K50822C\/SV"},"content":{"rendered":"<ul>\n<li>C\u00f4ng ngh\u1ec7 Digital Inverter gi\u00fap gi\u1ea3m \u1ed3n, t\u0103ng tu\u1ed5i th\u1ecd ti\u1ebft ki\u1ec7m \u0111i\u1ec7n<\/li>\n<li>Dung t\u00edch 380 l\u00edt th\u00edch h\u1ee3p cho gia \u0111\u00ecnh kho\u1ea3ng 3 &#8211; 5 th\u00e0nh vi\u00ean<\/li>\n<li>C\u00f4ng ngh\u1ec7 Twin Cooling Plus gi\u1eef \u1ea9m t\u1ed1t, tr\u00e1nh l\u1eabn m\u00f9i th\u1ef1c ph\u1ea9m<\/li>\n<li>H\u1ec7 th\u1ed1ng \u0111\u00e8n LED gi\u00fap b\u1ea1n d\u1ec5 d\u00e0ng t\u00ecm ki\u1ebfm m\u00f3n \u0103n y\u00eau th\u00edch<\/li>\n<\/ul>\n","protected":false},"excerpt":{"rendered":"<p>C\u00f4ng ngh\u1ec7 Digital Inverter gi\u00fap gi\u1ea3m \u1ed3n, t\u0103ng tu\u1ed5i th\u1ecd ti\u1ebft ki\u1ec7m \u0111i\u1ec7n Dung t\u00edch 380 l\u00edt th\u00edch h\u1ee3p cho gia \u0111\u00ecnh kho\u1ea3ng 3 &#8211; 5 th\u00e0nh vi\u00ean C\u00f4ng ngh\u1ec7 Twin Cooling Plus gi\u1eef \u1ea9m t\u1ed1t, tr\u00e1nh l\u1eabn m\u00f9i th\u1ef1c ph\u1ea9m H\u1ec7 th\u1ed1ng \u0111\u00e8n LED gi\u00fap b\u1ea1n d\u1ec5 d\u00e0ng t\u00ecm ki\u1ebfm m\u00f3n \u0103n y\u00eau th\u00edch<\/p>\n","protected":false},"featured_media":17063,"comment_status":"open","ping_status":"closed","template":"","meta":[],"product_brand":[],"product_cat":[189],"product_tag":[],"class_list":{"0":"post-17068","1":"product","2":"type-product","3":"status-publish","4":"has-post-thumbnail","6":"product_cat-tu-lanh","8":"first","9":"instock","10":"shipping-taxable","11":"product-type-simple"},"_links":{"self":[{"href":"https:\/\/legiavanphongpham.com\/index.php\/wp-json\/wp\/v2\/product\/17068","targetHints":{"allow":["GET"]}}],"collection":[{"href":"https:\/\/legiavanphongpham.com\/index.php\/wp-json\/wp\/v2\/product"}],"about":[{"href":"https:\/\/legiavanphongpham.com\/index.php\/wp-json\/wp\/v2\/types\/product"}],"replies":[{"embeddable":true,"href":"https:\/\/legiavanphongpham.com\/index.php\/wp-json\/wp\/v2\/comments?post=17068"}],"wp:featuredmedia":[{"embeddable":true,"href":"https:\/\/legiavanphongpham.com\/index.php\/wp-json\/wp\/v2\/media\/17063"}],"wp:attachment":[{"href":"https:\/\/legiavanphongpham.com\/index.php\/wp-json\/wp\/v2\/media?parent=17068"}],"wp:term":[{"taxonomy":"product_brand","embeddable":true,"href":"https:\/\/legiavanphongpham.com\/index.php\/wp-json\/wp\/v2\/product_brand?post=17068"},{"taxonomy":"product_cat","embeddable":true,"href":"https:\/\/legiavanphongpham.com\/index.php\/wp-json\/wp\/v2\/product_cat?post=17068"},{"taxonomy":"product_tag","embeddable":true,"href":"https:\/\/legiavanphongpham.com\/index.php\/wp-json\/wp\/v2\/product_tag?post=17068"}],"curies":[{"name":"wp","href":"https:\/\/api.w.org\/{rel}","templated":true}]}}