{"id":17070,"date":"2021-09-01T08:27:17","date_gmt":"2021-09-01T01:27:17","guid":{"rendered":"https:\/\/legiavanphongpham.com\/?post_type=product&#038;p=17070"},"modified":"2021-09-01T08:27:17","modified_gmt":"2021-09-01T01:27:17","slug":"tu-lanh-samsung-inverter-680-lit-rs62r5001m9","status":"publish","type":"product","link":"https:\/\/legiavanphongpham.com\/index.php\/product\/tu-lanh-samsung-inverter-680-lit-rs62r5001m9\/","title":{"rendered":"T\u1ee7 l\u1ea1nh Samsung Inverter 680 l\u00edt RS62R5001M9"},"content":{"rendered":"<ul>\n<li><a href=\"https:\/\/www.nguyenkim.com\/tim-kiem.html?q=680l&amp;subcats=Y&amp;pcode_from_q=Y&amp;pshort=Y&amp;pfull=Y&amp;pname=Y&amp;pkeywords=Y&amp;search_performed=Y&amp;sort_by=relevance&amp;sort_order=asc&amp;cid=423\">T\u1ee7 l\u1ea1nh 680 l\u00edt<\/a>thu\u1eadn ti\u1ec7n t\u00ecm ki\u1ebfm v\u00e0 s\u1eafp x\u1ebfp th\u1ef1c ph\u1ea9m<\/li>\n<li>C\u00f4ng ngh\u1ec7 All Around Cooling ki\u1ec3m so\u00e1t t\u1ed1t nhi\u1ec7t \u0111\u1ed9<\/li>\n<li><a href=\"https:\/\/www.nguyenkim.com\/tu-lanh\/?features_hash=177-163002\">T\u1ee7 l\u1ea1nh Digital Inverter<\/a>m\u00e1y v\u1eadn h\u00e0nh \u00eam, ti\u1ebft ki\u1ec7m \u0111i\u1ec7n<\/li>\n<li>Ch\u1ebf \u0111\u1ed9 Power Freeze l\u00e0m \u0111\u00f4ng th\u1ef1c ph\u1ea9m nhanh ch\u00f3ng<\/li>\n<li>B\u1ed9 l\u1ecdc than ho\u1ea1t t\u00ednh lo\u1ea1i b\u1ecf vi khu\u1ea9n, m\u00f9i h\u00f4i kh\u00f3 ch\u1ecbu<\/li>\n<\/ul>\n<p>&nbsp;<\/p>\n","protected":false},"excerpt":{"rendered":"<p>T\u1ee7 l\u1ea1nh 680 l\u00edtthu\u1eadn ti\u1ec7n t\u00ecm ki\u1ebfm v\u00e0 s\u1eafp x\u1ebfp th\u1ef1c ph\u1ea9m C\u00f4ng ngh\u1ec7 All Around Cooling ki\u1ec3m so\u00e1t t\u1ed1t nhi\u1ec7t \u0111\u1ed9 T\u1ee7 l\u1ea1nh Digital Inverterm\u00e1y v\u1eadn h\u00e0nh \u00eam, ti\u1ebft ki\u1ec7m \u0111i\u1ec7n Ch\u1ebf \u0111\u1ed9 Power Freeze l\u00e0m \u0111\u00f4ng th\u1ef1c ph\u1ea9m nhanh ch\u00f3ng B\u1ed9 l\u1ecdc than ho\u1ea1t t\u00ednh lo\u1ea1i b\u1ecf vi khu\u1ea9n, m\u00f9i h\u00f4i kh\u00f3 ch\u1ecbu [&hellip;]<\/p>\n","protected":false},"featured_media":17065,"comment_status":"open","ping_status":"closed","template":"","meta":[],"product_brand":[],"product_cat":[189],"product_tag":[],"class_list":{"0":"post-17070","1":"product","2":"type-product","3":"status-publish","4":"has-post-thumbnail","6":"product_cat-tu-lanh","8":"first","9":"instock","10":"shipping-taxable","11":"product-type-simple"},"_links":{"self":[{"href":"https:\/\/legiavanphongpham.com\/index.php\/wp-json\/wp\/v2\/product\/17070","targetHints":{"allow":["GET"]}}],"collection":[{"href":"https:\/\/legiavanphongpham.com\/index.php\/wp-json\/wp\/v2\/product"}],"about":[{"href":"https:\/\/legiavanphongpham.com\/index.php\/wp-json\/wp\/v2\/types\/product"}],"replies":[{"embeddable":true,"href":"https:\/\/legiavanphongpham.com\/index.php\/wp-json\/wp\/v2\/comments?post=17070"}],"wp:featuredmedia":[{"embeddable":true,"href":"https:\/\/legiavanphongpham.com\/index.php\/wp-json\/wp\/v2\/media\/17065"}],"wp:attachment":[{"href":"https:\/\/legiavanphongpham.com\/index.php\/wp-json\/wp\/v2\/media?parent=17070"}],"wp:term":[{"taxonomy":"product_brand","embeddable":true,"href":"https:\/\/legiavanphongpham.com\/index.php\/wp-json\/wp\/v2\/product_brand?post=17070"},{"taxonomy":"product_cat","embeddable":true,"href":"https:\/\/legiavanphongpham.com\/index.php\/wp-json\/wp\/v2\/product_cat?post=17070"},{"taxonomy":"product_tag","embeddable":true,"href":"https:\/\/legiavanphongpham.com\/index.php\/wp-json\/wp\/v2\/product_tag?post=17070"}],"curies":[{"name":"wp","href":"https:\/\/api.w.org\/{rel}","templated":true}]}}