{"id":17086,"date":"2021-09-01T08:35:24","date_gmt":"2021-09-01T01:35:24","guid":{"rendered":"https:\/\/legiavanphongpham.com\/?post_type=product&#038;p=17086"},"modified":"2021-09-01T08:35:24","modified_gmt":"2021-09-01T01:35:24","slug":"smart-tivi-sony-4k-55-inch-kd-55x7500h-vn3","status":"publish","type":"product","link":"https:\/\/legiavanphongpham.com\/index.php\/product\/smart-tivi-sony-4k-55-inch-kd-55x7500h-vn3\/","title":{"rendered":"Smart Tivi Sony 4K 55 Inch KD-55X7500H VN3"},"content":{"rendered":"<ul>\n<li><a href=\"https:\/\/www.nguyenkim.com\/do-phan-giai-man-hinh-hd-fhd-4k-co-y-nghia-nhu-the-nao.html\"><strong>\u0110\u1ed9 ph\u00e2n gi\u1ea3i 4K<\/strong><\/a>hi\u1ec3n th\u1ecb h\u00ecnh \u1ea3nh s\u1eafc n\u00e9t \u0111\u1ebfn t\u1eebng chi ti\u1ebft<\/li>\n<li>Chip X1 4K Processor gi\u00fap n\u00e2ng cao ch\u1ea5t l\u01b0\u1ee3ng h\u00ecnh \u1ea3nh<\/li>\n<li>C\u00f4ng ngh\u1ec7 Triluminos Display cho h\u00ecnh \u1ea3nh t\u1ef1 nhi\u00ean, ch\u00ednh x\u00e1c<\/li>\n<li>C\u00f4ng ngh\u1ec7 X-Protection Pro ch\u1ed1ng \u1ea9m, ch\u1ed1ng b\u1ee5i, ch\u1ed1ng s\u00e9t<\/li>\n<li>\u0110i\u1ec1u khi\u1ec3n tivi b\u1eb1ng gi\u1ecdng n\u00f3i qua Remote v\u00e0 Google Assistant<\/li>\n<li><a href=\"https:\/\/www.nguyenkim.com\/nhung-dieu-can-biet-ve-smart-tivi.html\"><strong>Smart Tivi<\/strong><\/a>c\u00f3 thi\u1ebft k\u1ebf tinh t\u1ebf t\u00f4 \u0111i\u1ec3m kh\u00f4ng gian n\u1ed9i th\u1ea5t<\/li>\n<\/ul>\n","protected":false},"excerpt":{"rendered":"<p>\u0110\u1ed9 ph\u00e2n gi\u1ea3i 4Khi\u1ec3n th\u1ecb h\u00ecnh \u1ea3nh s\u1eafc n\u00e9t \u0111\u1ebfn t\u1eebng chi ti\u1ebft Chip X1 4K Processor gi\u00fap n\u00e2ng cao ch\u1ea5t l\u01b0\u1ee3ng h\u00ecnh \u1ea3nh C\u00f4ng ngh\u1ec7 Triluminos Display cho h\u00ecnh \u1ea3nh t\u1ef1 nhi\u00ean, ch\u00ednh x\u00e1c C\u00f4ng ngh\u1ec7 X-Protection Pro ch\u1ed1ng \u1ea9m, ch\u1ed1ng b\u1ee5i, ch\u1ed1ng s\u00e9t \u0110i\u1ec1u khi\u1ec3n tivi b\u1eb1ng gi\u1ecdng n\u00f3i qua Remote v\u00e0 Google [&hellip;]<\/p>\n","protected":false},"featured_media":17083,"comment_status":"open","ping_status":"closed","template":"","meta":[],"product_brand":[],"product_cat":[190],"product_tag":[],"class_list":{"0":"post-17086","1":"product","2":"type-product","3":"status-publish","4":"has-post-thumbnail","6":"product_cat-tivi","8":"first","9":"instock","10":"shipping-taxable","11":"product-type-simple"},"_links":{"self":[{"href":"https:\/\/legiavanphongpham.com\/index.php\/wp-json\/wp\/v2\/product\/17086","targetHints":{"allow":["GET"]}}],"collection":[{"href":"https:\/\/legiavanphongpham.com\/index.php\/wp-json\/wp\/v2\/product"}],"about":[{"href":"https:\/\/legiavanphongpham.com\/index.php\/wp-json\/wp\/v2\/types\/product"}],"replies":[{"embeddable":true,"href":"https:\/\/legiavanphongpham.com\/index.php\/wp-json\/wp\/v2\/comments?post=17086"}],"wp:featuredmedia":[{"embeddable":true,"href":"https:\/\/legiavanphongpham.com\/index.php\/wp-json\/wp\/v2\/media\/17083"}],"wp:attachment":[{"href":"https:\/\/legiavanphongpham.com\/index.php\/wp-json\/wp\/v2\/media?parent=17086"}],"wp:term":[{"taxonomy":"product_brand","embeddable":true,"href":"https:\/\/legiavanphongpham.com\/index.php\/wp-json\/wp\/v2\/product_brand?post=17086"},{"taxonomy":"product_cat","embeddable":true,"href":"https:\/\/legiavanphongpham.com\/index.php\/wp-json\/wp\/v2\/product_cat?post=17086"},{"taxonomy":"product_tag","embeddable":true,"href":"https:\/\/legiavanphongpham.com\/index.php\/wp-json\/wp\/v2\/product_tag?post=17086"}],"curies":[{"name":"wp","href":"https:\/\/api.w.org\/{rel}","templated":true}]}}