{"id":17089,"date":"2021-09-01T08:36:27","date_gmt":"2021-09-01T01:36:27","guid":{"rendered":"https:\/\/legiavanphongpham.com\/?post_type=product&#038;p=17089"},"modified":"2021-09-01T08:36:27","modified_gmt":"2021-09-01T01:36:27","slug":"android-tivi-sony-4k-55-inch-kd-55x9000h-vn3","status":"publish","type":"product","link":"https:\/\/legiavanphongpham.com\/index.php\/product\/android-tivi-sony-4k-55-inch-kd-55x9000h-vn3\/","title":{"rendered":"Android Tivi Sony 4K 55 inch KD-55X9000H VN3"},"content":{"rendered":"<ul>\n<li><a href=\"https:\/\/www.nguyenkim.com\/do-phan-giai-man-hinh-hd-fhd-4k-co-y-nghia-nhu-the-nao.html\"><strong>\u0110\u1ed9 ph\u00e2n gi\u1ea3i 4K<\/strong><\/a>hi\u1ec3n th\u1ecb h\u00ecnh \u1ea3nh s\u1eafc n\u00e9t \u0111\u1ebfn t\u1eebng chi ti\u1ebft<\/li>\n<li>C\u00f4ng ngh\u1ec7 Triluminos m\u1edf r\u1ed9ng d\u1ea3i m\u00e0u cho h\u00ecnh \u1ea3nh ch\u00e2n th\u1eadt<\/li>\n<li>B\u1ed9 vi x\u1eed l\u00fd 4K HDR X1 t\u0103ng c\u01b0\u1eddng \u0111\u1ed9 t\u01b0\u01a1ng ph\u1ea3n c\u1ee7a h\u00ecnh \u1ea3nh<\/li>\n<li>T\u1ea5m n\u1ec1n\u00a0Full Array LED cho h\u00ecnh \u1ea3nh s\u1eafc n\u00e9t v\u00e0 ch\u00e2n th\u1ef1c<\/li>\n<li>C\u00f4ng ngh\u1ec7 TRILUMINOS m\u1edf r\u1ed9ng d\u1ea3i s\u1eafc m\u00e0u cho h\u00ecnh \u1ea3nh<\/li>\n<li>Tr\u1ea3i nghi\u1ec7m \u00e2m nh\u1ea1c \u0111a chi\u1ec1u v\u1edbi c\u00f4ng ngh\u1ec7 Dolby Atmos<\/li>\n<li>T\u00ecm ki\u1ebfm gi\u1ecdng n\u00f3i b\u1eb1ng Ti\u1ebfng Vi\u1ec7t v\u1edbi Remote th\u00f4ng minh<\/li>\n<\/ul>\n","protected":false},"excerpt":{"rendered":"<p>\u0110\u1ed9 ph\u00e2n gi\u1ea3i 4Khi\u1ec3n th\u1ecb h\u00ecnh \u1ea3nh s\u1eafc n\u00e9t \u0111\u1ebfn t\u1eebng chi ti\u1ebft C\u00f4ng ngh\u1ec7 Triluminos m\u1edf r\u1ed9ng d\u1ea3i m\u00e0u cho h\u00ecnh \u1ea3nh ch\u00e2n th\u1eadt B\u1ed9 vi x\u1eed l\u00fd 4K HDR X1 t\u0103ng c\u01b0\u1eddng \u0111\u1ed9 t\u01b0\u01a1ng ph\u1ea3n c\u1ee7a h\u00ecnh \u1ea3nh T\u1ea5m n\u1ec1n\u00a0Full Array LED cho h\u00ecnh \u1ea3nh s\u1eafc n\u00e9t v\u00e0 ch\u00e2n th\u1ef1c C\u00f4ng ngh\u1ec7 TRILUMINOS [&hellip;]<\/p>\n","protected":false},"featured_media":17075,"comment_status":"open","ping_status":"closed","template":"","meta":[],"product_brand":[],"product_cat":[190],"product_tag":[],"class_list":{"0":"post-17089","1":"product","2":"type-product","3":"status-publish","4":"has-post-thumbnail","6":"product_cat-tivi","8":"first","9":"instock","10":"shipping-taxable","11":"product-type-simple"},"_links":{"self":[{"href":"https:\/\/legiavanphongpham.com\/index.php\/wp-json\/wp\/v2\/product\/17089","targetHints":{"allow":["GET"]}}],"collection":[{"href":"https:\/\/legiavanphongpham.com\/index.php\/wp-json\/wp\/v2\/product"}],"about":[{"href":"https:\/\/legiavanphongpham.com\/index.php\/wp-json\/wp\/v2\/types\/product"}],"replies":[{"embeddable":true,"href":"https:\/\/legiavanphongpham.com\/index.php\/wp-json\/wp\/v2\/comments?post=17089"}],"wp:featuredmedia":[{"embeddable":true,"href":"https:\/\/legiavanphongpham.com\/index.php\/wp-json\/wp\/v2\/media\/17075"}],"wp:attachment":[{"href":"https:\/\/legiavanphongpham.com\/index.php\/wp-json\/wp\/v2\/media?parent=17089"}],"wp:term":[{"taxonomy":"product_brand","embeddable":true,"href":"https:\/\/legiavanphongpham.com\/index.php\/wp-json\/wp\/v2\/product_brand?post=17089"},{"taxonomy":"product_cat","embeddable":true,"href":"https:\/\/legiavanphongpham.com\/index.php\/wp-json\/wp\/v2\/product_cat?post=17089"},{"taxonomy":"product_tag","embeddable":true,"href":"https:\/\/legiavanphongpham.com\/index.php\/wp-json\/wp\/v2\/product_tag?post=17089"}],"curies":[{"name":"wp","href":"https:\/\/api.w.org\/{rel}","templated":true}]}}