{"id":17090,"date":"2021-09-01T08:36:56","date_gmt":"2021-09-01T01:36:56","guid":{"rendered":"https:\/\/legiavanphongpham.com\/?post_type=product&#038;p=17090"},"modified":"2021-09-01T08:36:56","modified_gmt":"2021-09-01T01:36:56","slug":"android-tivi-sony-4k-75-inch-kd-75x8050h-vn3","status":"publish","type":"product","link":"https:\/\/legiavanphongpham.com\/index.php\/product\/android-tivi-sony-4k-75-inch-kd-75x8050h-vn3\/","title":{"rendered":"Android Tivi Sony 4K 75 inch KD-75X8050H VN3"},"content":{"rendered":"<ul>\n<li>Android Smart TV 75 inch khai m\u1edf th\u1ebf gi\u1eddi h\u00ecnh \u1ea3nh c\u1ee7a b\u1ea1n<\/li>\n<li>\u0110\u1ed9 ph\u00e2n gi\u1ea3i 4K UHD HDR\u00a0\u0111em l\u1ea1i nh\u1eefng s\u1eafc m\u00e0u r\u1ef1c r\u1ee1<\/li>\n<li>T\u00edch h\u1ee3p c\u00f4ng ngh\u1ec7 hi\u1ec7n \u0111\u1ea1i, hi\u1ec3n th\u1ecb m\u00e0u s\u1eafc s\u1ed1ng \u0111\u1ed9ng<\/li>\n<li>C\u00f4ng ngh\u1ec7 \u0111i\u1ec1u khi\u1ec3n b\u1eb1ng gi\u1ecdng n\u00f3i gi\u00fap l\u1ef1a ch\u1ecdn d\u1ec5 d\u00e0ng<\/li>\n<li>K\u1ebft n\u1ed1i wifi, tho\u1ea3 th\u00edch xem nh\u1eefng ch\u01b0\u01a1ng tr\u00ecnh y\u00eau th\u00edch<\/li>\n<li>H\u1ed7 tr\u1ee3 Bluetooth 4.2 hi\u1ec7n \u0111\u1ea1i cho t\u1ed1c \u0111\u1ed9 k\u1ebft n\u1ed1i nhanh ch\u00f3ng<\/li>\n<li>Trang b\u1ecb h\u1ec7 th\u1ed1ng loa ch\u1ea5t l\u01b0\u1ee3ng cao \u00e2m thanh m\u1ea1nh m\u1ebd<\/li>\n<li>\u0110i c\u00f9ng v\u1edbi \u0111i\u1ec1u khi\u1ec3n gi\u1ecdng l\u00e0 remote \u0111i\u1ec1u khi\u1ec3n t\u1eeb xa<\/li>\n<\/ul>\n","protected":false},"excerpt":{"rendered":"<p>Android Smart TV 75 inch khai m\u1edf th\u1ebf gi\u1eddi h\u00ecnh \u1ea3nh c\u1ee7a b\u1ea1n \u0110\u1ed9 ph\u00e2n gi\u1ea3i 4K UHD HDR\u00a0\u0111em l\u1ea1i nh\u1eefng s\u1eafc m\u00e0u r\u1ef1c r\u1ee1 T\u00edch h\u1ee3p c\u00f4ng ngh\u1ec7 hi\u1ec7n \u0111\u1ea1i, hi\u1ec3n th\u1ecb m\u00e0u s\u1eafc s\u1ed1ng \u0111\u1ed9ng C\u00f4ng ngh\u1ec7 \u0111i\u1ec1u khi\u1ec3n b\u1eb1ng gi\u1ecdng n\u00f3i gi\u00fap l\u1ef1a ch\u1ecdn d\u1ec5 d\u00e0ng K\u1ebft n\u1ed1i wifi, tho\u1ea3 th\u00edch xem [&hellip;]<\/p>\n","protected":false},"featured_media":17076,"comment_status":"open","ping_status":"closed","template":"","meta":[],"product_brand":[],"product_cat":[190],"product_tag":[],"class_list":{"0":"post-17090","1":"product","2":"type-product","3":"status-publish","4":"has-post-thumbnail","6":"product_cat-tivi","8":"first","9":"instock","10":"shipping-taxable","11":"product-type-simple"},"_links":{"self":[{"href":"https:\/\/legiavanphongpham.com\/index.php\/wp-json\/wp\/v2\/product\/17090","targetHints":{"allow":["GET"]}}],"collection":[{"href":"https:\/\/legiavanphongpham.com\/index.php\/wp-json\/wp\/v2\/product"}],"about":[{"href":"https:\/\/legiavanphongpham.com\/index.php\/wp-json\/wp\/v2\/types\/product"}],"replies":[{"embeddable":true,"href":"https:\/\/legiavanphongpham.com\/index.php\/wp-json\/wp\/v2\/comments?post=17090"}],"wp:featuredmedia":[{"embeddable":true,"href":"https:\/\/legiavanphongpham.com\/index.php\/wp-json\/wp\/v2\/media\/17076"}],"wp:attachment":[{"href":"https:\/\/legiavanphongpham.com\/index.php\/wp-json\/wp\/v2\/media?parent=17090"}],"wp:term":[{"taxonomy":"product_brand","embeddable":true,"href":"https:\/\/legiavanphongpham.com\/index.php\/wp-json\/wp\/v2\/product_brand?post=17090"},{"taxonomy":"product_cat","embeddable":true,"href":"https:\/\/legiavanphongpham.com\/index.php\/wp-json\/wp\/v2\/product_cat?post=17090"},{"taxonomy":"product_tag","embeddable":true,"href":"https:\/\/legiavanphongpham.com\/index.php\/wp-json\/wp\/v2\/product_tag?post=17090"}],"curies":[{"name":"wp","href":"https:\/\/api.w.org\/{rel}","templated":true}]}}