{"id":17093,"date":"2021-09-01T08:38:52","date_gmt":"2021-09-01T01:38:52","guid":{"rendered":"https:\/\/legiavanphongpham.com\/?post_type=product&#038;p=17093"},"modified":"2021-09-01T08:38:53","modified_gmt":"2021-09-01T01:38:53","slug":"smart-tivi-qled-samsung-4k-43-inch-qa43q60aakxxv","status":"publish","type":"product","link":"https:\/\/legiavanphongpham.com\/index.php\/product\/smart-tivi-qled-samsung-4k-43-inch-qa43q60aakxxv\/","title":{"rendered":"Smart Tivi QLED Samsung 4K 43 inch QA43Q60AAKXXV"},"content":{"rendered":"<ul>\n<li>M\u00e0n h\u00ecnh v\u00f4 c\u1ef1c c\u00f3 \u0111\u1ed9 ph\u00e2n gi\u1ea3i 4K (3840\u00d72160) hi\u1ec3n th\u1ecb h\u00ecnh \u1ea3nh s\u1eafc n\u00e9t<\/li>\n<li>C\u00f4ng ngh\u1ec7 Dual LED t\u0103ng c\u01b0\u1eddng \u0111\u1ed9 t\u01b0\u01a1ng ph\u1ea3n, \u0111\u1ed9 ch\u00ednh x\u00e1c c\u1ee7a m\u00e0u s\u1eafc<\/li>\n<li>C\u00f4ng ngh\u1ec7 Quantum Dot hi\u1ec3n th\u1ecb 100% d\u1ea3i m\u00e0u cho h\u00ecnh \u1ea3nh ch\u00e2n th\u1ef1c<\/li>\n<li>C\u00f4ng ngh\u1ec7 Quantum HDR mang \u0111\u1ebfn khung h\u00ecnh chi ti\u1ebft, \u0111\u1ed9 t\u01b0\u01a1ng ph\u1ea3n cao<\/li>\n<li>T\u1eadn h\u01b0\u1edfng \u00e2m thanh v\u00f2m theo chuy\u1ec3n \u0111\u1ed9ng h\u00ecnh \u1ea3nh nh\u1edd c\u00f4ng ngh\u1ec7 OTS<\/li>\n<li>Tr\u1ea3i nghi\u1ec7m h\u00ecnh \u1ea3nh m\u01b0\u1ee3t m\u00e0 v\u1edbi c\u00f4ng ngh\u1ec7 Motion Xcelerator Turbo+<\/li>\n<\/ul>\n","protected":false},"excerpt":{"rendered":"<p>M\u00e0n h\u00ecnh v\u00f4 c\u1ef1c c\u00f3 \u0111\u1ed9 ph\u00e2n gi\u1ea3i 4K (3840\u00d72160) hi\u1ec3n th\u1ecb h\u00ecnh \u1ea3nh s\u1eafc n\u00e9t C\u00f4ng ngh\u1ec7 Dual LED t\u0103ng c\u01b0\u1eddng \u0111\u1ed9 t\u01b0\u01a1ng ph\u1ea3n, \u0111\u1ed9 ch\u00ednh x\u00e1c c\u1ee7a m\u00e0u s\u1eafc C\u00f4ng ngh\u1ec7 Quantum Dot hi\u1ec3n th\u1ecb 100% d\u1ea3i m\u00e0u cho h\u00ecnh \u1ea3nh ch\u00e2n th\u1ef1c C\u00f4ng ngh\u1ec7 Quantum HDR mang \u0111\u1ebfn khung h\u00ecnh chi ti\u1ebft, [&hellip;]<\/p>\n","protected":false},"featured_media":17077,"comment_status":"open","ping_status":"closed","template":"","meta":[],"product_brand":[],"product_cat":[190],"product_tag":[],"class_list":{"0":"post-17093","1":"product","2":"type-product","3":"status-publish","4":"has-post-thumbnail","6":"product_cat-tivi","8":"first","9":"instock","10":"shipping-taxable","11":"product-type-simple"},"_links":{"self":[{"href":"https:\/\/legiavanphongpham.com\/index.php\/wp-json\/wp\/v2\/product\/17093","targetHints":{"allow":["GET"]}}],"collection":[{"href":"https:\/\/legiavanphongpham.com\/index.php\/wp-json\/wp\/v2\/product"}],"about":[{"href":"https:\/\/legiavanphongpham.com\/index.php\/wp-json\/wp\/v2\/types\/product"}],"replies":[{"embeddable":true,"href":"https:\/\/legiavanphongpham.com\/index.php\/wp-json\/wp\/v2\/comments?post=17093"}],"wp:featuredmedia":[{"embeddable":true,"href":"https:\/\/legiavanphongpham.com\/index.php\/wp-json\/wp\/v2\/media\/17077"}],"wp:attachment":[{"href":"https:\/\/legiavanphongpham.com\/index.php\/wp-json\/wp\/v2\/media?parent=17093"}],"wp:term":[{"taxonomy":"product_brand","embeddable":true,"href":"https:\/\/legiavanphongpham.com\/index.php\/wp-json\/wp\/v2\/product_brand?post=17093"},{"taxonomy":"product_cat","embeddable":true,"href":"https:\/\/legiavanphongpham.com\/index.php\/wp-json\/wp\/v2\/product_cat?post=17093"},{"taxonomy":"product_tag","embeddable":true,"href":"https:\/\/legiavanphongpham.com\/index.php\/wp-json\/wp\/v2\/product_tag?post=17093"}],"curies":[{"name":"wp","href":"https:\/\/api.w.org\/{rel}","templated":true}]}}