{"id":17094,"date":"2021-09-01T08:58:08","date_gmt":"2021-09-01T01:58:08","guid":{"rendered":"https:\/\/legiavanphongpham.com\/?post_type=product&#038;p=17094"},"modified":"2021-09-01T08:58:09","modified_gmt":"2021-09-01T01:58:09","slug":"quat-lo-senko-lts1636-den-cam","status":"publish","type":"product","link":"https:\/\/legiavanphongpham.com\/index.php\/product\/quat-lo-senko-lts1636-den-cam\/","title":{"rendered":"Qu\u1ea1t l\u1ee1 Senko LTS1636 \u0110en Cam"},"content":{"rendered":"<ul>\n<li>Qu\u1ea1t l\u1ee1 c\u00f3 thi\u1ebft k\u1ebf nh\u1ecf g\u1ecdn, m\u00e0u s\u1eafc b\u1eaft m\u1eaft<\/li>\n<li>\u0110\u01b0\u1eddng k\u00ednh qu\u1ea1t 39cm cho hi\u1ec7u qu\u1ea3 l\u00e0m m\u00e1t t\u1ed1i \u01b0u<\/li>\n<li>C\u00f4ng su\u1ea5t ho\u1ea1t \u0111\u1ed9ng 65W ti\u1ebft ki\u1ec7m n\u0103ng l\u01b0\u1ee3ng<\/li>\n<li>C\u00f3 3 t\u1ed1c \u0111\u1ed9 gi\u00f3 \u0111\u00e1p \u1ee9ng t\u1ed1t nhu c\u1ea7u s\u1eed d\u1ee5ng c\u1ee7a gia \u0111\u00ecnh<\/li>\n<li>L\u1ed3ng qu\u1ea1t s\u01a1n t\u0129nh \u0111i\u1ec7n \u0111\u1ea3m b\u1ea3o an to\u00e0n khi s\u1eed d\u1ee5ng<\/li>\n<li>L\u1ed3ng qu\u1ea1t\u00a0\u0111\u01b0\u1ee3c \u0111an kh\u00edt t\u1ea1o s\u1ef1 an to\u00e0n tuy\u1ec7t \u0111\u1ed1i cho tr\u1ebb nh\u1ecf<\/li>\n<\/ul>\n","protected":false},"excerpt":{"rendered":"<p>Qu\u1ea1t l\u1ee1 c\u00f3 thi\u1ebft k\u1ebf nh\u1ecf g\u1ecdn, m\u00e0u s\u1eafc b\u1eaft m\u1eaft \u0110\u01b0\u1eddng k\u00ednh qu\u1ea1t 39cm cho hi\u1ec7u qu\u1ea3 l\u00e0m m\u00e1t t\u1ed1i \u01b0u C\u00f4ng su\u1ea5t ho\u1ea1t \u0111\u1ed9ng 65W ti\u1ebft ki\u1ec7m n\u0103ng l\u01b0\u1ee3ng C\u00f3 3 t\u1ed1c \u0111\u1ed9 gi\u00f3 \u0111\u00e1p \u1ee9ng t\u1ed1t nhu c\u1ea7u s\u1eed d\u1ee5ng c\u1ee7a gia \u0111\u00ecnh L\u1ed3ng qu\u1ea1t s\u01a1n t\u0129nh \u0111i\u1ec7n \u0111\u1ea3m b\u1ea3o an to\u00e0n [&hellip;]<\/p>\n","protected":false},"featured_media":17097,"comment_status":"open","ping_status":"closed","template":"","meta":[],"product_brand":[],"product_cat":[191],"product_tag":[],"class_list":{"0":"post-17094","1":"product","2":"type-product","3":"status-publish","4":"has-post-thumbnail","6":"product_cat-quat-may","8":"first","9":"instock","10":"shipping-taxable","11":"product-type-simple"},"_links":{"self":[{"href":"https:\/\/legiavanphongpham.com\/index.php\/wp-json\/wp\/v2\/product\/17094","targetHints":{"allow":["GET"]}}],"collection":[{"href":"https:\/\/legiavanphongpham.com\/index.php\/wp-json\/wp\/v2\/product"}],"about":[{"href":"https:\/\/legiavanphongpham.com\/index.php\/wp-json\/wp\/v2\/types\/product"}],"replies":[{"embeddable":true,"href":"https:\/\/legiavanphongpham.com\/index.php\/wp-json\/wp\/v2\/comments?post=17094"}],"wp:featuredmedia":[{"embeddable":true,"href":"https:\/\/legiavanphongpham.com\/index.php\/wp-json\/wp\/v2\/media\/17097"}],"wp:attachment":[{"href":"https:\/\/legiavanphongpham.com\/index.php\/wp-json\/wp\/v2\/media?parent=17094"}],"wp:term":[{"taxonomy":"product_brand","embeddable":true,"href":"https:\/\/legiavanphongpham.com\/index.php\/wp-json\/wp\/v2\/product_brand?post=17094"},{"taxonomy":"product_cat","embeddable":true,"href":"https:\/\/legiavanphongpham.com\/index.php\/wp-json\/wp\/v2\/product_cat?post=17094"},{"taxonomy":"product_tag","embeddable":true,"href":"https:\/\/legiavanphongpham.com\/index.php\/wp-json\/wp\/v2\/product_tag?post=17094"}],"curies":[{"name":"wp","href":"https:\/\/api.w.org\/{rel}","templated":true}]}}