{"id":17100,"date":"2021-09-01T08:58:43","date_gmt":"2021-09-01T01:58:43","guid":{"rendered":"https:\/\/legiavanphongpham.com\/?post_type=product&#038;p=17100"},"modified":"2021-09-01T08:58:43","modified_gmt":"2021-09-01T01:58:43","slug":"quat-dung-mitsubishi-lv16-rv-sf-gy-xam-nhat","status":"publish","type":"product","link":"https:\/\/legiavanphongpham.com\/index.php\/product\/quat-dung-mitsubishi-lv16-rv-sf-gy-xam-nhat\/","title":{"rendered":"Qu\u1ea1t \u0111\u1ee9ng Mitsubishi LV16-RV SF-GY X\u00e1m nh\u1ea1t"},"content":{"rendered":"<ul>\n<li>3 t\u1ed1c \u0111\u1ed9 gi\u00f3 ti\u1ec7n \u00edch ph\u00f9 h\u1ee3p v\u1eddi nhi\u1ec1u nhu c\u1ea7u kh\u00e1c nhau<\/li>\n<li>Ch\u1ebf \u0111\u1ed9 qu\u1ea1t gi\u00f3 t\u1ef1 nhi\u00ean ch\u0103m s\u00f3c s\u1ee9c kh\u1ecfe ng\u01b0\u1eddi gi\u00e0, tr\u1ebb nh\u1ecf<\/li>\n<li>Trang b\u1ecb \u0111i\u1ec1u khi\u1ec3n t\u1eeb xa v\u00e0 ch\u1ee9c n\u0103ng h\u1eb9n gi\u1edd ti\u1ec7n l\u1ee3i<\/li>\n<li>V\u1eadn h\u00e0nh \u00eam \u00e1i, b\u1ec1n b\u1ec9, l\u00e0m m\u00e1t m\u1ea1nh m\u1ebd v\u1edbi \u0111\u1ed9 \u1ed3n th\u1ea5p<\/li>\n<li>L\u01b0\u1edbi l\u1ecdc \u1edf l\u1ed3ng qu\u1ea1t l\u1ecdc s\u1ea1ch b\u1ee5i b\u1ea9n cho kh\u00f4ng kh\u00ed s\u1ea1ch s\u1ebd<\/li>\n<li>Thay \u0111\u1ed5i \u0111\u1ed9 cao qu\u1ea1t d\u1ec5 d\u00e0ng \u0111\u00e1p \u1ee9ng nhu c\u1ea7u s\u1eed d\u1ee5ng<\/li>\n<li>Thi\u1ebft k\u1ebf sang tr\u1ecdng hi\u1ec7n \u0111\u1ea1i t\u00f4 \u0111i\u1ec3m kh\u00f4ng gian s\u1ed1ng<\/li>\n<\/ul>\n","protected":false},"excerpt":{"rendered":"<p>3 t\u1ed1c \u0111\u1ed9 gi\u00f3 ti\u1ec7n \u00edch ph\u00f9 h\u1ee3p v\u1eddi nhi\u1ec1u nhu c\u1ea7u kh\u00e1c nhau Ch\u1ebf \u0111\u1ed9 qu\u1ea1t gi\u00f3 t\u1ef1 nhi\u00ean ch\u0103m s\u00f3c s\u1ee9c kh\u1ecfe ng\u01b0\u1eddi gi\u00e0, tr\u1ebb nh\u1ecf Trang b\u1ecb \u0111i\u1ec1u khi\u1ec3n t\u1eeb xa v\u00e0 ch\u1ee9c n\u0103ng h\u1eb9n gi\u1edd ti\u1ec7n l\u1ee3i V\u1eadn h\u00e0nh \u00eam \u00e1i, b\u1ec1n b\u1ec9, l\u00e0m m\u00e1t m\u1ea1nh m\u1ebd v\u1edbi \u0111\u1ed9 \u1ed3n th\u1ea5p [&hellip;]<\/p>\n","protected":false},"featured_media":17099,"comment_status":"open","ping_status":"closed","template":"","meta":[],"product_brand":[],"product_cat":[191],"product_tag":[],"class_list":{"0":"post-17100","1":"product","2":"type-product","3":"status-publish","4":"has-post-thumbnail","6":"product_cat-quat-may","8":"first","9":"instock","10":"shipping-taxable","11":"product-type-simple"},"_links":{"self":[{"href":"https:\/\/legiavanphongpham.com\/index.php\/wp-json\/wp\/v2\/product\/17100","targetHints":{"allow":["GET"]}}],"collection":[{"href":"https:\/\/legiavanphongpham.com\/index.php\/wp-json\/wp\/v2\/product"}],"about":[{"href":"https:\/\/legiavanphongpham.com\/index.php\/wp-json\/wp\/v2\/types\/product"}],"replies":[{"embeddable":true,"href":"https:\/\/legiavanphongpham.com\/index.php\/wp-json\/wp\/v2\/comments?post=17100"}],"wp:featuredmedia":[{"embeddable":true,"href":"https:\/\/legiavanphongpham.com\/index.php\/wp-json\/wp\/v2\/media\/17099"}],"wp:attachment":[{"href":"https:\/\/legiavanphongpham.com\/index.php\/wp-json\/wp\/v2\/media?parent=17100"}],"wp:term":[{"taxonomy":"product_brand","embeddable":true,"href":"https:\/\/legiavanphongpham.com\/index.php\/wp-json\/wp\/v2\/product_brand?post=17100"},{"taxonomy":"product_cat","embeddable":true,"href":"https:\/\/legiavanphongpham.com\/index.php\/wp-json\/wp\/v2\/product_cat?post=17100"},{"taxonomy":"product_tag","embeddable":true,"href":"https:\/\/legiavanphongpham.com\/index.php\/wp-json\/wp\/v2\/product_tag?post=17100"}],"curies":[{"name":"wp","href":"https:\/\/api.w.org\/{rel}","templated":true}]}}