{"id":17101,"date":"2021-09-01T08:59:17","date_gmt":"2021-09-01T01:59:17","guid":{"rendered":"https:\/\/legiavanphongpham.com\/?post_type=product&#038;p=17101"},"modified":"2021-09-01T08:59:17","modified_gmt":"2021-09-01T01:59:17","slug":"quat-lung-tatami-mitsubishi-r16-gv-cy-rd-mau-do-dam","status":"publish","type":"product","link":"https:\/\/legiavanphongpham.com\/index.php\/product\/quat-lung-tatami-mitsubishi-r16-gv-cy-rd-mau-do-dam\/","title":{"rendered":"Qu\u1ea1t l\u1eedng Tatami Mitsubishi R16-GV CY-RD m\u00e0u \u0111\u1ecf \u0111\u1eadm"},"content":{"rendered":"<ul>\n<li>Qu\u1ea1t l\u1eedng c\u00f3 thi\u1ebft k\u1ebf sang tr\u1ecdng, tinh t\u1ebf<\/li>\n<li>C\u00f3 3 t\u1ed1c \u0111\u1ed9 gi\u00f3 \u0111\u00e1p \u1ee9ng nhu c\u1ea7u s\u1eed d\u1ee5ng c\u1ee7a gia \u0111\u00ecnh<\/li>\n<li>C\u00f4ng su\u1ea5t ho\u1ea1t \u0111\u1ed9ng 47W ti\u1ebft ki\u1ec7m n\u0103ng l\u01b0\u1ee3ng<\/li>\n<li>C\u00e1nh qu\u1ea1t 40cm b\u1eb1ng kim lo\u1ea1i b\u1ec1n b\u1ec9 v\u00e0 t\u1ea1o gi\u00f3 m\u1ea1nh m\u1ebd<\/li>\n<li>\u0110\u1ebf qu\u1ea1t c\u00f3 b\u00e1n k\u00ednh r\u1ed9ng, v\u1eefng v\u00e0ng v\u00e0 ch\u1eafc ch\u1eafn<\/li>\n<\/ul>\n","protected":false},"excerpt":{"rendered":"<p>Qu\u1ea1t l\u1eedng c\u00f3 thi\u1ebft k\u1ebf sang tr\u1ecdng, tinh t\u1ebf C\u00f3 3 t\u1ed1c \u0111\u1ed9 gi\u00f3 \u0111\u00e1p \u1ee9ng nhu c\u1ea7u s\u1eed d\u1ee5ng c\u1ee7a gia \u0111\u00ecnh C\u00f4ng su\u1ea5t ho\u1ea1t \u0111\u1ed9ng 47W ti\u1ebft ki\u1ec7m n\u0103ng l\u01b0\u1ee3ng C\u00e1nh qu\u1ea1t 40cm b\u1eb1ng kim lo\u1ea1i b\u1ec1n b\u1ec9 v\u00e0 t\u1ea1o gi\u00f3 m\u1ea1nh m\u1ebd \u0110\u1ebf qu\u1ea1t c\u00f3 b\u00e1n k\u00ednh r\u1ed9ng, v\u1eefng v\u00e0ng v\u00e0 ch\u1eafc [&hellip;]<\/p>\n","protected":false},"featured_media":17098,"comment_status":"open","ping_status":"closed","template":"","meta":[],"product_brand":[],"product_cat":[191],"product_tag":[],"class_list":{"0":"post-17101","1":"product","2":"type-product","3":"status-publish","4":"has-post-thumbnail","6":"product_cat-quat-may","8":"first","9":"instock","10":"shipping-taxable","11":"product-type-simple"},"_links":{"self":[{"href":"https:\/\/legiavanphongpham.com\/index.php\/wp-json\/wp\/v2\/product\/17101","targetHints":{"allow":["GET"]}}],"collection":[{"href":"https:\/\/legiavanphongpham.com\/index.php\/wp-json\/wp\/v2\/product"}],"about":[{"href":"https:\/\/legiavanphongpham.com\/index.php\/wp-json\/wp\/v2\/types\/product"}],"replies":[{"embeddable":true,"href":"https:\/\/legiavanphongpham.com\/index.php\/wp-json\/wp\/v2\/comments?post=17101"}],"wp:featuredmedia":[{"embeddable":true,"href":"https:\/\/legiavanphongpham.com\/index.php\/wp-json\/wp\/v2\/media\/17098"}],"wp:attachment":[{"href":"https:\/\/legiavanphongpham.com\/index.php\/wp-json\/wp\/v2\/media?parent=17101"}],"wp:term":[{"taxonomy":"product_brand","embeddable":true,"href":"https:\/\/legiavanphongpham.com\/index.php\/wp-json\/wp\/v2\/product_brand?post=17101"},{"taxonomy":"product_cat","embeddable":true,"href":"https:\/\/legiavanphongpham.com\/index.php\/wp-json\/wp\/v2\/product_cat?post=17101"},{"taxonomy":"product_tag","embeddable":true,"href":"https:\/\/legiavanphongpham.com\/index.php\/wp-json\/wp\/v2\/product_tag?post=17101"}],"curies":[{"name":"wp","href":"https:\/\/api.w.org\/{rel}","templated":true}]}}