{"id":17102,"date":"2021-09-01T09:00:21","date_gmt":"2021-09-01T02:00:21","guid":{"rendered":"https:\/\/legiavanphongpham.com\/?post_type=product&#038;p=17102"},"modified":"2021-09-01T09:00:21","modified_gmt":"2021-09-01T02:00:21","slug":"quat-ban-panasonic-f-400c-xanh","status":"publish","type":"product","link":"https:\/\/legiavanphongpham.com\/index.php\/product\/quat-ban-panasonic-f-400c-xanh\/","title":{"rendered":"Qu\u1ea1t b\u00e0n Panasonic F-400C Xanh"},"content":{"rendered":"<ul>\n<li>Qu\u1ea1t c\u00f3 thi\u1ebft k\u1ebf g\u1ecdn nh\u1eb9, ti\u1ec7n l\u1ee3i<\/li>\n<li>C\u00f3 3 t\u1ed1c \u0111\u1ed9 gi\u00f3 \u0111\u00e1p \u1ee9ng nhu c\u1ea7u s\u1eed d\u1ee5ng c\u1ee7a gia \u0111\u00ecnh<\/li>\n<li>3 c\u00e1nh qu\u1ea1t t\u1eeb nh\u1ef1a cao c\u1ea5p b\u1ec1n v\u1eefng, ch\u1eafc ch\u1eafn<\/li>\n<li>C\u00f4ng su\u1ea5t ho\u1ea1t \u0111\u1ed9ng 53.8W ti\u1ebft ki\u1ec7m n\u0103ng l\u01b0\u1ee3ng<\/li>\n<li>\u0110\u1ed9ng c\u01a1 v\u00e2n h\u00e0nh b\u1ec1n b\u1ec9, h\u1ea1n ch\u1ebf rung khi xoay h\u01b0\u1edbng gi\u00f3<\/li>\n<\/ul>\n","protected":false},"excerpt":{"rendered":"<p>Qu\u1ea1t c\u00f3 thi\u1ebft k\u1ebf g\u1ecdn nh\u1eb9, ti\u1ec7n l\u1ee3i C\u00f3 3 t\u1ed1c \u0111\u1ed9 gi\u00f3 \u0111\u00e1p \u1ee9ng nhu c\u1ea7u s\u1eed d\u1ee5ng c\u1ee7a gia \u0111\u00ecnh 3 c\u00e1nh qu\u1ea1t t\u1eeb nh\u1ef1a cao c\u1ea5p b\u1ec1n v\u1eefng, ch\u1eafc ch\u1eafn C\u00f4ng su\u1ea5t ho\u1ea1t \u0111\u1ed9ng 53.8W ti\u1ebft ki\u1ec7m n\u0103ng l\u01b0\u1ee3ng \u0110\u1ed9ng c\u01a1 v\u00e2n h\u00e0nh b\u1ec1n b\u1ec9, h\u1ea1n ch\u1ebf rung khi xoay h\u01b0\u1edbng gi\u00f3<\/p>\n","protected":false},"featured_media":17096,"comment_status":"open","ping_status":"closed","template":"","meta":[],"product_brand":[],"product_cat":[191],"product_tag":[],"class_list":{"0":"post-17102","1":"product","2":"type-product","3":"status-publish","4":"has-post-thumbnail","6":"product_cat-quat-may","8":"first","9":"instock","10":"shipping-taxable","11":"product-type-simple"},"_links":{"self":[{"href":"https:\/\/legiavanphongpham.com\/index.php\/wp-json\/wp\/v2\/product\/17102","targetHints":{"allow":["GET"]}}],"collection":[{"href":"https:\/\/legiavanphongpham.com\/index.php\/wp-json\/wp\/v2\/product"}],"about":[{"href":"https:\/\/legiavanphongpham.com\/index.php\/wp-json\/wp\/v2\/types\/product"}],"replies":[{"embeddable":true,"href":"https:\/\/legiavanphongpham.com\/index.php\/wp-json\/wp\/v2\/comments?post=17102"}],"wp:featuredmedia":[{"embeddable":true,"href":"https:\/\/legiavanphongpham.com\/index.php\/wp-json\/wp\/v2\/media\/17096"}],"wp:attachment":[{"href":"https:\/\/legiavanphongpham.com\/index.php\/wp-json\/wp\/v2\/media?parent=17102"}],"wp:term":[{"taxonomy":"product_brand","embeddable":true,"href":"https:\/\/legiavanphongpham.com\/index.php\/wp-json\/wp\/v2\/product_brand?post=17102"},{"taxonomy":"product_cat","embeddable":true,"href":"https:\/\/legiavanphongpham.com\/index.php\/wp-json\/wp\/v2\/product_cat?post=17102"},{"taxonomy":"product_tag","embeddable":true,"href":"https:\/\/legiavanphongpham.com\/index.php\/wp-json\/wp\/v2\/product_tag?post=17102"}],"curies":[{"name":"wp","href":"https:\/\/api.w.org\/{rel}","templated":true}]}}