{"id":17103,"date":"2021-09-01T09:01:30","date_gmt":"2021-09-01T02:01:30","guid":{"rendered":"https:\/\/legiavanphongpham.com\/?post_type=product&#038;p=17103"},"modified":"2021-09-01T09:01:30","modified_gmt":"2021-09-01T02:01:30","slug":"am-dun-nuoc-electrolux-eek3505","status":"publish","type":"product","link":"https:\/\/legiavanphongpham.com\/index.php\/product\/am-dun-nuoc-electrolux-eek3505\/","title":{"rendered":"\u1ea4m \u0111un n\u01b0\u1edbc Electrolux EEK3505"},"content":{"rendered":"<ul>\n<li>C\u00f4ng su\u1ea5t 2200W m\u1ea1nh m\u1ebd, dung t\u00edch 1.5L, tho\u1ea3i m\u00e1i \u0111un n\u01b0\u1edbc<\/li>\n<li>D\u00e2y \u0111i\u1ec7n d\u00e0i 100 cm, n\u00fat \u0111i\u1ec1u khi\u1ec3n th\u00e2n thi\u1ec7n, linh ho\u1ea1t h\u01a1n<\/li>\n<li>Ch\u1ea5t li\u1ec7u nh\u1ef1a cao c\u1ea5p, b\u1ec1n b\u1ec9, kh\u00f4ng ch\u1ee9a ch\u1ea5t \u0111\u1ed9c h\u1ea1i<\/li>\n<li>Ch\u00e2n \u0111\u1ebf xoay 360 \u0111\u1ed9 ti\u1ec7n d\u1ee5ng<\/li>\n<li>Kh\u1ea3 n\u0103ng t\u1ef1 ng\u1eaft \u0111i\u1ec7n khi s\u00f4i, an to\u00e0n s\u1eed d\u1ee5ng<\/li>\n<\/ul>\n","protected":false},"excerpt":{"rendered":"<p>C\u00f4ng su\u1ea5t 2200W m\u1ea1nh m\u1ebd, dung t\u00edch 1.5L, tho\u1ea3i m\u00e1i \u0111un n\u01b0\u1edbc D\u00e2y \u0111i\u1ec7n d\u00e0i 100 cm, n\u00fat \u0111i\u1ec1u khi\u1ec3n th\u00e2n thi\u1ec7n, linh ho\u1ea1t h\u01a1n Ch\u1ea5t li\u1ec7u nh\u1ef1a cao c\u1ea5p, b\u1ec1n b\u1ec9, kh\u00f4ng ch\u1ee9a ch\u1ea5t \u0111\u1ed9c h\u1ea1i Ch\u00e2n \u0111\u1ebf xoay 360 \u0111\u1ed9 ti\u1ec7n d\u1ee5ng Kh\u1ea3 n\u0103ng t\u1ef1 ng\u1eaft \u0111i\u1ec7n khi s\u00f4i, an to\u00e0n s\u1eed d\u1ee5ng<\/p>\n","protected":false},"featured_media":17108,"comment_status":"open","ping_status":"closed","template":"","meta":[],"product_brand":[],"product_cat":[192],"product_tag":[],"class_list":{"0":"post-17103","1":"product","2":"type-product","3":"status-publish","4":"has-post-thumbnail","6":"product_cat-noi-dun-nuoc","8":"first","9":"instock","10":"shipping-taxable","11":"product-type-simple"},"_links":{"self":[{"href":"https:\/\/legiavanphongpham.com\/index.php\/wp-json\/wp\/v2\/product\/17103","targetHints":{"allow":["GET"]}}],"collection":[{"href":"https:\/\/legiavanphongpham.com\/index.php\/wp-json\/wp\/v2\/product"}],"about":[{"href":"https:\/\/legiavanphongpham.com\/index.php\/wp-json\/wp\/v2\/types\/product"}],"replies":[{"embeddable":true,"href":"https:\/\/legiavanphongpham.com\/index.php\/wp-json\/wp\/v2\/comments?post=17103"}],"wp:featuredmedia":[{"embeddable":true,"href":"https:\/\/legiavanphongpham.com\/index.php\/wp-json\/wp\/v2\/media\/17108"}],"wp:attachment":[{"href":"https:\/\/legiavanphongpham.com\/index.php\/wp-json\/wp\/v2\/media?parent=17103"}],"wp:term":[{"taxonomy":"product_brand","embeddable":true,"href":"https:\/\/legiavanphongpham.com\/index.php\/wp-json\/wp\/v2\/product_brand?post=17103"},{"taxonomy":"product_cat","embeddable":true,"href":"https:\/\/legiavanphongpham.com\/index.php\/wp-json\/wp\/v2\/product_cat?post=17103"},{"taxonomy":"product_tag","embeddable":true,"href":"https:\/\/legiavanphongpham.com\/index.php\/wp-json\/wp\/v2\/product_tag?post=17103"}],"curies":[{"name":"wp","href":"https:\/\/api.w.org\/{rel}","templated":true}]}}