{"id":17109,"date":"2021-09-01T09:02:00","date_gmt":"2021-09-01T02:02:00","guid":{"rendered":"https:\/\/legiavanphongpham.com\/?post_type=product&#038;p=17109"},"modified":"2021-09-01T09:02:01","modified_gmt":"2021-09-01T02:02:01","slug":"binh-dun-sieu-toc-philips-1-5-lit-hd9306","status":"publish","type":"product","link":"https:\/\/legiavanphongpham.com\/index.php\/product\/binh-dun-sieu-toc-philips-1-5-lit-hd9306\/","title":{"rendered":"B\u00ecnh \u0111un si\u00eau t\u1ed1c Philips 1.5 l\u00edt HD9306"},"content":{"rendered":"<ul>\n<li>Dung t\u00edch 1.5 l\u00edt, c\u00f4ng su\u1ea5t 1800W n\u1ea5u n\u01b0\u1edbc nhanh ch\u00f3ng<\/li>\n<li>Ch\u1ea5t li\u1ec7u inox s\u00e1ng \u0111\u1eb9p, truy\u1ec1n nhi\u1ec7t t\u1ed1t, \u0111un s\u00f4i nhanh<\/li>\n<li>T\u1ef1 \u0111\u1ed9ng ng\u1eaft \u0111i\u1ec7n an to\u00e0n khi n\u01b0\u1edbc s\u00f4i v\u00e0 khi \u1ea5m c\u1ea1n n\u01b0\u1edbc<\/li>\n<li>C\u1ea3m bi\u1ebfn h\u01a1i n\u01b0\u1edbc, ch\u1ed1ng \u0111un s\u00f4i kh\u00f4 v\u00e0 qu\u00e1 n\u00f3ng<\/li>\n<li>D\u1ec5 d\u00e0ng nh\u1ea5c, \u0111\u1eb7t b\u00ecnh v\u00e0 xoay 360 \u0111\u1ed9 tr\u00ean \u0111\u1ebf ti\u1ebfp \u0111i\u1ec7n<\/li>\n<li>Tay c\u1ea7m c\u00e1ch nhi\u1ec7t mang \u0111\u1ebfn s\u1ef1 an to\u00e0n cho ng\u01b0\u1eddi s\u1eed d\u1ee5ng<\/li>\n<\/ul>\n<p>&nbsp;<\/p>\n","protected":false},"excerpt":{"rendered":"<p>Dung t\u00edch 1.5 l\u00edt, c\u00f4ng su\u1ea5t 1800W n\u1ea5u n\u01b0\u1edbc nhanh ch\u00f3ng Ch\u1ea5t li\u1ec7u inox s\u00e1ng \u0111\u1eb9p, truy\u1ec1n nhi\u1ec7t t\u1ed1t, \u0111un s\u00f4i nhanh T\u1ef1 \u0111\u1ed9ng ng\u1eaft \u0111i\u1ec7n an to\u00e0n khi n\u01b0\u1edbc s\u00f4i v\u00e0 khi \u1ea5m c\u1ea1n n\u01b0\u1edbc C\u1ea3m bi\u1ebfn h\u01a1i n\u01b0\u1edbc, ch\u1ed1ng \u0111un s\u00f4i kh\u00f4 v\u00e0 qu\u00e1 n\u00f3ng D\u1ec5 d\u00e0ng nh\u1ea5c, \u0111\u1eb7t b\u00ecnh v\u00e0 xoay 360 [&hellip;]<\/p>\n","protected":false},"featured_media":17104,"comment_status":"open","ping_status":"closed","template":"","meta":[],"product_brand":[],"product_cat":[192],"product_tag":[],"class_list":{"0":"post-17109","1":"product","2":"type-product","3":"status-publish","4":"has-post-thumbnail","6":"product_cat-noi-dun-nuoc","8":"first","9":"instock","10":"shipping-taxable","11":"product-type-simple"},"_links":{"self":[{"href":"https:\/\/legiavanphongpham.com\/index.php\/wp-json\/wp\/v2\/product\/17109","targetHints":{"allow":["GET"]}}],"collection":[{"href":"https:\/\/legiavanphongpham.com\/index.php\/wp-json\/wp\/v2\/product"}],"about":[{"href":"https:\/\/legiavanphongpham.com\/index.php\/wp-json\/wp\/v2\/types\/product"}],"replies":[{"embeddable":true,"href":"https:\/\/legiavanphongpham.com\/index.php\/wp-json\/wp\/v2\/comments?post=17109"}],"wp:featuredmedia":[{"embeddable":true,"href":"https:\/\/legiavanphongpham.com\/index.php\/wp-json\/wp\/v2\/media\/17104"}],"wp:attachment":[{"href":"https:\/\/legiavanphongpham.com\/index.php\/wp-json\/wp\/v2\/media?parent=17109"}],"wp:term":[{"taxonomy":"product_brand","embeddable":true,"href":"https:\/\/legiavanphongpham.com\/index.php\/wp-json\/wp\/v2\/product_brand?post=17109"},{"taxonomy":"product_cat","embeddable":true,"href":"https:\/\/legiavanphongpham.com\/index.php\/wp-json\/wp\/v2\/product_cat?post=17109"},{"taxonomy":"product_tag","embeddable":true,"href":"https:\/\/legiavanphongpham.com\/index.php\/wp-json\/wp\/v2\/product_tag?post=17109"}],"curies":[{"name":"wp","href":"https:\/\/api.w.org\/{rel}","templated":true}]}}