{"id":17110,"date":"2021-09-01T09:02:30","date_gmt":"2021-09-01T02:02:30","guid":{"rendered":"https:\/\/legiavanphongpham.com\/?post_type=product&#038;p=17110"},"modified":"2021-09-01T09:02:30","modified_gmt":"2021-09-01T02:02:30","slug":"binh-dun-sieu-toc-toshiba-1-5-lit-kt-15ds1pv","status":"publish","type":"product","link":"https:\/\/legiavanphongpham.com\/index.php\/product\/binh-dun-sieu-toc-toshiba-1-5-lit-kt-15ds1pv\/","title":{"rendered":"B\u00ecnh \u0111un si\u00eau t\u1ed1c Toshiba 1.5 L\u00edt KT-15DS1PV"},"content":{"rendered":"<ul>\n<li>\u0110un s\u00f4i n\u01b0\u1edbc nhanh ch\u00f3ng v\u1edbi c\u00f4ng su\u1ea5t 1800-2150W<\/li>\n<li>Trang b\u1ecb b\u1ed9 gia nhi\u1ec7t cao c\u1ea5p \u0111\u1ebfn t\u1eeb Anh Qu\u1ed1c: STRIX<\/li>\n<li>Ph\u1ea7n ru\u1ed9t v\u00e0 n\u1eafp trong l\u00e0m t\u1eeb th\u00e9p kh\u00f4ng g\u1ec9\u00a0SUS 304<\/li>\n<li>C\u1ea5u t\u1ea1o n\u1eafp b\u00ecnh c\u00f3 nhi\u1ec1u \u0111i\u1ec3m ng\u01b0ng t\u1ee5, gi\u1eef h\u01a1i n\u01b0\u1edbc<\/li>\n<li>N\u1eafp b\u00ecnh 2 c\u1ea5p \u0111\u1ed9 m\u1edf, thu\u1eadn ti\u1ec7n cho m\u1ee5c \u0111\u00edch s\u1eed d\u1ee5ng<\/li>\n<li>\u0110i\u1ec1u khi\u1ec3n v\u00e0 s\u1eed d\u1ee5ng d\u1ec5 d\u00e0ng ch\u1ec9 v\u1edbi thao t\u00e1c nh\u1ea5n n\u00fat<\/li>\n<li>D\u00e2y ngu\u1ed3n c\u00f3 th\u1ec3 cu\u1ed1n ng\u1ecdn, thu\u1eadn ti\u1ec7n c\u1ea5t gi\u1eef, b\u1ea3o qu\u1ea3n<\/li>\n<\/ul>\n","protected":false},"excerpt":{"rendered":"<p>\u0110un s\u00f4i n\u01b0\u1edbc nhanh ch\u00f3ng v\u1edbi c\u00f4ng su\u1ea5t 1800-2150W Trang b\u1ecb b\u1ed9 gia nhi\u1ec7t cao c\u1ea5p \u0111\u1ebfn t\u1eeb Anh Qu\u1ed1c: STRIX Ph\u1ea7n ru\u1ed9t v\u00e0 n\u1eafp trong l\u00e0m t\u1eeb th\u00e9p kh\u00f4ng g\u1ec9\u00a0SUS 304 C\u1ea5u t\u1ea1o n\u1eafp b\u00ecnh c\u00f3 nhi\u1ec1u \u0111i\u1ec3m ng\u01b0ng t\u1ee5, gi\u1eef h\u01a1i n\u01b0\u1edbc N\u1eafp b\u00ecnh 2 c\u1ea5p \u0111\u1ed9 m\u1edf, thu\u1eadn ti\u1ec7n cho m\u1ee5c \u0111\u00edch [&hellip;]<\/p>\n","protected":false},"featured_media":17106,"comment_status":"open","ping_status":"closed","template":"","meta":[],"product_brand":[],"product_cat":[192],"product_tag":[],"class_list":{"0":"post-17110","1":"product","2":"type-product","3":"status-publish","4":"has-post-thumbnail","6":"product_cat-noi-dun-nuoc","8":"first","9":"instock","10":"shipping-taxable","11":"product-type-simple"},"_links":{"self":[{"href":"https:\/\/legiavanphongpham.com\/index.php\/wp-json\/wp\/v2\/product\/17110","targetHints":{"allow":["GET"]}}],"collection":[{"href":"https:\/\/legiavanphongpham.com\/index.php\/wp-json\/wp\/v2\/product"}],"about":[{"href":"https:\/\/legiavanphongpham.com\/index.php\/wp-json\/wp\/v2\/types\/product"}],"replies":[{"embeddable":true,"href":"https:\/\/legiavanphongpham.com\/index.php\/wp-json\/wp\/v2\/comments?post=17110"}],"wp:featuredmedia":[{"embeddable":true,"href":"https:\/\/legiavanphongpham.com\/index.php\/wp-json\/wp\/v2\/media\/17106"}],"wp:attachment":[{"href":"https:\/\/legiavanphongpham.com\/index.php\/wp-json\/wp\/v2\/media?parent=17110"}],"wp:term":[{"taxonomy":"product_brand","embeddable":true,"href":"https:\/\/legiavanphongpham.com\/index.php\/wp-json\/wp\/v2\/product_brand?post=17110"},{"taxonomy":"product_cat","embeddable":true,"href":"https:\/\/legiavanphongpham.com\/index.php\/wp-json\/wp\/v2\/product_cat?post=17110"},{"taxonomy":"product_tag","embeddable":true,"href":"https:\/\/legiavanphongpham.com\/index.php\/wp-json\/wp\/v2\/product_tag?post=17110"}],"curies":[{"name":"wp","href":"https:\/\/api.w.org\/{rel}","templated":true}]}}