{"id":17111,"date":"2021-09-01T09:03:02","date_gmt":"2021-09-01T02:03:02","guid":{"rendered":"https:\/\/legiavanphongpham.com\/?post_type=product&#038;p=17111"},"modified":"2021-09-01T09:03:02","modified_gmt":"2021-09-01T02:03:02","slug":"am-dun-sieu-toc-tiger-pcd-a10w-te","status":"publish","type":"product","link":"https:\/\/legiavanphongpham.com\/index.php\/product\/am-dun-sieu-toc-tiger-pcd-a10w-te\/","title":{"rendered":"\u1ea4M \u0110UN SI\u00caU T\u1ed0C TIGER PCD-A10W (TE)"},"content":{"rendered":"<ul>\n<li>C\u00f4ng su\u1ea5t 1300W cho hi\u1ec7u qu\u1ea3 \u0111un s\u00f4i m\u1ea1nh m\u1ebd<\/li>\n<li>Thi\u1ebft k\u1ebf v\u00e1ch k\u00e9p ng\u0103n l\u1edbp v\u1ecf ngo\u00e0i c\u00e1ch nhi\u1ec7t<\/li>\n<li>Ru\u1ed9t b\u00ecnh ch\u1ed1ng d\u00ednh an to\u00e0n cho s\u1ee9c kho\u1ebb<\/li>\n<li>N\u00fat ch\u1ed1ng tr\u00e0o hi\u1ec7n \u0111\u1ea1i<\/li>\n<li>Ch\u1ebf \u0111\u1ed9 t\u1ef1 l\u00e0m s\u1ea1ch m\u00e0ng l\u1ecdc \u0111\u1ed9c \u0111\u00e1o<\/li>\n<li>Thi\u1ebft k\u1ebf v\u00e0 m\u00e0u s\u1eafc \u0111\u1ed9c \u0111\u00e1o, n\u1ed5i b\u1eadt<\/li>\n<li>T\u1ef1 ng\u1eaft \u0111i\u1ec7n khi n\u01b0\u1edbc \u0111\u00e3 s\u00f4i, ti\u1ebft ki\u1ec7m \u0111i\u1ec7n n\u0103ng<\/li>\n<\/ul>\n","protected":false},"excerpt":{"rendered":"<p>C\u00f4ng su\u1ea5t 1300W cho hi\u1ec7u qu\u1ea3 \u0111un s\u00f4i m\u1ea1nh m\u1ebd Thi\u1ebft k\u1ebf v\u00e1ch k\u00e9p ng\u0103n l\u1edbp v\u1ecf ngo\u00e0i c\u00e1ch nhi\u1ec7t Ru\u1ed9t b\u00ecnh ch\u1ed1ng d\u00ednh an to\u00e0n cho s\u1ee9c kho\u1ebb N\u00fat ch\u1ed1ng tr\u00e0o hi\u1ec7n \u0111\u1ea1i Ch\u1ebf \u0111\u1ed9 t\u1ef1 l\u00e0m s\u1ea1ch m\u00e0ng l\u1ecdc \u0111\u1ed9c \u0111\u00e1o Thi\u1ebft k\u1ebf v\u00e0 m\u00e0u s\u1eafc \u0111\u1ed9c \u0111\u00e1o, n\u1ed5i b\u1eadt T\u1ef1 ng\u1eaft \u0111i\u1ec7n [&hellip;]<\/p>\n","protected":false},"featured_media":17105,"comment_status":"open","ping_status":"closed","template":"","meta":[],"product_brand":[],"product_cat":[192],"product_tag":[],"class_list":{"0":"post-17111","1":"product","2":"type-product","3":"status-publish","4":"has-post-thumbnail","6":"product_cat-noi-dun-nuoc","8":"first","9":"instock","10":"shipping-taxable","11":"product-type-simple"},"_links":{"self":[{"href":"https:\/\/legiavanphongpham.com\/index.php\/wp-json\/wp\/v2\/product\/17111","targetHints":{"allow":["GET"]}}],"collection":[{"href":"https:\/\/legiavanphongpham.com\/index.php\/wp-json\/wp\/v2\/product"}],"about":[{"href":"https:\/\/legiavanphongpham.com\/index.php\/wp-json\/wp\/v2\/types\/product"}],"replies":[{"embeddable":true,"href":"https:\/\/legiavanphongpham.com\/index.php\/wp-json\/wp\/v2\/comments?post=17111"}],"wp:featuredmedia":[{"embeddable":true,"href":"https:\/\/legiavanphongpham.com\/index.php\/wp-json\/wp\/v2\/media\/17105"}],"wp:attachment":[{"href":"https:\/\/legiavanphongpham.com\/index.php\/wp-json\/wp\/v2\/media?parent=17111"}],"wp:term":[{"taxonomy":"product_brand","embeddable":true,"href":"https:\/\/legiavanphongpham.com\/index.php\/wp-json\/wp\/v2\/product_brand?post=17111"},{"taxonomy":"product_cat","embeddable":true,"href":"https:\/\/legiavanphongpham.com\/index.php\/wp-json\/wp\/v2\/product_cat?post=17111"},{"taxonomy":"product_tag","embeddable":true,"href":"https:\/\/legiavanphongpham.com\/index.php\/wp-json\/wp\/v2\/product_tag?post=17111"}],"curies":[{"name":"wp","href":"https:\/\/api.w.org\/{rel}","templated":true}]}}