{"id":17624,"date":"2021-09-20T15:51:05","date_gmt":"2021-09-20T08:51:05","guid":{"rendered":"https:\/\/legiavanphongpham.com\/?post_type=product&#038;p=17624"},"modified":"2021-09-20T15:51:05","modified_gmt":"2021-09-20T08:51:05","slug":"hr140hlc5","status":"publish","type":"product","link":"https:\/\/legiavanphongpham.com\/index.php\/product\/hr140hlc5\/","title":{"rendered":"HR140HLC5"},"content":{"rendered":"<p>B\u00e0n l\u00e0m vi\u1ec7c m\u1eb7t g\u1ed7 melamine khung th\u00e9p tam gi\u00e1c c\u00f3 h\u1ed9c li\u1ec1n 1 ng\u0103n k\u00e9o v\u00e0 1 c\u00e1nh m\u1edf.<\/p>\n<p>B\u00e0n c\u00f3 y\u1ebfm t\u00f4n trang tr\u00ed.<\/p>\n<p>&nbsp;<\/p>\n<p>KT: W1400 x D700 x H750 mm<\/p>\n","protected":false},"excerpt":{"rendered":"<p>B\u00e0n l\u00e0m vi\u1ec7c m\u1eb7t g\u1ed7 melamine khung th\u00e9p tam gi\u00e1c c\u00f3 h\u1ed9c li\u1ec1n 1 ng\u0103n k\u00e9o v\u00e0 1 c\u00e1nh m\u1edf. B\u00e0n c\u00f3 y\u1ebfm t\u00f4n trang tr\u00ed. &nbsp; KT: W1400 x D700 x H750 mm<\/p>\n","protected":false},"featured_media":17608,"comment_status":"open","ping_status":"closed","template":"","meta":[],"product_brand":[],"product_cat":[15],"product_tag":[],"class_list":{"0":"post-17624","1":"product","2":"type-product","3":"status-publish","4":"has-post-thumbnail","6":"product_cat-uncategorized","8":"first","9":"instock","10":"shipping-taxable","11":"product-type-simple"},"_links":{"self":[{"href":"https:\/\/legiavanphongpham.com\/index.php\/wp-json\/wp\/v2\/product\/17624","targetHints":{"allow":["GET"]}}],"collection":[{"href":"https:\/\/legiavanphongpham.com\/index.php\/wp-json\/wp\/v2\/product"}],"about":[{"href":"https:\/\/legiavanphongpham.com\/index.php\/wp-json\/wp\/v2\/types\/product"}],"replies":[{"embeddable":true,"href":"https:\/\/legiavanphongpham.com\/index.php\/wp-json\/wp\/v2\/comments?post=17624"}],"wp:featuredmedia":[{"embeddable":true,"href":"https:\/\/legiavanphongpham.com\/index.php\/wp-json\/wp\/v2\/media\/17608"}],"wp:attachment":[{"href":"https:\/\/legiavanphongpham.com\/index.php\/wp-json\/wp\/v2\/media?parent=17624"}],"wp:term":[{"taxonomy":"product_brand","embeddable":true,"href":"https:\/\/legiavanphongpham.com\/index.php\/wp-json\/wp\/v2\/product_brand?post=17624"},{"taxonomy":"product_cat","embeddable":true,"href":"https:\/\/legiavanphongpham.com\/index.php\/wp-json\/wp\/v2\/product_cat?post=17624"},{"taxonomy":"product_tag","embeddable":true,"href":"https:\/\/legiavanphongpham.com\/index.php\/wp-json\/wp\/v2\/product_tag?post=17624"}],"curies":[{"name":"wp","href":"https:\/\/api.w.org\/{rel}","templated":true}]}}