{"id":17625,"date":"2021-09-20T15:51:44","date_gmt":"2021-09-20T08:51:44","guid":{"rendered":"https:\/\/legiavanphongpham.com\/?post_type=product&#038;p=17625"},"modified":"2021-09-20T15:51:44","modified_gmt":"2021-09-20T08:51:44","slug":"sv120shl3c","status":"publish","type":"product","link":"https:\/\/legiavanphongpham.com\/index.php\/product\/sv120shl3c\/","title":{"rendered":"SV120SHL3C"},"content":{"rendered":"<p>B\u00e0n nh\u00e2n vi\u00ean g\u1ed7 melamine h\u1ed9c li\u1ec1n 03 ch\u00e2n.<\/p>\n<p>H\u1ed9c li\u1ec1n c\u00f3 01 c\u00e1nh m\u1edf v\u00e0 01 ng\u0103n k\u00e9o<\/p>\n<p>&nbsp;<\/p>\n<p>KT: W1200 x D600 x H750 (mm)<\/p>\n","protected":false},"excerpt":{"rendered":"<p>B\u00e0n nh\u00e2n vi\u00ean g\u1ed7 melamine h\u1ed9c li\u1ec1n 03 ch\u00e2n. H\u1ed9c li\u1ec1n c\u00f3 01 c\u00e1nh m\u1edf v\u00e0 01 ng\u0103n k\u00e9o &nbsp; KT: W1200 x D600 x H750 (mm)<\/p>\n","protected":false},"featured_media":17620,"comment_status":"open","ping_status":"closed","template":"","meta":[],"product_brand":[],"product_cat":[15],"product_tag":[],"class_list":{"0":"post-17625","1":"product","2":"type-product","3":"status-publish","4":"has-post-thumbnail","6":"product_cat-uncategorized","8":"first","9":"instock","10":"shipping-taxable","11":"product-type-simple"},"_links":{"self":[{"href":"https:\/\/legiavanphongpham.com\/index.php\/wp-json\/wp\/v2\/product\/17625","targetHints":{"allow":["GET"]}}],"collection":[{"href":"https:\/\/legiavanphongpham.com\/index.php\/wp-json\/wp\/v2\/product"}],"about":[{"href":"https:\/\/legiavanphongpham.com\/index.php\/wp-json\/wp\/v2\/types\/product"}],"replies":[{"embeddable":true,"href":"https:\/\/legiavanphongpham.com\/index.php\/wp-json\/wp\/v2\/comments?post=17625"}],"wp:featuredmedia":[{"embeddable":true,"href":"https:\/\/legiavanphongpham.com\/index.php\/wp-json\/wp\/v2\/media\/17620"}],"wp:attachment":[{"href":"https:\/\/legiavanphongpham.com\/index.php\/wp-json\/wp\/v2\/media?parent=17625"}],"wp:term":[{"taxonomy":"product_brand","embeddable":true,"href":"https:\/\/legiavanphongpham.com\/index.php\/wp-json\/wp\/v2\/product_brand?post=17625"},{"taxonomy":"product_cat","embeddable":true,"href":"https:\/\/legiavanphongpham.com\/index.php\/wp-json\/wp\/v2\/product_cat?post=17625"},{"taxonomy":"product_tag","embeddable":true,"href":"https:\/\/legiavanphongpham.com\/index.php\/wp-json\/wp\/v2\/product_tag?post=17625"}],"curies":[{"name":"wp","href":"https:\/\/api.w.org\/{rel}","templated":true}]}}