{"id":17626,"date":"2021-09-20T15:52:25","date_gmt":"2021-09-20T08:52:25","guid":{"rendered":"https:\/\/legiavanphongpham.com\/?post_type=product&#038;p=17626"},"modified":"2021-09-20T15:52:25","modified_gmt":"2021-09-20T08:52:25","slug":"et1400b","status":"publish","type":"product","link":"https:\/\/legiavanphongpham.com\/index.php\/product\/et1400b\/","title":{"rendered":"ET1400B"},"content":{"rendered":"<div class=\"titleName\">\n<p class=\"titleName-text\">TH\u00d4NG TIN S\u1ea2N PH\u1ea8M<\/p>\n<\/div>\n<div class=\"item-information default\">\n<p>B\u00e0n l\u00e3nh \u0111\u1ea1o c\u1ea5p trung s\u01a1n PU, m\u1eb7t b\u00e0n h\u00ecnh ch\u1eef nh\u1eadt v\u00e0 c\u00f3 h\u1ed9c li\u1ec1n 3 ng\u0103n k\u00e9o.<\/p>\n<p>&nbsp;<\/p>\n<p>KT: W1400 x D700 x H760 (mm)<\/p>\n<\/div>\n","protected":false},"excerpt":{"rendered":"<p>TH\u00d4NG TIN S\u1ea2N PH\u1ea8M B\u00e0n l\u00e3nh \u0111\u1ea1o c\u1ea5p trung s\u01a1n PU, m\u1eb7t b\u00e0n h\u00ecnh ch\u1eef nh\u1eadt v\u00e0 c\u00f3 h\u1ed9c li\u1ec1n 3 ng\u0103n k\u00e9o. &nbsp; KT: W1400 x D700 x H760 (mm)<\/p>\n","protected":false},"featured_media":17606,"comment_status":"open","ping_status":"closed","template":"","meta":[],"product_brand":[],"product_cat":[15],"product_tag":[],"class_list":{"0":"post-17626","1":"product","2":"type-product","3":"status-publish","4":"has-post-thumbnail","6":"product_cat-uncategorized","8":"first","9":"instock","10":"shipping-taxable","11":"product-type-simple"},"_links":{"self":[{"href":"https:\/\/legiavanphongpham.com\/index.php\/wp-json\/wp\/v2\/product\/17626","targetHints":{"allow":["GET"]}}],"collection":[{"href":"https:\/\/legiavanphongpham.com\/index.php\/wp-json\/wp\/v2\/product"}],"about":[{"href":"https:\/\/legiavanphongpham.com\/index.php\/wp-json\/wp\/v2\/types\/product"}],"replies":[{"embeddable":true,"href":"https:\/\/legiavanphongpham.com\/index.php\/wp-json\/wp\/v2\/comments?post=17626"}],"wp:featuredmedia":[{"embeddable":true,"href":"https:\/\/legiavanphongpham.com\/index.php\/wp-json\/wp\/v2\/media\/17606"}],"wp:attachment":[{"href":"https:\/\/legiavanphongpham.com\/index.php\/wp-json\/wp\/v2\/media?parent=17626"}],"wp:term":[{"taxonomy":"product_brand","embeddable":true,"href":"https:\/\/legiavanphongpham.com\/index.php\/wp-json\/wp\/v2\/product_brand?post=17626"},{"taxonomy":"product_cat","embeddable":true,"href":"https:\/\/legiavanphongpham.com\/index.php\/wp-json\/wp\/v2\/product_cat?post=17626"},{"taxonomy":"product_tag","embeddable":true,"href":"https:\/\/legiavanphongpham.com\/index.php\/wp-json\/wp\/v2\/product_tag?post=17626"}],"curies":[{"name":"wp","href":"https:\/\/api.w.org\/{rel}","templated":true}]}}