{"id":17628,"date":"2021-09-20T15:53:40","date_gmt":"2021-09-20T08:53:40","guid":{"rendered":"https:\/\/legiavanphongpham.com\/?post_type=product&#038;p=17628"},"modified":"2021-09-20T15:53:40","modified_gmt":"2021-09-20T08:53:40","slug":"hrmd09","status":"publish","type":"product","link":"https:\/\/legiavanphongpham.com\/index.php\/product\/hrmd09\/","title":{"rendered":"HRMD09"},"content":{"rendered":"<div class=\"titleName\">\n<p class=\"titleName-text\">TH\u00d4NG TIN S\u1ea2N PH\u1ea8M<\/p>\n<\/div>\n<div class=\"item-information default\">\n<p>Modul l\u00e0m vi\u1ec7c 2 ch\u1ed7 c\u00f3 h\u1ed9c li\u1ec1n, s\u1eed d\u1ee5ng khung th\u00e9p \u1ed1ng tam gi\u00e1c.<\/p>\n<p>M\u1eb7t b\u1eb1ng g\u1ed7 Melamine v\u00e0 c\u00f3 v\u00e1ch ng\u0103n v\u00e0 k\u1ec7 \u0111\u1ec3 t\u00e0i li\u1ec7u.<\/p>\n<p>&nbsp;<\/p>\n<p>KT: W1400 x D1406 x H1150 mm<\/p>\n<\/div>\n","protected":false},"excerpt":{"rendered":"<p>TH\u00d4NG TIN S\u1ea2N PH\u1ea8M Modul l\u00e0m vi\u1ec7c 2 ch\u1ed7 c\u00f3 h\u1ed9c li\u1ec1n, s\u1eed d\u1ee5ng khung th\u00e9p \u1ed1ng tam gi\u00e1c. M\u1eb7t b\u1eb1ng g\u1ed7 Melamine v\u00e0 c\u00f3 v\u00e1ch ng\u0103n v\u00e0 k\u1ec7 \u0111\u1ec3 t\u00e0i li\u1ec7u. &nbsp; KT: W1400 x D1406 x H1150 mm<\/p>\n","protected":false},"featured_media":17610,"comment_status":"open","ping_status":"closed","template":"","meta":[],"product_brand":[],"product_cat":[15],"product_tag":[],"class_list":{"0":"post-17628","1":"product","2":"type-product","3":"status-publish","4":"has-post-thumbnail","6":"product_cat-uncategorized","8":"first","9":"instock","10":"shipping-taxable","11":"product-type-simple"},"_links":{"self":[{"href":"https:\/\/legiavanphongpham.com\/index.php\/wp-json\/wp\/v2\/product\/17628","targetHints":{"allow":["GET"]}}],"collection":[{"href":"https:\/\/legiavanphongpham.com\/index.php\/wp-json\/wp\/v2\/product"}],"about":[{"href":"https:\/\/legiavanphongpham.com\/index.php\/wp-json\/wp\/v2\/types\/product"}],"replies":[{"embeddable":true,"href":"https:\/\/legiavanphongpham.com\/index.php\/wp-json\/wp\/v2\/comments?post=17628"}],"wp:featuredmedia":[{"embeddable":true,"href":"https:\/\/legiavanphongpham.com\/index.php\/wp-json\/wp\/v2\/media\/17610"}],"wp:attachment":[{"href":"https:\/\/legiavanphongpham.com\/index.php\/wp-json\/wp\/v2\/media?parent=17628"}],"wp:term":[{"taxonomy":"product_brand","embeddable":true,"href":"https:\/\/legiavanphongpham.com\/index.php\/wp-json\/wp\/v2\/product_brand?post=17628"},{"taxonomy":"product_cat","embeddable":true,"href":"https:\/\/legiavanphongpham.com\/index.php\/wp-json\/wp\/v2\/product_cat?post=17628"},{"taxonomy":"product_tag","embeddable":true,"href":"https:\/\/legiavanphongpham.com\/index.php\/wp-json\/wp\/v2\/product_tag?post=17628"}],"curies":[{"name":"wp","href":"https:\/\/api.w.org\/{rel}","templated":true}]}}