{"id":17629,"date":"2021-09-20T15:54:26","date_gmt":"2021-09-20T08:54:26","guid":{"rendered":"https:\/\/legiavanphongpham.com\/?post_type=product&#038;p=17629"},"modified":"2021-09-20T15:54:26","modified_gmt":"2021-09-20T08:54:26","slug":"hrmd08","status":"publish","type":"product","link":"https:\/\/legiavanphongpham.com\/index.php\/product\/hrmd08\/","title":{"rendered":"HRMD08"},"content":{"rendered":"<p>Modul l\u00e0m vi\u1ec7c 4 ch\u1ed7 h\u1ed9c li\u1ec1n, s\u1eed d\u1ee5ng khung th\u00e9p \u1ed1ng tam gi\u00e1c.<\/p>\n<p>M\u1eb7t g\u1ed7 Melamine v\u00e0 c\u00f3 v\u00e1ch ng\u0103n k\u00ednh tr\u00ean m\u1eb7t b\u00e0n.<\/p>\n<p>&nbsp;<\/p>\n<p>KT: W2800 x D1406 x H1100 (mm).<\/p>\n","protected":false},"excerpt":{"rendered":"<p>Modul l\u00e0m vi\u1ec7c 4 ch\u1ed7 h\u1ed9c li\u1ec1n, s\u1eed d\u1ee5ng khung th\u00e9p \u1ed1ng tam gi\u00e1c. M\u1eb7t g\u1ed7 Melamine v\u00e0 c\u00f3 v\u00e1ch ng\u0103n k\u00ednh tr\u00ean m\u1eb7t b\u00e0n. &nbsp; KT: W2800 x D1406 x H1100 (mm).<\/p>\n","protected":false},"featured_media":17609,"comment_status":"open","ping_status":"closed","template":"","meta":[],"product_brand":[],"product_cat":[15],"product_tag":[],"class_list":{"0":"post-17629","1":"product","2":"type-product","3":"status-publish","4":"has-post-thumbnail","6":"product_cat-uncategorized","8":"first","9":"instock","10":"shipping-taxable","11":"product-type-simple"},"_links":{"self":[{"href":"https:\/\/legiavanphongpham.com\/index.php\/wp-json\/wp\/v2\/product\/17629","targetHints":{"allow":["GET"]}}],"collection":[{"href":"https:\/\/legiavanphongpham.com\/index.php\/wp-json\/wp\/v2\/product"}],"about":[{"href":"https:\/\/legiavanphongpham.com\/index.php\/wp-json\/wp\/v2\/types\/product"}],"replies":[{"embeddable":true,"href":"https:\/\/legiavanphongpham.com\/index.php\/wp-json\/wp\/v2\/comments?post=17629"}],"wp:featuredmedia":[{"embeddable":true,"href":"https:\/\/legiavanphongpham.com\/index.php\/wp-json\/wp\/v2\/media\/17609"}],"wp:attachment":[{"href":"https:\/\/legiavanphongpham.com\/index.php\/wp-json\/wp\/v2\/media?parent=17629"}],"wp:term":[{"taxonomy":"product_brand","embeddable":true,"href":"https:\/\/legiavanphongpham.com\/index.php\/wp-json\/wp\/v2\/product_brand?post=17629"},{"taxonomy":"product_cat","embeddable":true,"href":"https:\/\/legiavanphongpham.com\/index.php\/wp-json\/wp\/v2\/product_cat?post=17629"},{"taxonomy":"product_tag","embeddable":true,"href":"https:\/\/legiavanphongpham.com\/index.php\/wp-json\/wp\/v2\/product_tag?post=17629"}],"curies":[{"name":"wp","href":"https:\/\/api.w.org\/{rel}","templated":true}]}}