{"id":17632,"date":"2021-09-20T15:56:55","date_gmt":"2021-09-20T08:56:55","guid":{"rendered":"https:\/\/legiavanphongpham.com\/?post_type=product&#038;p=17632"},"modified":"2021-09-20T15:56:55","modified_gmt":"2021-09-20T08:56:55","slug":"unmd05cs3","status":"publish","type":"product","link":"https:\/\/legiavanphongpham.com\/index.php\/product\/unmd05cs3\/","title":{"rendered":"UNMD05CS3"},"content":{"rendered":"<p>Module l\u00e0m vi\u1ec7c cho 02 ng\u01b0\u1eddi, to\u00e0n b\u1ed9 ch\u00e2n s\u1eaft, y\u1ebfm, v\u00e1ch ng\u0103n v\u00e0 h\u1ed9c \u0111\u01b0\u1ee3c s\u01a1n t\u0129nh \u0111i\u1ec7n m\u00e0u tr\u1eafng.<\/p>\n<p>Tay n\u1eafm h\u1ed9c m\u00e0u cam, m\u1eb7t b\u00e0n b\u1eb1ng g\u1ed7 melamine v\u00e0 c\u00f3 v\u00e1t c\u1ea1nh 45 \u0111\u1ed9 ph\u00eda ng\u01b0\u1eddi ng\u1ed3i<\/p>\n<p>B\u00e0n s\u1eed d\u1ee5ng 02 ch\u00e2n s\u1eaft v\u00e0 02 h\u1ed9c \u0111\u1ec3 t\u00e0i li\u1ec7u b\u1ed1 tr\u00ed \u0111\u1ed1i x\u1ee9ng, m\u1eb7t b\u00e0n c\u00f3 v\u00e1ch ng\u0103n v\u00e0 n\u1eafp \u0111i\u1ec7n \u0111i d\u00e2y.<\/p>\n<p>Ph\u00eda d\u01b0\u1edbi c\u00f3 ph\u1ea7n y\u1ebfm b\u00e0n l\u00e0 m\u00e1ng \u0111i d\u00e2y \u0111i\u1ec7n.<\/p>\n<p>&nbsp;<\/p>\n<p>KT:\u00a0W1200 x D1200 x H750 (mm)<\/p>\n","protected":false},"excerpt":{"rendered":"<p>Module l\u00e0m vi\u1ec7c cho 02 ng\u01b0\u1eddi, to\u00e0n b\u1ed9 ch\u00e2n s\u1eaft, y\u1ebfm, v\u00e1ch ng\u0103n v\u00e0 h\u1ed9c \u0111\u01b0\u1ee3c s\u01a1n t\u0129nh \u0111i\u1ec7n m\u00e0u tr\u1eafng. Tay n\u1eafm h\u1ed9c m\u00e0u cam, m\u1eb7t b\u00e0n b\u1eb1ng g\u1ed7 melamine v\u00e0 c\u00f3 v\u00e1t c\u1ea1nh 45 \u0111\u1ed9 ph\u00eda ng\u01b0\u1eddi ng\u1ed3i B\u00e0n s\u1eed d\u1ee5ng 02 ch\u00e2n s\u1eaft v\u00e0 02 h\u1ed9c \u0111\u1ec3 t\u00e0i li\u1ec7u b\u1ed1 tr\u00ed \u0111\u1ed1i [&hellip;]<\/p>\n","protected":false},"featured_media":17622,"comment_status":"open","ping_status":"closed","template":"","meta":[],"product_brand":[],"product_cat":[15],"product_tag":[],"class_list":{"0":"post-17632","1":"product","2":"type-product","3":"status-publish","4":"has-post-thumbnail","6":"product_cat-uncategorized","8":"first","9":"instock","10":"shipping-taxable","11":"product-type-simple"},"_links":{"self":[{"href":"https:\/\/legiavanphongpham.com\/index.php\/wp-json\/wp\/v2\/product\/17632","targetHints":{"allow":["GET"]}}],"collection":[{"href":"https:\/\/legiavanphongpham.com\/index.php\/wp-json\/wp\/v2\/product"}],"about":[{"href":"https:\/\/legiavanphongpham.com\/index.php\/wp-json\/wp\/v2\/types\/product"}],"replies":[{"embeddable":true,"href":"https:\/\/legiavanphongpham.com\/index.php\/wp-json\/wp\/v2\/comments?post=17632"}],"wp:featuredmedia":[{"embeddable":true,"href":"https:\/\/legiavanphongpham.com\/index.php\/wp-json\/wp\/v2\/media\/17622"}],"wp:attachment":[{"href":"https:\/\/legiavanphongpham.com\/index.php\/wp-json\/wp\/v2\/media?parent=17632"}],"wp:term":[{"taxonomy":"product_brand","embeddable":true,"href":"https:\/\/legiavanphongpham.com\/index.php\/wp-json\/wp\/v2\/product_brand?post=17632"},{"taxonomy":"product_cat","embeddable":true,"href":"https:\/\/legiavanphongpham.com\/index.php\/wp-json\/wp\/v2\/product_cat?post=17632"},{"taxonomy":"product_tag","embeddable":true,"href":"https:\/\/legiavanphongpham.com\/index.php\/wp-json\/wp\/v2\/product_tag?post=17632"}],"curies":[{"name":"wp","href":"https:\/\/api.w.org\/{rel}","templated":true}]}}