{"id":17633,"date":"2021-09-20T15:57:26","date_gmt":"2021-09-20T08:57:26","guid":{"rendered":"https:\/\/legiavanphongpham.com\/?post_type=product&#038;p=17633"},"modified":"2021-09-20T15:57:26","modified_gmt":"2021-09-20T08:57:26","slug":"unmd04cs3","status":"publish","type":"product","link":"https:\/\/legiavanphongpham.com\/index.php\/product\/unmd04cs3\/","title":{"rendered":"UNMD04CS3"},"content":{"rendered":"<p>Module l\u00e0m vi\u1ec7c ch\u1eef nh\u1eadt 4 ng\u01b0\u1eddi, c\u00f3 tay n\u1eafm \u00e2m m\u00e0u cam v\u00e0 v\u00e1ch ng\u0103n s\u1eaft s\u01a1n t\u0129nh \u0111i\u1ec7n m\u00e0u tr\u1eafng.<\/p>\n<p>M\u1eb7t b\u00e0n b\u1eb1ng g\u1ed7 melamine c\u00f3 v\u00e1t c\u1ea1nh 45 \u0111\u1ed9 ph\u00eda ng\u01b0\u1eddi ng\u1ed3i, gi\u1eefa b\u00e0n \u0111\u01b0\u1ee3c ng\u0103n c\u00e1ch b\u1eb1ng 02 t\u1ee7 ph\u1ee5, m\u1ed7i t\u1ee7 c\u00f3 02 ng\u0103n \u0111\u1ec3 \u0111\u1ed3 ri\u00eang bi\u1ec7t, b\u00ean trong c\u00f3 1 \u0111\u1ee3t di \u0111\u1ed9ng<\/p>\n<p>(Kh\u00f4ng bao g\u1ed3m h\u1ed9c r\u1eddi, decor v\u00e0 khay \u0111\u1ef1ng b\u00fat)<\/p>\n<p>&nbsp;<\/p>\n<p>KT:\u00a0W2750 x D1200 x H750 (mm)<\/p>\n","protected":false},"excerpt":{"rendered":"<p>Module l\u00e0m vi\u1ec7c ch\u1eef nh\u1eadt 4 ng\u01b0\u1eddi, c\u00f3 tay n\u1eafm \u00e2m m\u00e0u cam v\u00e0 v\u00e1ch ng\u0103n s\u1eaft s\u01a1n t\u0129nh \u0111i\u1ec7n m\u00e0u tr\u1eafng. M\u1eb7t b\u00e0n b\u1eb1ng g\u1ed7 melamine c\u00f3 v\u00e1t c\u1ea1nh 45 \u0111\u1ed9 ph\u00eda ng\u01b0\u1eddi ng\u1ed3i, gi\u1eefa b\u00e0n \u0111\u01b0\u1ee3c ng\u0103n c\u00e1ch b\u1eb1ng 02 t\u1ee7 ph\u1ee5, m\u1ed7i t\u1ee7 c\u00f3 02 ng\u0103n \u0111\u1ec3 \u0111\u1ed3 ri\u00eang bi\u1ec7t, b\u00ean trong [&hellip;]<\/p>\n","protected":false},"featured_media":17621,"comment_status":"open","ping_status":"closed","template":"","meta":[],"product_brand":[],"product_cat":[15],"product_tag":[],"class_list":{"0":"post-17633","1":"product","2":"type-product","3":"status-publish","4":"has-post-thumbnail","6":"product_cat-uncategorized","8":"first","9":"instock","10":"shipping-taxable","11":"product-type-simple"},"_links":{"self":[{"href":"https:\/\/legiavanphongpham.com\/index.php\/wp-json\/wp\/v2\/product\/17633","targetHints":{"allow":["GET"]}}],"collection":[{"href":"https:\/\/legiavanphongpham.com\/index.php\/wp-json\/wp\/v2\/product"}],"about":[{"href":"https:\/\/legiavanphongpham.com\/index.php\/wp-json\/wp\/v2\/types\/product"}],"replies":[{"embeddable":true,"href":"https:\/\/legiavanphongpham.com\/index.php\/wp-json\/wp\/v2\/comments?post=17633"}],"wp:featuredmedia":[{"embeddable":true,"href":"https:\/\/legiavanphongpham.com\/index.php\/wp-json\/wp\/v2\/media\/17621"}],"wp:attachment":[{"href":"https:\/\/legiavanphongpham.com\/index.php\/wp-json\/wp\/v2\/media?parent=17633"}],"wp:term":[{"taxonomy":"product_brand","embeddable":true,"href":"https:\/\/legiavanphongpham.com\/index.php\/wp-json\/wp\/v2\/product_brand?post=17633"},{"taxonomy":"product_cat","embeddable":true,"href":"https:\/\/legiavanphongpham.com\/index.php\/wp-json\/wp\/v2\/product_cat?post=17633"},{"taxonomy":"product_tag","embeddable":true,"href":"https:\/\/legiavanphongpham.com\/index.php\/wp-json\/wp\/v2\/product_tag?post=17633"}],"curies":[{"name":"wp","href":"https:\/\/api.w.org\/{rel}","templated":true}]}}