{"id":17638,"date":"2021-09-20T16:02:04","date_gmt":"2021-09-20T09:02:04","guid":{"rendered":"https:\/\/legiavanphongpham.com\/?post_type=product&#038;p=17638"},"modified":"2021-09-20T16:05:10","modified_gmt":"2021-09-20T09:05:10","slug":"ma-san-pham","status":"publish","type":"product","link":"https:\/\/legiavanphongpham.com\/index.php\/product\/ma-san-pham\/","title":{"rendered":"LUXP160C10"},"content":{"rendered":"<p>B\u00e0n l\u00e3nh \u0111\u1ea1o Luxury cao c\u1ea5p s\u1eed d\u1ee5ng khung th\u00e9p d\u1eadp \u0111\u1ecbnh h\u00ecnh s\u01a1n t\u0129nh \u0111i\u1ec7n.<\/p>\n<p>B\u00e0n k\u1ebft h\u1ee3p m\u1eb7t g\u1ed7 Melamine cao c\u1ea5p, y\u1ebfm s\u01a1n PU v\u00e0 c\u00f3 t\u1ee7 ph\u1ee5 \u0111i k\u00e8m<\/p>\n<p>&nbsp;<\/p>\n<p>KT: W1600 x D1850 x H750 (mm).<\/p>\n","protected":false},"excerpt":{"rendered":"<p>B\u00e0n l\u00e3nh \u0111\u1ea1o Luxury cao c\u1ea5p s\u1eed d\u1ee5ng khung th\u00e9p d\u1eadp \u0111\u1ecbnh h\u00ecnh s\u01a1n t\u0129nh \u0111i\u1ec7n. B\u00e0n k\u1ebft h\u1ee3p m\u1eb7t g\u1ed7 Melamine cao c\u1ea5p, y\u1ebfm s\u01a1n PU v\u00e0 c\u00f3 t\u1ee7 ph\u1ee5 \u0111i k\u00e8m &nbsp; KT: W1600 x D1850 x H750 (mm).<\/p>\n","protected":false},"featured_media":17615,"comment_status":"open","ping_status":"closed","template":"","meta":[],"product_brand":[],"product_cat":[15],"product_tag":[],"class_list":{"0":"post-17638","1":"product","2":"type-product","3":"status-publish","4":"has-post-thumbnail","6":"product_cat-uncategorized","8":"first","9":"instock","10":"shipping-taxable","11":"product-type-simple"},"_links":{"self":[{"href":"https:\/\/legiavanphongpham.com\/index.php\/wp-json\/wp\/v2\/product\/17638","targetHints":{"allow":["GET"]}}],"collection":[{"href":"https:\/\/legiavanphongpham.com\/index.php\/wp-json\/wp\/v2\/product"}],"about":[{"href":"https:\/\/legiavanphongpham.com\/index.php\/wp-json\/wp\/v2\/types\/product"}],"replies":[{"embeddable":true,"href":"https:\/\/legiavanphongpham.com\/index.php\/wp-json\/wp\/v2\/comments?post=17638"}],"wp:featuredmedia":[{"embeddable":true,"href":"https:\/\/legiavanphongpham.com\/index.php\/wp-json\/wp\/v2\/media\/17615"}],"wp:attachment":[{"href":"https:\/\/legiavanphongpham.com\/index.php\/wp-json\/wp\/v2\/media?parent=17638"}],"wp:term":[{"taxonomy":"product_brand","embeddable":true,"href":"https:\/\/legiavanphongpham.com\/index.php\/wp-json\/wp\/v2\/product_brand?post=17638"},{"taxonomy":"product_cat","embeddable":true,"href":"https:\/\/legiavanphongpham.com\/index.php\/wp-json\/wp\/v2\/product_cat?post=17638"},{"taxonomy":"product_tag","embeddable":true,"href":"https:\/\/legiavanphongpham.com\/index.php\/wp-json\/wp\/v2\/product_tag?post=17638"}],"curies":[{"name":"wp","href":"https:\/\/api.w.org\/{rel}","templated":true}]}}