{"id":17641,"date":"2021-09-20T16:07:47","date_gmt":"2021-09-20T09:07:47","guid":{"rendered":"https:\/\/legiavanphongpham.com\/?post_type=product&#038;p=17641"},"modified":"2021-09-20T16:07:47","modified_gmt":"2021-09-20T09:07:47","slug":"luxb2620v4","status":"publish","type":"product","link":"https:\/\/legiavanphongpham.com\/index.php\/product\/luxb2620v4\/","title":{"rendered":"LUXB2620V4"},"content":{"rendered":"<p>B\u00e0n l\u00e3nh \u0111\u1ea1o Luxury cao c\u1ea5p g\u1ed7 c\u00f4ng nghi\u1ec7p ph\u1ee7 Melamine ch\u1ea5t l\u01b0\u1ee3ng cao.<\/p>\n<p>B\u00e0n c\u00f3 t\u1ee7 ph\u1ee5 \u0111i k\u00e8m v\u00e0 s\u1eed d\u1ee5ng h\u1ed9p \u0111i\u1ec7n cao c\u1ea5p t\u1ea1o n\u00ean s\u1ef1 sang tr\u1ecdng &#8211; \u0111\u1eb3ng c\u1ea5p.<\/p>\n<p>&nbsp;<\/p>\n<p>KT: W2650 x D1900 x H760 (mm)<\/p>\n","protected":false},"excerpt":{"rendered":"<p>B\u00e0n l\u00e3nh \u0111\u1ea1o Luxury cao c\u1ea5p g\u1ed7 c\u00f4ng nghi\u1ec7p ph\u1ee7 Melamine ch\u1ea5t l\u01b0\u1ee3ng cao. B\u00e0n c\u00f3 t\u1ee7 ph\u1ee5 \u0111i k\u00e8m v\u00e0 s\u1eed d\u1ee5ng h\u1ed9p \u0111i\u1ec7n cao c\u1ea5p t\u1ea1o n\u00ean s\u1ef1 sang tr\u1ecdng &#8211; \u0111\u1eb3ng c\u1ea5p. &nbsp; KT: W2650 x D1900 x H760 (mm)<\/p>\n","protected":false},"featured_media":17642,"comment_status":"open","ping_status":"closed","template":"","meta":[],"product_brand":[],"product_cat":[15],"product_tag":[],"class_list":{"0":"post-17641","1":"product","2":"type-product","3":"status-publish","4":"has-post-thumbnail","6":"product_cat-uncategorized","8":"first","9":"instock","10":"shipping-taxable","11":"product-type-simple"},"_links":{"self":[{"href":"https:\/\/legiavanphongpham.com\/index.php\/wp-json\/wp\/v2\/product\/17641","targetHints":{"allow":["GET"]}}],"collection":[{"href":"https:\/\/legiavanphongpham.com\/index.php\/wp-json\/wp\/v2\/product"}],"about":[{"href":"https:\/\/legiavanphongpham.com\/index.php\/wp-json\/wp\/v2\/types\/product"}],"replies":[{"embeddable":true,"href":"https:\/\/legiavanphongpham.com\/index.php\/wp-json\/wp\/v2\/comments?post=17641"}],"wp:featuredmedia":[{"embeddable":true,"href":"https:\/\/legiavanphongpham.com\/index.php\/wp-json\/wp\/v2\/media\/17642"}],"wp:attachment":[{"href":"https:\/\/legiavanphongpham.com\/index.php\/wp-json\/wp\/v2\/media?parent=17641"}],"wp:term":[{"taxonomy":"product_brand","embeddable":true,"href":"https:\/\/legiavanphongpham.com\/index.php\/wp-json\/wp\/v2\/product_brand?post=17641"},{"taxonomy":"product_cat","embeddable":true,"href":"https:\/\/legiavanphongpham.com\/index.php\/wp-json\/wp\/v2\/product_cat?post=17641"},{"taxonomy":"product_tag","embeddable":true,"href":"https:\/\/legiavanphongpham.com\/index.php\/wp-json\/wp\/v2\/product_tag?post=17641"}],"curies":[{"name":"wp","href":"https:\/\/api.w.org\/{rel}","templated":true}]}}