{"id":17669,"date":"2021-09-20T16:45:22","date_gmt":"2021-09-20T09:45:22","guid":{"rendered":"https:\/\/legiavanphongpham.com\/?post_type=product&#038;p=17669"},"modified":"2021-09-20T16:45:22","modified_gmt":"2021-09-20T09:45:22","slug":"dt1890h15","status":"publish","type":"product","link":"https:\/\/legiavanphongpham.com\/index.php\/product\/dt1890h15\/","title":{"rendered":"DT1890H15"},"content":{"rendered":"<p>B\u00e0n l\u00e3nh \u0111\u1ea1o s\u01a1n PU cao c\u1ea5p m\u1eb7t ch\u1eef nh\u1eadt,\u00a0c\u00f3 c\u00e1c t\u1ea5m PVC caro trang tr\u00ed.<\/p>\n<p>&nbsp;<\/p>\n<p>KT: W1800 x D900 x H760 (mm)<\/p>\n","protected":false},"excerpt":{"rendered":"<p>B\u00e0n l\u00e3nh \u0111\u1ea1o s\u01a1n PU cao c\u1ea5p m\u1eb7t ch\u1eef nh\u1eadt,\u00a0c\u00f3 c\u00e1c t\u1ea5m PVC caro trang tr\u00ed. &nbsp; KT: W1800 x D900 x H760 (mm)<\/p>\n","protected":false},"featured_media":17653,"comment_status":"open","ping_status":"closed","template":"","meta":[],"product_brand":[],"product_cat":[163],"product_tag":[],"class_list":{"0":"post-17669","1":"product","2":"type-product","3":"status-publish","4":"has-post-thumbnail","6":"product_cat-ban-giam-doc","8":"first","9":"instock","10":"shipping-taxable","11":"purchasable","12":"product-type-simple"},"_links":{"self":[{"href":"https:\/\/legiavanphongpham.com\/index.php\/wp-json\/wp\/v2\/product\/17669","targetHints":{"allow":["GET"]}}],"collection":[{"href":"https:\/\/legiavanphongpham.com\/index.php\/wp-json\/wp\/v2\/product"}],"about":[{"href":"https:\/\/legiavanphongpham.com\/index.php\/wp-json\/wp\/v2\/types\/product"}],"replies":[{"embeddable":true,"href":"https:\/\/legiavanphongpham.com\/index.php\/wp-json\/wp\/v2\/comments?post=17669"}],"wp:featuredmedia":[{"embeddable":true,"href":"https:\/\/legiavanphongpham.com\/index.php\/wp-json\/wp\/v2\/media\/17653"}],"wp:attachment":[{"href":"https:\/\/legiavanphongpham.com\/index.php\/wp-json\/wp\/v2\/media?parent=17669"}],"wp:term":[{"taxonomy":"product_brand","embeddable":true,"href":"https:\/\/legiavanphongpham.com\/index.php\/wp-json\/wp\/v2\/product_brand?post=17669"},{"taxonomy":"product_cat","embeddable":true,"href":"https:\/\/legiavanphongpham.com\/index.php\/wp-json\/wp\/v2\/product_cat?post=17669"},{"taxonomy":"product_tag","embeddable":true,"href":"https:\/\/legiavanphongpham.com\/index.php\/wp-json\/wp\/v2\/product_tag?post=17669"}],"curies":[{"name":"wp","href":"https:\/\/api.w.org\/{rel}","templated":true}]}}