{"id":17671,"date":"2021-09-20T16:47:29","date_gmt":"2021-09-20T09:47:29","guid":{"rendered":"https:\/\/legiavanphongpham.com\/?post_type=product&#038;p=17671"},"modified":"2021-09-20T16:47:30","modified_gmt":"2021-09-20T09:47:30","slug":"dt1890h17","status":"publish","type":"product","link":"https:\/\/legiavanphongpham.com\/index.php\/product\/dt1890h17\/","title":{"rendered":"DT1890H17"},"content":{"rendered":"<p>B\u00e0n l\u00e3nh \u0111\u1ea1o s\u01a1n PU cao c\u1ea5p m\u1eb7t l\u01b0\u1ee3n cong, y\u1ebfm b\u00e0n \u1ed1p n\u1ed5i t\u1ea5m PVC \u0111en.<\/p>\n<p>Ch\u00e2n b\u00e0n \u0111\u01b0\u1ee3c gh\u00e9p h\u1ed9p ch\u1eef L v\u00e0 ph\u00eda tr\u01b0\u1edbc soi ch\u1ec9 s\u01a1n \u0111en trang tr\u00ed.<\/p>\n<p>&nbsp;<\/p>\n<p>KT: W1800 x D900 x H760 (mm).<\/p>\n","protected":false},"excerpt":{"rendered":"<p>B\u00e0n l\u00e3nh \u0111\u1ea1o s\u01a1n PU cao c\u1ea5p m\u1eb7t l\u01b0\u1ee3n cong, y\u1ebfm b\u00e0n \u1ed1p n\u1ed5i t\u1ea5m PVC \u0111en. Ch\u00e2n b\u00e0n \u0111\u01b0\u1ee3c gh\u00e9p h\u1ed9p ch\u1eef L v\u00e0 ph\u00eda tr\u01b0\u1edbc soi ch\u1ec9 s\u01a1n \u0111en trang tr\u00ed. &nbsp; KT: W1800 x D900 x H760 (mm).<\/p>\n","protected":false},"featured_media":17655,"comment_status":"open","ping_status":"closed","template":"","meta":[],"product_brand":[],"product_cat":[163],"product_tag":[],"class_list":{"0":"post-17671","1":"product","2":"type-product","3":"status-publish","4":"has-post-thumbnail","6":"product_cat-ban-giam-doc","8":"first","9":"instock","10":"shipping-taxable","11":"purchasable","12":"product-type-simple"},"_links":{"self":[{"href":"https:\/\/legiavanphongpham.com\/index.php\/wp-json\/wp\/v2\/product\/17671","targetHints":{"allow":["GET"]}}],"collection":[{"href":"https:\/\/legiavanphongpham.com\/index.php\/wp-json\/wp\/v2\/product"}],"about":[{"href":"https:\/\/legiavanphongpham.com\/index.php\/wp-json\/wp\/v2\/types\/product"}],"replies":[{"embeddable":true,"href":"https:\/\/legiavanphongpham.com\/index.php\/wp-json\/wp\/v2\/comments?post=17671"}],"wp:featuredmedia":[{"embeddable":true,"href":"https:\/\/legiavanphongpham.com\/index.php\/wp-json\/wp\/v2\/media\/17655"}],"wp:attachment":[{"href":"https:\/\/legiavanphongpham.com\/index.php\/wp-json\/wp\/v2\/media?parent=17671"}],"wp:term":[{"taxonomy":"product_brand","embeddable":true,"href":"https:\/\/legiavanphongpham.com\/index.php\/wp-json\/wp\/v2\/product_brand?post=17671"},{"taxonomy":"product_cat","embeddable":true,"href":"https:\/\/legiavanphongpham.com\/index.php\/wp-json\/wp\/v2\/product_cat?post=17671"},{"taxonomy":"product_tag","embeddable":true,"href":"https:\/\/legiavanphongpham.com\/index.php\/wp-json\/wp\/v2\/product_tag?post=17671"}],"curies":[{"name":"wp","href":"https:\/\/api.w.org\/{rel}","templated":true}]}}