{"id":17673,"date":"2021-09-20T16:55:59","date_gmt":"2021-09-20T09:55:59","guid":{"rendered":"https:\/\/legiavanphongpham.com\/?post_type=product&#038;p=17673"},"modified":"2021-09-20T16:55:59","modified_gmt":"2021-09-20T09:55:59","slug":"dt1890h37","status":"publish","type":"product","link":"https:\/\/legiavanphongpham.com\/index.php\/product\/dt1890h37\/","title":{"rendered":"DT1890H37"},"content":{"rendered":"<p>B\u00e0n l\u00e3nh \u0111\u1ea1o s\u01a1n PU cao c\u1ea5p m\u1eb7t ch\u1eef nh\u1eadt, c\u00f3 t\u1ea5m PVC trang tr\u00ed.<\/p>\n<p>Y\u1ebfm b\u00e0n \u0111\u01b0\u1ee3c gh\u00e9p \u1ed1p n\u1ed5i.<\/p>\n<p>(Ch\u01b0a bao g\u1ed3m h\u1ed9c, t\u1ee7 ph\u1ee5)<\/p>\n<p>K\u00edch th\u01b0\u1edbc:<\/p>\n<p>DT1890H37: W1800 x D900 x H760 (mm).<\/p>\n<p>DT2010H37: W2000 x D1000 x H760 (mm).<\/p>\n","protected":false},"excerpt":{"rendered":"<p>B\u00e0n l\u00e3nh \u0111\u1ea1o s\u01a1n PU cao c\u1ea5p m\u1eb7t ch\u1eef nh\u1eadt, c\u00f3 t\u1ea5m PVC trang tr\u00ed. Y\u1ebfm b\u00e0n \u0111\u01b0\u1ee3c gh\u00e9p \u1ed1p n\u1ed5i. (Ch\u01b0a bao g\u1ed3m h\u1ed9c, t\u1ee7 ph\u1ee5) K\u00edch th\u01b0\u1edbc: DT1890H37: W1800 x D900 x H760 (mm). DT2010H37: W2000 x D1000 x H760 (mm).<\/p>\n","protected":false},"featured_media":17674,"comment_status":"open","ping_status":"closed","template":"","meta":[],"product_brand":[],"product_cat":[163],"product_tag":[],"class_list":{"0":"post-17673","1":"product","2":"type-product","3":"status-publish","4":"has-post-thumbnail","6":"product_cat-ban-giam-doc","8":"first","9":"instock","10":"shipping-taxable","11":"purchasable","12":"product-type-simple"},"_links":{"self":[{"href":"https:\/\/legiavanphongpham.com\/index.php\/wp-json\/wp\/v2\/product\/17673","targetHints":{"allow":["GET"]}}],"collection":[{"href":"https:\/\/legiavanphongpham.com\/index.php\/wp-json\/wp\/v2\/product"}],"about":[{"href":"https:\/\/legiavanphongpham.com\/index.php\/wp-json\/wp\/v2\/types\/product"}],"replies":[{"embeddable":true,"href":"https:\/\/legiavanphongpham.com\/index.php\/wp-json\/wp\/v2\/comments?post=17673"}],"wp:featuredmedia":[{"embeddable":true,"href":"https:\/\/legiavanphongpham.com\/index.php\/wp-json\/wp\/v2\/media\/17674"}],"wp:attachment":[{"href":"https:\/\/legiavanphongpham.com\/index.php\/wp-json\/wp\/v2\/media?parent=17673"}],"wp:term":[{"taxonomy":"product_brand","embeddable":true,"href":"https:\/\/legiavanphongpham.com\/index.php\/wp-json\/wp\/v2\/product_brand?post=17673"},{"taxonomy":"product_cat","embeddable":true,"href":"https:\/\/legiavanphongpham.com\/index.php\/wp-json\/wp\/v2\/product_cat?post=17673"},{"taxonomy":"product_tag","embeddable":true,"href":"https:\/\/legiavanphongpham.com\/index.php\/wp-json\/wp\/v2\/product_tag?post=17673"}],"curies":[{"name":"wp","href":"https:\/\/api.w.org\/{rel}","templated":true}]}}