{"id":17675,"date":"2021-09-20T16:57:20","date_gmt":"2021-09-20T09:57:20","guid":{"rendered":"https:\/\/legiavanphongpham.com\/?post_type=product&#038;p=17675"},"modified":"2021-09-20T16:57:20","modified_gmt":"2021-09-20T09:57:20","slug":"dt1890h43","status":"publish","type":"product","link":"https:\/\/legiavanphongpham.com\/index.php\/product\/dt1890h43\/","title":{"rendered":"DT1890H43"},"content":{"rendered":"<div class=\"titleName\">\n<p class=\"titleName-text\">TH\u00d4NG TIN S\u1ea2N PH\u1ea8M<\/p>\n<\/div>\n<div class=\"item-information default\">\n<p>B\u00e0n l\u00e3nh \u0111\u1ea1o s\u01a1n PU cao c\u1ea5p m\u1eb7t ch\u1eef nh\u1eadt, m\u1eb7t v\u00e0 y\u1ebfm b\u00e0n c\u00f3 c\u00e1c t\u1ea5m PVC trang tr\u00ed.<\/p>\n<p>&nbsp;<\/p>\n<p>KT: W1800 x D900 x H760 (mm)<\/p>\n<\/div>\n","protected":false},"excerpt":{"rendered":"<p>TH\u00d4NG TIN S\u1ea2N PH\u1ea8M B\u00e0n l\u00e3nh \u0111\u1ea1o s\u01a1n PU cao c\u1ea5p m\u1eb7t ch\u1eef nh\u1eadt, m\u1eb7t v\u00e0 y\u1ebfm b\u00e0n c\u00f3 c\u00e1c t\u1ea5m PVC trang tr\u00ed. &nbsp; KT: W1800 x D900 x H760 (mm)<\/p>\n","protected":false},"featured_media":17661,"comment_status":"open","ping_status":"closed","template":"","meta":[],"product_brand":[],"product_cat":[163],"product_tag":[],"class_list":{"0":"post-17675","1":"product","2":"type-product","3":"status-publish","4":"has-post-thumbnail","6":"product_cat-ban-giam-doc","8":"first","9":"instock","10":"shipping-taxable","11":"purchasable","12":"product-type-simple"},"_links":{"self":[{"href":"https:\/\/legiavanphongpham.com\/index.php\/wp-json\/wp\/v2\/product\/17675","targetHints":{"allow":["GET"]}}],"collection":[{"href":"https:\/\/legiavanphongpham.com\/index.php\/wp-json\/wp\/v2\/product"}],"about":[{"href":"https:\/\/legiavanphongpham.com\/index.php\/wp-json\/wp\/v2\/types\/product"}],"replies":[{"embeddable":true,"href":"https:\/\/legiavanphongpham.com\/index.php\/wp-json\/wp\/v2\/comments?post=17675"}],"wp:featuredmedia":[{"embeddable":true,"href":"https:\/\/legiavanphongpham.com\/index.php\/wp-json\/wp\/v2\/media\/17661"}],"wp:attachment":[{"href":"https:\/\/legiavanphongpham.com\/index.php\/wp-json\/wp\/v2\/media?parent=17675"}],"wp:term":[{"taxonomy":"product_brand","embeddable":true,"href":"https:\/\/legiavanphongpham.com\/index.php\/wp-json\/wp\/v2\/product_brand?post=17675"},{"taxonomy":"product_cat","embeddable":true,"href":"https:\/\/legiavanphongpham.com\/index.php\/wp-json\/wp\/v2\/product_cat?post=17675"},{"taxonomy":"product_tag","embeddable":true,"href":"https:\/\/legiavanphongpham.com\/index.php\/wp-json\/wp\/v2\/product_tag?post=17675"}],"curies":[{"name":"wp","href":"https:\/\/api.w.org\/{rel}","templated":true}]}}