{"id":17681,"date":"2021-09-20T17:04:54","date_gmt":"2021-09-20T10:04:54","guid":{"rendered":"https:\/\/legiavanphongpham.com\/?post_type=product&#038;p=17681"},"modified":"2021-09-20T17:16:51","modified_gmt":"2021-09-20T10:16:51","slug":"ct2412h2","status":"publish","type":"product","link":"https:\/\/legiavanphongpham.com\/index.php\/product\/ct2412h2\/","title":{"rendered":"CT2412H2"},"content":{"rendered":"<div class=\"titleName\">\n<p class=\"titleName-text\">TH\u00d4NG TIN S\u1ea2N PH\u1ea8M<\/p>\n<\/div>\n<div class=\"item-information default\">\n<p>B\u00e0n h\u1ecdp g\u1ed7 s\u01a1n PU m\u1eb7t l\u01b0\u1ee3n. Ch\u00e2n b\u00e0n gh\u00e9p h\u1ed9p l\u01b0\u1ee3n cong v\u00e0 soi r\u00e3nh trang tr\u00ed.<\/p>\n<p>&nbsp;<\/p>\n<p>K\u00edch th\u01b0\u1edbc:<\/p>\n<p>CT2010H2: \u00a0W2010 x D1000 x H760 mm<\/p>\n<p>CT2412H2: W2400 x D1200 x H760 mm<\/p>\n<\/div>\n","protected":false},"excerpt":{"rendered":"<p>TH\u00d4NG TIN S\u1ea2N PH\u1ea8M B\u00e0n h\u1ecdp g\u1ed7 s\u01a1n PU m\u1eb7t l\u01b0\u1ee3n. Ch\u00e2n b\u00e0n gh\u00e9p h\u1ed9p l\u01b0\u1ee3n cong v\u00e0 soi r\u00e3nh trang tr\u00ed. &nbsp; K\u00edch th\u01b0\u1edbc: CT2010H2: \u00a0W2010 x D1000 x H760 mm CT2412H2: W2400 x D1200 x H760 mm<\/p>\n","protected":false},"featured_media":17683,"comment_status":"open","ping_status":"closed","template":"","meta":[],"product_brand":[],"product_cat":[164],"product_tag":[],"class_list":{"0":"post-17681","1":"product","2":"type-product","3":"status-publish","4":"has-post-thumbnail","6":"product_cat-ban-hop","8":"first","9":"instock","10":"shipping-taxable","11":"purchasable","12":"product-type-simple"},"_links":{"self":[{"href":"https:\/\/legiavanphongpham.com\/index.php\/wp-json\/wp\/v2\/product\/17681","targetHints":{"allow":["GET"]}}],"collection":[{"href":"https:\/\/legiavanphongpham.com\/index.php\/wp-json\/wp\/v2\/product"}],"about":[{"href":"https:\/\/legiavanphongpham.com\/index.php\/wp-json\/wp\/v2\/types\/product"}],"replies":[{"embeddable":true,"href":"https:\/\/legiavanphongpham.com\/index.php\/wp-json\/wp\/v2\/comments?post=17681"}],"wp:featuredmedia":[{"embeddable":true,"href":"https:\/\/legiavanphongpham.com\/index.php\/wp-json\/wp\/v2\/media\/17683"}],"wp:attachment":[{"href":"https:\/\/legiavanphongpham.com\/index.php\/wp-json\/wp\/v2\/media?parent=17681"}],"wp:term":[{"taxonomy":"product_brand","embeddable":true,"href":"https:\/\/legiavanphongpham.com\/index.php\/wp-json\/wp\/v2\/product_brand?post=17681"},{"taxonomy":"product_cat","embeddable":true,"href":"https:\/\/legiavanphongpham.com\/index.php\/wp-json\/wp\/v2\/product_cat?post=17681"},{"taxonomy":"product_tag","embeddable":true,"href":"https:\/\/legiavanphongpham.com\/index.php\/wp-json\/wp\/v2\/product_tag?post=17681"}],"curies":[{"name":"wp","href":"https:\/\/api.w.org\/{rel}","templated":true}]}}