{"id":17761,"date":"2021-09-21T08:29:23","date_gmt":"2021-09-21T01:29:23","guid":{"rendered":"https:\/\/legiavanphongpham.com\/?post_type=product&#038;p=17761"},"modified":"2021-09-21T08:29:23","modified_gmt":"2021-09-21T01:29:23","slug":"gl206","status":"publish","type":"product","link":"https:\/\/legiavanphongpham.com\/index.php\/product\/gl206\/","title":{"rendered":"GL206"},"content":{"rendered":"<p>Gh\u1ebf l\u01b0\u1edbi cao c\u1ea5p t\u1ef1a l\u00e0m b\u1eb1ng khung th\u00e9p b\u1ecdc v\u1ea3i l\u01b0\u1edbi.<\/p>\n<p>Tay b\u1eb1ng nh\u1ef1a, gh\u00e9 d\u00f9ng ch\u00e2n m\u1ea1 ho\u1eb7c ch\u00e2n nh\u1ef1a.<\/p>\n<p>&nbsp;<\/p>\n<p>KT: W620\u00a0x D630 x H1050\u00f71175 (mm).<\/p>\n","protected":false},"excerpt":{"rendered":"<p>Gh\u1ebf l\u01b0\u1edbi cao c\u1ea5p t\u1ef1a l\u00e0m b\u1eb1ng khung th\u00e9p b\u1ecdc v\u1ea3i l\u01b0\u1edbi. Tay b\u1eb1ng nh\u1ef1a, gh\u00e9 d\u00f9ng ch\u00e2n m\u1ea1 ho\u1eb7c ch\u00e2n nh\u1ef1a. &nbsp; KT: W620\u00a0x D630 x H1050\u00f71175 (mm).<\/p>\n","protected":false},"featured_media":17733,"comment_status":"open","ping_status":"closed","template":"","meta":[],"product_brand":[],"product_cat":[15],"product_tag":[],"class_list":{"0":"post-17761","1":"product","2":"type-product","3":"status-publish","4":"has-post-thumbnail","6":"product_cat-uncategorized","8":"first","9":"instock","10":"shipping-taxable","11":"purchasable","12":"product-type-simple"},"_links":{"self":[{"href":"https:\/\/legiavanphongpham.com\/index.php\/wp-json\/wp\/v2\/product\/17761","targetHints":{"allow":["GET"]}}],"collection":[{"href":"https:\/\/legiavanphongpham.com\/index.php\/wp-json\/wp\/v2\/product"}],"about":[{"href":"https:\/\/legiavanphongpham.com\/index.php\/wp-json\/wp\/v2\/types\/product"}],"replies":[{"embeddable":true,"href":"https:\/\/legiavanphongpham.com\/index.php\/wp-json\/wp\/v2\/comments?post=17761"}],"wp:featuredmedia":[{"embeddable":true,"href":"https:\/\/legiavanphongpham.com\/index.php\/wp-json\/wp\/v2\/media\/17733"}],"wp:attachment":[{"href":"https:\/\/legiavanphongpham.com\/index.php\/wp-json\/wp\/v2\/media?parent=17761"}],"wp:term":[{"taxonomy":"product_brand","embeddable":true,"href":"https:\/\/legiavanphongpham.com\/index.php\/wp-json\/wp\/v2\/product_brand?post=17761"},{"taxonomy":"product_cat","embeddable":true,"href":"https:\/\/legiavanphongpham.com\/index.php\/wp-json\/wp\/v2\/product_cat?post=17761"},{"taxonomy":"product_tag","embeddable":true,"href":"https:\/\/legiavanphongpham.com\/index.php\/wp-json\/wp\/v2\/product_tag?post=17761"}],"curies":[{"name":"wp","href":"https:\/\/api.w.org\/{rel}","templated":true}]}}