{"id":17763,"date":"2021-09-21T08:31:28","date_gmt":"2021-09-21T01:31:28","guid":{"rendered":"https:\/\/legiavanphongpham.com\/?post_type=product&#038;p=17763"},"modified":"2021-09-21T08:31:28","modified_gmt":"2021-09-21T01:31:28","slug":"gl-208","status":"publish","type":"product","link":"https:\/\/legiavanphongpham.com\/index.php\/product\/gl-208\/","title":{"rendered":"GL 208"},"content":{"rendered":"<p>Gh\u1ebf l\u01b0\u1edbi cao c\u1ea5p \u0111\u1ec7m m\u00fat \u0111\u00fac b\u1ecdc v\u1ea3i.<\/p>\n<p>Khung, tay v\u00e0 ch\u00e2n gh\u1ebf b\u1eb1ng nh\u1ef1a.<\/p>\n<p>&nbsp;<\/p>\n<p>KT: W625 x D600 x H995\u00f71120 (mm)<\/p>\n","protected":false},"excerpt":{"rendered":"<p>Gh\u1ebf l\u01b0\u1edbi cao c\u1ea5p \u0111\u1ec7m m\u00fat \u0111\u00fac b\u1ecdc v\u1ea3i. Khung, tay v\u00e0 ch\u00e2n gh\u1ebf b\u1eb1ng nh\u1ef1a. &nbsp; KT: W625 x D600 x H995\u00f71120 (mm)<\/p>\n","protected":false},"featured_media":17735,"comment_status":"open","ping_status":"closed","template":"","meta":[],"product_brand":[],"product_cat":[15],"product_tag":[],"class_list":{"0":"post-17763","1":"product","2":"type-product","3":"status-publish","4":"has-post-thumbnail","6":"product_cat-uncategorized","8":"first","9":"instock","10":"shipping-taxable","11":"purchasable","12":"product-type-simple"},"_links":{"self":[{"href":"https:\/\/legiavanphongpham.com\/index.php\/wp-json\/wp\/v2\/product\/17763","targetHints":{"allow":["GET"]}}],"collection":[{"href":"https:\/\/legiavanphongpham.com\/index.php\/wp-json\/wp\/v2\/product"}],"about":[{"href":"https:\/\/legiavanphongpham.com\/index.php\/wp-json\/wp\/v2\/types\/product"}],"replies":[{"embeddable":true,"href":"https:\/\/legiavanphongpham.com\/index.php\/wp-json\/wp\/v2\/comments?post=17763"}],"wp:featuredmedia":[{"embeddable":true,"href":"https:\/\/legiavanphongpham.com\/index.php\/wp-json\/wp\/v2\/media\/17735"}],"wp:attachment":[{"href":"https:\/\/legiavanphongpham.com\/index.php\/wp-json\/wp\/v2\/media?parent=17763"}],"wp:term":[{"taxonomy":"product_brand","embeddable":true,"href":"https:\/\/legiavanphongpham.com\/index.php\/wp-json\/wp\/v2\/product_brand?post=17763"},{"taxonomy":"product_cat","embeddable":true,"href":"https:\/\/legiavanphongpham.com\/index.php\/wp-json\/wp\/v2\/product_cat?post=17763"},{"taxonomy":"product_tag","embeddable":true,"href":"https:\/\/legiavanphongpham.com\/index.php\/wp-json\/wp\/v2\/product_tag?post=17763"}],"curies":[{"name":"wp","href":"https:\/\/api.w.org\/{rel}","templated":true}]}}