{"id":17775,"date":"2021-09-21T08:43:25","date_gmt":"2021-09-21T01:43:25","guid":{"rendered":"https:\/\/legiavanphongpham.com\/?post_type=product&#038;p=17775"},"modified":"2021-09-21T08:43:25","modified_gmt":"2021-09-21T01:43:25","slug":"gl-318","status":"publish","type":"product","link":"https:\/\/legiavanphongpham.com\/index.php\/product\/gl-318\/","title":{"rendered":"GL 318"},"content":{"rendered":"<p>Gh\u1ebf l\u01b0\u1edbi l\u00e3nh \u0111\u1ea1o cao c\u1ea5p c\u00f3 t\u00ednh n\u0103ng ng\u1ea3 v\u00e0 h\u00e3m \u1edf nhi\u1ec1u g\u00f3c \u0111\u1ed9 kh\u00e1c nhau, t\u1ea1o s\u1ef1 tho\u1ea3i m\u00e1i cho ng\u01b0\u1eddi s\u1eed d\u1ee5ng.<\/p>\n<p>Ch\u00e2n gh\u1ebf b\u1eb1ng th\u00e9p m\u1ea1.<\/p>\n<p>&nbsp;<\/p>\n<p>KT: W630 x D630 x H1170-1250 (mm)<\/p>\n","protected":false},"excerpt":{"rendered":"<p>Gh\u1ebf l\u01b0\u1edbi l\u00e3nh \u0111\u1ea1o cao c\u1ea5p c\u00f3 t\u00ednh n\u0103ng ng\u1ea3 v\u00e0 h\u00e3m \u1edf nhi\u1ec1u g\u00f3c \u0111\u1ed9 kh\u00e1c nhau, t\u1ea1o s\u1ef1 tho\u1ea3i m\u00e1i cho ng\u01b0\u1eddi s\u1eed d\u1ee5ng. Ch\u00e2n gh\u1ebf b\u1eb1ng th\u00e9p m\u1ea1. &nbsp; KT: W630 x D630 x H1170-1250 (mm)<\/p>\n","protected":false},"featured_media":17747,"comment_status":"open","ping_status":"closed","template":"","meta":[],"product_brand":[],"product_cat":[15],"product_tag":[],"class_list":{"0":"post-17775","1":"product","2":"type-product","3":"status-publish","4":"has-post-thumbnail","6":"product_cat-uncategorized","8":"first","9":"instock","10":"shipping-taxable","11":"purchasable","12":"product-type-simple"},"_links":{"self":[{"href":"https:\/\/legiavanphongpham.com\/index.php\/wp-json\/wp\/v2\/product\/17775","targetHints":{"allow":["GET"]}}],"collection":[{"href":"https:\/\/legiavanphongpham.com\/index.php\/wp-json\/wp\/v2\/product"}],"about":[{"href":"https:\/\/legiavanphongpham.com\/index.php\/wp-json\/wp\/v2\/types\/product"}],"replies":[{"embeddable":true,"href":"https:\/\/legiavanphongpham.com\/index.php\/wp-json\/wp\/v2\/comments?post=17775"}],"wp:featuredmedia":[{"embeddable":true,"href":"https:\/\/legiavanphongpham.com\/index.php\/wp-json\/wp\/v2\/media\/17747"}],"wp:attachment":[{"href":"https:\/\/legiavanphongpham.com\/index.php\/wp-json\/wp\/v2\/media?parent=17775"}],"wp:term":[{"taxonomy":"product_brand","embeddable":true,"href":"https:\/\/legiavanphongpham.com\/index.php\/wp-json\/wp\/v2\/product_brand?post=17775"},{"taxonomy":"product_cat","embeddable":true,"href":"https:\/\/legiavanphongpham.com\/index.php\/wp-json\/wp\/v2\/product_cat?post=17775"},{"taxonomy":"product_tag","embeddable":true,"href":"https:\/\/legiavanphongpham.com\/index.php\/wp-json\/wp\/v2\/product_tag?post=17775"}],"curies":[{"name":"wp","href":"https:\/\/api.w.org\/{rel}","templated":true}]}}