{"id":17780,"date":"2021-09-21T08:50:07","date_gmt":"2021-09-21T01:50:07","guid":{"rendered":"https:\/\/legiavanphongpham.com\/?post_type=product&#038;p=17780"},"modified":"2021-09-21T08:50:07","modified_gmt":"2021-09-21T01:50:07","slug":"gl-324","status":"publish","type":"product","link":"https:\/\/legiavanphongpham.com\/index.php\/product\/gl-324\/","title":{"rendered":"GL 324"},"content":{"rendered":"<p>Gh\u1ebf l\u01b0\u1edbi l\u00e3nh \u0111\u1ea1o cao c\u1ea5p c\u00f3 t\u1ef1a gh\u1ebf ng\u1ea3 h\u00e3m \u0111\u01b0\u1ee3c nhi\u1ec1u g\u00f3c \u0111\u1ed9 kh\u00e1c nhau.<\/p>\n<p>Ph\u00eda sau t\u1ef1a c\u00f3 m\u00f3c treo \u00e1o nh\u1eb1m t\u0103ng t\u00ednh ti\u1ec7n \u00edch cho ng\u01b0\u1eddi s\u1eed d\u1ee5ng.<\/p>\n<p>Gh\u1ebf s\u1eed d\u1ee5ng c\u00e1c lo\u1ea1i ch\u00e2n (ch\u00e2n nh\u1ef1a, ch\u00e2n th\u00e9p m\u1ea1 ho\u1eb7c ch\u00e2n h\u1ee3p kim)<\/p>\n<p>&nbsp;<\/p>\n<p>K\u00edch th\u01b0\u1edbc:<\/p>\n<p>Ch\u00e2n nh\u1ef1a: W630 x D690 x H1150 (mm)<\/p>\n<p>Ch\u00e2n m\u1ea1: W630 x D890 x H1230 (mm)<\/p>\n<p>Ch\u00e2n h\u1ee3p kim nh\u00f4m: W630 x D890 x H1230 (mm)<\/p>\n","protected":false},"excerpt":{"rendered":"<p>Gh\u1ebf l\u01b0\u1edbi l\u00e3nh \u0111\u1ea1o cao c\u1ea5p c\u00f3 t\u1ef1a gh\u1ebf ng\u1ea3 h\u00e3m \u0111\u01b0\u1ee3c nhi\u1ec1u g\u00f3c \u0111\u1ed9 kh\u00e1c nhau. Ph\u00eda sau t\u1ef1a c\u00f3 m\u00f3c treo \u00e1o nh\u1eb1m t\u0103ng t\u00ednh ti\u1ec7n \u00edch cho ng\u01b0\u1eddi s\u1eed d\u1ee5ng. Gh\u1ebf s\u1eed d\u1ee5ng c\u00e1c lo\u1ea1i ch\u00e2n (ch\u00e2n nh\u1ef1a, ch\u00e2n th\u00e9p m\u1ea1 ho\u1eb7c ch\u00e2n h\u1ee3p kim) &nbsp; K\u00edch th\u01b0\u1edbc: Ch\u00e2n nh\u1ef1a: W630 x [&hellip;]<\/p>\n","protected":false},"featured_media":17752,"comment_status":"open","ping_status":"closed","template":"","meta":[],"product_brand":[],"product_cat":[15],"product_tag":[],"class_list":{"0":"post-17780","1":"product","2":"type-product","3":"status-publish","4":"has-post-thumbnail","6":"product_cat-uncategorized","8":"first","9":"instock","10":"shipping-taxable","11":"purchasable","12":"product-type-simple"},"_links":{"self":[{"href":"https:\/\/legiavanphongpham.com\/index.php\/wp-json\/wp\/v2\/product\/17780","targetHints":{"allow":["GET"]}}],"collection":[{"href":"https:\/\/legiavanphongpham.com\/index.php\/wp-json\/wp\/v2\/product"}],"about":[{"href":"https:\/\/legiavanphongpham.com\/index.php\/wp-json\/wp\/v2\/types\/product"}],"replies":[{"embeddable":true,"href":"https:\/\/legiavanphongpham.com\/index.php\/wp-json\/wp\/v2\/comments?post=17780"}],"wp:featuredmedia":[{"embeddable":true,"href":"https:\/\/legiavanphongpham.com\/index.php\/wp-json\/wp\/v2\/media\/17752"}],"wp:attachment":[{"href":"https:\/\/legiavanphongpham.com\/index.php\/wp-json\/wp\/v2\/media?parent=17780"}],"wp:term":[{"taxonomy":"product_brand","embeddable":true,"href":"https:\/\/legiavanphongpham.com\/index.php\/wp-json\/wp\/v2\/product_brand?post=17780"},{"taxonomy":"product_cat","embeddable":true,"href":"https:\/\/legiavanphongpham.com\/index.php\/wp-json\/wp\/v2\/product_cat?post=17780"},{"taxonomy":"product_tag","embeddable":true,"href":"https:\/\/legiavanphongpham.com\/index.php\/wp-json\/wp\/v2\/product_tag?post=17780"}],"curies":[{"name":"wp","href":"https:\/\/api.w.org\/{rel}","templated":true}]}}