{"id":17781,"date":"2021-09-21T08:51:00","date_gmt":"2021-09-21T01:51:00","guid":{"rendered":"https:\/\/legiavanphongpham.com\/?post_type=product&#038;p=17781"},"modified":"2021-09-21T08:51:00","modified_gmt":"2021-09-21T01:51:00","slug":"gl-326","status":"publish","type":"product","link":"https:\/\/legiavanphongpham.com\/index.php\/product\/gl-326\/","title":{"rendered":"GL 326"},"content":{"rendered":"<p>Gh\u1ebf l\u01b0\u1edbi cao c\u1ea5p ki\u1ec3u d\u00e1ng hi\u1ec7n \u0111\u1ea1i, d\u00f9ng ch\u00e2n th\u00e9p m\u1ea1.<\/p>\n<p>Gh\u1ebf c\u00f3 th\u1ec3 ng\u1ea3 h\u00e3m nhi\u1ec1u g\u00f3c \u0111\u1ed9, c\u00f3 c\u01a1 c\u1ea5u \u0111\u1ec3 ch\u00e2n thu\u1eadn ti\u1ec7n<\/p>\n<p>&nbsp;<\/p>\n<p>KT: W645 x D645-1600 x H1200-1185 (mm).<\/p>\n","protected":false},"excerpt":{"rendered":"<p>Gh\u1ebf l\u01b0\u1edbi cao c\u1ea5p ki\u1ec3u d\u00e1ng hi\u1ec7n \u0111\u1ea1i, d\u00f9ng ch\u00e2n th\u00e9p m\u1ea1. Gh\u1ebf c\u00f3 th\u1ec3 ng\u1ea3 h\u00e3m nhi\u1ec1u g\u00f3c \u0111\u1ed9, c\u00f3 c\u01a1 c\u1ea5u \u0111\u1ec3 ch\u00e2n thu\u1eadn ti\u1ec7n &nbsp; KT: W645 x D645-1600 x H1200-1185 (mm).<\/p>\n","protected":false},"featured_media":17753,"comment_status":"open","ping_status":"closed","template":"","meta":[],"product_brand":[],"product_cat":[15],"product_tag":[],"class_list":{"0":"post-17781","1":"product","2":"type-product","3":"status-publish","4":"has-post-thumbnail","6":"product_cat-uncategorized","8":"first","9":"instock","10":"shipping-taxable","11":"purchasable","12":"product-type-simple"},"_links":{"self":[{"href":"https:\/\/legiavanphongpham.com\/index.php\/wp-json\/wp\/v2\/product\/17781","targetHints":{"allow":["GET"]}}],"collection":[{"href":"https:\/\/legiavanphongpham.com\/index.php\/wp-json\/wp\/v2\/product"}],"about":[{"href":"https:\/\/legiavanphongpham.com\/index.php\/wp-json\/wp\/v2\/types\/product"}],"replies":[{"embeddable":true,"href":"https:\/\/legiavanphongpham.com\/index.php\/wp-json\/wp\/v2\/comments?post=17781"}],"wp:featuredmedia":[{"embeddable":true,"href":"https:\/\/legiavanphongpham.com\/index.php\/wp-json\/wp\/v2\/media\/17753"}],"wp:attachment":[{"href":"https:\/\/legiavanphongpham.com\/index.php\/wp-json\/wp\/v2\/media?parent=17781"}],"wp:term":[{"taxonomy":"product_brand","embeddable":true,"href":"https:\/\/legiavanphongpham.com\/index.php\/wp-json\/wp\/v2\/product_brand?post=17781"},{"taxonomy":"product_cat","embeddable":true,"href":"https:\/\/legiavanphongpham.com\/index.php\/wp-json\/wp\/v2\/product_cat?post=17781"},{"taxonomy":"product_tag","embeddable":true,"href":"https:\/\/legiavanphongpham.com\/index.php\/wp-json\/wp\/v2\/product_tag?post=17781"}],"curies":[{"name":"wp","href":"https:\/\/api.w.org\/{rel}","templated":true}]}}