{"id":17785,"date":"2021-09-21T08:54:09","date_gmt":"2021-09-21T01:54:09","guid":{"rendered":"https:\/\/legiavanphongpham.com\/?post_type=product&#038;p=17785"},"modified":"2021-09-21T08:54:09","modified_gmt":"2021-09-21T01:54:09","slug":"gl-330","status":"publish","type":"product","link":"https:\/\/legiavanphongpham.com\/index.php\/product\/gl-330\/","title":{"rendered":"GL 330"},"content":{"rendered":"<p>Gh\u1ebf l\u01b0\u1edbi l\u00e3nh \u0111\u1ea1o l\u01b0ng cao. Gh\u1ebf c\u00f3 th\u1ec3 ng\u1ea3.<\/p>\n<p>\u0110\u1ec7m gh\u1ebf b\u1ecdc PVC, t\u1ef1a b\u1ecdc v\u1ea3i l\u01b0\u1edbi x\u1ed1p ph\u1ed1i m\u00e0u phong c\u00e1ch.<\/p>\n<p>Gh\u1ebf s\u1eed d\u1ee5ng tay ch\u1eef T c\u00f3 th\u1ec3 t\u0103ng ch\u1ec9nh \u0111\u1ed9 cao theo nhu c\u1ea7u s\u1eed d\u1ee5ng<\/p>\n<p>S\u1eed d\u1ee5ng ch\u00e2n th\u00e9p m\u1ea1 b\u1ec1n v\u00e0 s\u00e1ng<\/p>\n<p>K\u00edch th\u01b0\u1edbc: W630 x D660-1250 x H1160-1240 mm<\/p>\n","protected":false},"excerpt":{"rendered":"<p>Gh\u1ebf l\u01b0\u1edbi l\u00e3nh \u0111\u1ea1o l\u01b0ng cao. Gh\u1ebf c\u00f3 th\u1ec3 ng\u1ea3. \u0110\u1ec7m gh\u1ebf b\u1ecdc PVC, t\u1ef1a b\u1ecdc v\u1ea3i l\u01b0\u1edbi x\u1ed1p ph\u1ed1i m\u00e0u phong c\u00e1ch. Gh\u1ebf s\u1eed d\u1ee5ng tay ch\u1eef T c\u00f3 th\u1ec3 t\u0103ng ch\u1ec9nh \u0111\u1ed9 cao theo nhu c\u1ea7u s\u1eed d\u1ee5ng S\u1eed d\u1ee5ng ch\u00e2n th\u00e9p m\u1ea1 b\u1ec1n v\u00e0 s\u00e1ng K\u00edch th\u01b0\u1edbc: W630 x D660-1250 x H1160-1240 [&hellip;]<\/p>\n","protected":false},"featured_media":17757,"comment_status":"open","ping_status":"closed","template":"","meta":[],"product_brand":[],"product_cat":[15],"product_tag":[],"class_list":{"0":"post-17785","1":"product","2":"type-product","3":"status-publish","4":"has-post-thumbnail","6":"product_cat-uncategorized","8":"first","9":"instock","10":"shipping-taxable","11":"purchasable","12":"product-type-simple"},"_links":{"self":[{"href":"https:\/\/legiavanphongpham.com\/index.php\/wp-json\/wp\/v2\/product\/17785","targetHints":{"allow":["GET"]}}],"collection":[{"href":"https:\/\/legiavanphongpham.com\/index.php\/wp-json\/wp\/v2\/product"}],"about":[{"href":"https:\/\/legiavanphongpham.com\/index.php\/wp-json\/wp\/v2\/types\/product"}],"replies":[{"embeddable":true,"href":"https:\/\/legiavanphongpham.com\/index.php\/wp-json\/wp\/v2\/comments?post=17785"}],"wp:featuredmedia":[{"embeddable":true,"href":"https:\/\/legiavanphongpham.com\/index.php\/wp-json\/wp\/v2\/media\/17757"}],"wp:attachment":[{"href":"https:\/\/legiavanphongpham.com\/index.php\/wp-json\/wp\/v2\/media?parent=17785"}],"wp:term":[{"taxonomy":"product_brand","embeddable":true,"href":"https:\/\/legiavanphongpham.com\/index.php\/wp-json\/wp\/v2\/product_brand?post=17785"},{"taxonomy":"product_cat","embeddable":true,"href":"https:\/\/legiavanphongpham.com\/index.php\/wp-json\/wp\/v2\/product_cat?post=17785"},{"taxonomy":"product_tag","embeddable":true,"href":"https:\/\/legiavanphongpham.com\/index.php\/wp-json\/wp\/v2\/product_tag?post=17785"}],"curies":[{"name":"wp","href":"https:\/\/api.w.org\/{rel}","templated":true}]}}