{"id":17799,"date":"2021-09-21T09:11:14","date_gmt":"2021-09-21T02:11:14","guid":{"rendered":"https:\/\/legiavanphongpham.com\/?post_type=product&#038;p=17799"},"modified":"2021-09-21T09:11:15","modified_gmt":"2021-09-21T02:11:15","slug":"tq16","status":"publish","type":"product","link":"https:\/\/legiavanphongpham.com\/index.php\/product\/tq16\/","title":{"rendered":"TQ16"},"content":{"rendered":"<p>Gh\u1ebf cao c\u1ea5p b\u1ecdc da th\u1eadt t\u1ea1i ph\u1ea7n ti\u1ebfp x\u00fac tr\u1ef1c ti\u1ebfp v\u1edbi ng\u01b0\u1eddi s\u1eed d\u1ee5ng.<\/p>\n<p>C\u00f3 ch\u1ee9c n\u0103ng \u0111i\u1ec1u ch\u1ec9nh \u0111\u1ed9 cao, c\u01a1 c\u1ea5u ng\u1ea3 \u0111\u1eb7c bi\u1ec7t cho ph\u00e9p \u0111\u1ecbnh v\u1ecb nhi\u1ec1u g\u00f3c \u0111\u1ed9 ng\u1ea3 kh\u00e1c nhau.<\/p>\n<p>&nbsp;<\/p>\n<p>KT: W690 x D780\u00f71140 x H1190\u00f71245 (mm).<\/p>\n","protected":false},"excerpt":{"rendered":"<p>Gh\u1ebf cao c\u1ea5p b\u1ecdc da th\u1eadt t\u1ea1i ph\u1ea7n ti\u1ebfp x\u00fac tr\u1ef1c ti\u1ebfp v\u1edbi ng\u01b0\u1eddi s\u1eed d\u1ee5ng. C\u00f3 ch\u1ee9c n\u0103ng \u0111i\u1ec1u ch\u1ec9nh \u0111\u1ed9 cao, c\u01a1 c\u1ea5u ng\u1ea3 \u0111\u1eb7c bi\u1ec7t cho ph\u00e9p \u0111\u1ecbnh v\u1ecb nhi\u1ec1u g\u00f3c \u0111\u1ed9 ng\u1ea3 kh\u00e1c nhau. &nbsp; KT: W690 x D780\u00f71140 x H1190\u00f71245 (mm).<\/p>\n","protected":false},"featured_media":17791,"comment_status":"open","ping_status":"closed","template":"","meta":[],"product_brand":[],"product_cat":[15],"product_tag":[],"class_list":{"0":"post-17799","1":"product","2":"type-product","3":"status-publish","4":"has-post-thumbnail","6":"product_cat-uncategorized","8":"first","9":"instock","10":"shipping-taxable","11":"product-type-simple"},"_links":{"self":[{"href":"https:\/\/legiavanphongpham.com\/index.php\/wp-json\/wp\/v2\/product\/17799","targetHints":{"allow":["GET"]}}],"collection":[{"href":"https:\/\/legiavanphongpham.com\/index.php\/wp-json\/wp\/v2\/product"}],"about":[{"href":"https:\/\/legiavanphongpham.com\/index.php\/wp-json\/wp\/v2\/types\/product"}],"replies":[{"embeddable":true,"href":"https:\/\/legiavanphongpham.com\/index.php\/wp-json\/wp\/v2\/comments?post=17799"}],"wp:featuredmedia":[{"embeddable":true,"href":"https:\/\/legiavanphongpham.com\/index.php\/wp-json\/wp\/v2\/media\/17791"}],"wp:attachment":[{"href":"https:\/\/legiavanphongpham.com\/index.php\/wp-json\/wp\/v2\/media?parent=17799"}],"wp:term":[{"taxonomy":"product_brand","embeddable":true,"href":"https:\/\/legiavanphongpham.com\/index.php\/wp-json\/wp\/v2\/product_brand?post=17799"},{"taxonomy":"product_cat","embeddable":true,"href":"https:\/\/legiavanphongpham.com\/index.php\/wp-json\/wp\/v2\/product_cat?post=17799"},{"taxonomy":"product_tag","embeddable":true,"href":"https:\/\/legiavanphongpham.com\/index.php\/wp-json\/wp\/v2\/product_tag?post=17799"}],"curies":[{"name":"wp","href":"https:\/\/api.w.org\/{rel}","templated":true}]}}