{"id":17803,"date":"2021-09-21T09:21:46","date_gmt":"2021-09-21T02:21:46","guid":{"rendered":"https:\/\/legiavanphongpham.com\/?post_type=product&#038;p=17803"},"modified":"2021-09-21T09:21:46","modified_gmt":"2021-09-21T02:21:46","slug":"gpc05d","status":"publish","type":"product","link":"https:\/\/legiavanphongpham.com\/index.php\/product\/gpc05d\/","title":{"rendered":"GPC05D"},"content":{"rendered":"<p>Gh\u1ebf ph\u00f2ng ch\u1edd khung th\u00e9p s\u01a1n t\u0129nh \u0111i\u1ec7n, c\u00f3 \u0111\u1ec7m t\u1ef1a g\u1ed7 v\u00e0 b\u00e0n vi\u1ebft.<\/p>\n<p>\u0110\u1ec7m c\u00f3 th\u1ec3 g\u1ea5p khi kh\u00f4ng s\u1eed d\u1ee5ng v\u00e0 d\u00f9ng ch\u00e2n di \u0111\u1ed9ng.<\/p>\n<p>&nbsp;<\/p>\n<p>K\u00edch th\u01b0\u1edbc:<\/p>\n<p>Gh\u1ebf 1 ch\u1ed7: W540 x D640-850 x H860 mm<\/p>\n<p>Gh\u1ebf 2 ch\u1ed7: W1055 x\u00a0D640-850 x H860 mm<\/p>\n<p>Gh\u1ebf 3 ch\u1ed7: W1555 x\u00a0D640-850 x H860 mm<\/p>\n","protected":false},"excerpt":{"rendered":"<p>Gh\u1ebf ph\u00f2ng ch\u1edd khung th\u00e9p s\u01a1n t\u0129nh \u0111i\u1ec7n, c\u00f3 \u0111\u1ec7m t\u1ef1a g\u1ed7 v\u00e0 b\u00e0n vi\u1ebft. \u0110\u1ec7m c\u00f3 th\u1ec3 g\u1ea5p khi kh\u00f4ng s\u1eed d\u1ee5ng v\u00e0 d\u00f9ng ch\u00e2n di \u0111\u1ed9ng. &nbsp; K\u00edch th\u01b0\u1edbc: Gh\u1ebf 1 ch\u1ed7: W540 x D640-850 x H860 mm Gh\u1ebf 2 ch\u1ed7: W1055 x\u00a0D640-850 x H860 mm Gh\u1ebf 3 ch\u1ed7: W1555 x\u00a0D640-850 x H860 [&hellip;]<\/p>\n","protected":false},"featured_media":17807,"comment_status":"open","ping_status":"closed","template":"","meta":[],"product_brand":[],"product_cat":[167],"product_tag":[],"class_list":{"0":"post-17803","1":"product","2":"type-product","3":"status-publish","4":"has-post-thumbnail","6":"product_cat-ghe-phong-cho","8":"first","9":"instock","10":"shipping-taxable","11":"product-type-simple"},"_links":{"self":[{"href":"https:\/\/legiavanphongpham.com\/index.php\/wp-json\/wp\/v2\/product\/17803","targetHints":{"allow":["GET"]}}],"collection":[{"href":"https:\/\/legiavanphongpham.com\/index.php\/wp-json\/wp\/v2\/product"}],"about":[{"href":"https:\/\/legiavanphongpham.com\/index.php\/wp-json\/wp\/v2\/types\/product"}],"replies":[{"embeddable":true,"href":"https:\/\/legiavanphongpham.com\/index.php\/wp-json\/wp\/v2\/comments?post=17803"}],"wp:featuredmedia":[{"embeddable":true,"href":"https:\/\/legiavanphongpham.com\/index.php\/wp-json\/wp\/v2\/media\/17807"}],"wp:attachment":[{"href":"https:\/\/legiavanphongpham.com\/index.php\/wp-json\/wp\/v2\/media?parent=17803"}],"wp:term":[{"taxonomy":"product_brand","embeddable":true,"href":"https:\/\/legiavanphongpham.com\/index.php\/wp-json\/wp\/v2\/product_brand?post=17803"},{"taxonomy":"product_cat","embeddable":true,"href":"https:\/\/legiavanphongpham.com\/index.php\/wp-json\/wp\/v2\/product_cat?post=17803"},{"taxonomy":"product_tag","embeddable":true,"href":"https:\/\/legiavanphongpham.com\/index.php\/wp-json\/wp\/v2\/product_tag?post=17803"}],"curies":[{"name":"wp","href":"https:\/\/api.w.org\/{rel}","templated":true}]}}