{"id":17853,"date":"2021-09-21T11:14:01","date_gmt":"2021-09-21T04:14:01","guid":{"rendered":"https:\/\/legiavanphongpham.com\/?post_type=product&#038;p=17853"},"modified":"2021-09-21T11:14:02","modified_gmt":"2021-09-21T04:14:02","slug":"pi86k1dt","status":"publish","type":"product","link":"https:\/\/legiavanphongpham.com\/index.php\/product\/pi86k1dt\/","title":{"rendered":"PI86K1DT"},"content":{"rendered":"<p>K\u00e9t s\u1eaft cao c\u1ea5p Pioneer \u0111\u01b0\u1ee3c thi\u1ebft k\u1ebf ki\u1ec3u d\u00e1ng thanh tho\u00e1t v\u1edbi th\u00e2n cong m\u1ec1m m\u1ea1i.<\/p>\n<p>S\u1eed d\u1ee5ng kh\u00f3a \u0111i\u1ec7n t\u1eed v\u00e0 kh\u00f3a ch\u00eca cao c\u1ea5p (kh\u00f4ng c\u00f3 kh\u00f3a ph\u1ee5). B\u00ean trong k\u00e9t c\u00f3 khay \u0111\u1ef1ng \u0111\u1ed3 v\u00e0 sau c\u00e1nh c\u00f3 m\u00f3c treo ch\u00eca kh\u00f3a.<\/p>\n<p>K\u00e9t c\u00f3 t\u00ednh n\u0103ng ch\u1ed1ng ch\u00e1y v\u00e0 b\u1ea3o m\u1eadt cao.<\/p>\n<p>&nbsp;<\/p>\n<p>Kh\u1ed1i l\u01b0\u1ee3ng: 68 kg (\u00b1 10%)<\/p>\n<p>K\u00edch th\u01b0\u1edbc ngo\u00e0i: W382 x D535 x H598 mm<\/p>\n<p>K\u00edch th\u01b0\u1edbc trong: W269 x D353 x H418 mm<\/p>\n","protected":false},"excerpt":{"rendered":"<p>K\u00e9t s\u1eaft cao c\u1ea5p Pioneer \u0111\u01b0\u1ee3c thi\u1ebft k\u1ebf ki\u1ec3u d\u00e1ng thanh tho\u00e1t v\u1edbi th\u00e2n cong m\u1ec1m m\u1ea1i. S\u1eed d\u1ee5ng kh\u00f3a \u0111i\u1ec7n t\u1eed v\u00e0 kh\u00f3a ch\u00eca cao c\u1ea5p (kh\u00f4ng c\u00f3 kh\u00f3a ph\u1ee5). B\u00ean trong k\u00e9t c\u00f3 khay \u0111\u1ef1ng \u0111\u1ed3 v\u00e0 sau c\u00e1nh c\u00f3 m\u00f3c treo ch\u00eca kh\u00f3a. K\u00e9t c\u00f3 t\u00ednh n\u0103ng ch\u1ed1ng ch\u00e1y v\u00e0 b\u1ea3o m\u1eadt [&hellip;]<\/p>\n","protected":false},"featured_media":17889,"comment_status":"open","ping_status":"closed","template":"","meta":[],"product_brand":[],"product_cat":[169],"product_tag":[],"class_list":{"0":"post-17853","1":"product","2":"type-product","3":"status-publish","4":"has-post-thumbnail","6":"product_cat-ket-sat","8":"first","9":"instock","10":"shipping-taxable","11":"product-type-simple"},"_links":{"self":[{"href":"https:\/\/legiavanphongpham.com\/index.php\/wp-json\/wp\/v2\/product\/17853","targetHints":{"allow":["GET"]}}],"collection":[{"href":"https:\/\/legiavanphongpham.com\/index.php\/wp-json\/wp\/v2\/product"}],"about":[{"href":"https:\/\/legiavanphongpham.com\/index.php\/wp-json\/wp\/v2\/types\/product"}],"replies":[{"embeddable":true,"href":"https:\/\/legiavanphongpham.com\/index.php\/wp-json\/wp\/v2\/comments?post=17853"}],"wp:featuredmedia":[{"embeddable":true,"href":"https:\/\/legiavanphongpham.com\/index.php\/wp-json\/wp\/v2\/media\/17889"}],"wp:attachment":[{"href":"https:\/\/legiavanphongpham.com\/index.php\/wp-json\/wp\/v2\/media?parent=17853"}],"wp:term":[{"taxonomy":"product_brand","embeddable":true,"href":"https:\/\/legiavanphongpham.com\/index.php\/wp-json\/wp\/v2\/product_brand?post=17853"},{"taxonomy":"product_cat","embeddable":true,"href":"https:\/\/legiavanphongpham.com\/index.php\/wp-json\/wp\/v2\/product_cat?post=17853"},{"taxonomy":"product_tag","embeddable":true,"href":"https:\/\/legiavanphongpham.com\/index.php\/wp-json\/wp\/v2\/product_tag?post=17853"}],"curies":[{"name":"wp","href":"https:\/\/api.w.org\/{rel}","templated":true}]}}