{"id":17899,"date":"2021-09-21T13:40:20","date_gmt":"2021-09-21T06:40:20","guid":{"rendered":"https:\/\/legiavanphongpham.com\/?post_type=product&#038;p=17899"},"modified":"2021-09-21T13:40:21","modified_gmt":"2021-09-21T06:40:21","slug":"lg118k1c1","status":"publish","type":"product","link":"https:\/\/legiavanphongpham.com\/index.php\/product\/lg118k1c1\/","title":{"rendered":"LG118K1C1"},"content":{"rendered":"<p>K\u00e9t s\u1eaft cao c\u1ea5p c\u00f3 th\u00e2n, c\u00e1nh v\u00e0 b\u1ea3n l\u1ec3 d\u00e0y d\u1eb7n nh\u1eb1m t\u0103ng kh\u1ea3 n\u0103ng ch\u1ed1ng khoan c\u1eaft.<\/p>\n<p>S\u1eed d\u1ee5ng tay n\u1eafm 3 ch\u1ea1c kh\u1ecfe kho\u1eafn, k\u1ebft h\u1ee3p \u1ed5 kh\u00f3a m\u00e3 v\u00e0 kh\u00f3a ch\u00eca cao c\u1ea5p.<\/p>\n<p>B\u00ean trong c\u00f3 m\u00f3c treo ch\u00eca kh\u00f3a, ng\u0103n k\u00e9o ph\u1ee5 c\u00f3 \u0111\u1ee3t v\u00e0 1 ng\u0103n b\u00ed m\u1eadt.<\/p>\n<p>K\u00e9t c\u00f3 t\u00ednh n\u0103ng ch\u1ed1ng ch\u00e1y v\u00e0 b\u1ea3o m\u1eadt cao<\/p>\n<p>&nbsp;<\/p>\n<p>Kh\u1ed1i l\u01b0\u1ee3ng 125 kg (\u00b1 10%)<\/p>\n<p>K\u00edch th\u01b0\u1edbc ngo\u00e0i: W502 x D560 x H696 mm<\/p>\n<p>K\u00edch th\u01b0\u1edbc trong: W342 x D304 x H404 mm<\/p>\n","protected":false},"excerpt":{"rendered":"<p>K\u00e9t s\u1eaft cao c\u1ea5p c\u00f3 th\u00e2n, c\u00e1nh v\u00e0 b\u1ea3n l\u1ec3 d\u00e0y d\u1eb7n nh\u1eb1m t\u0103ng kh\u1ea3 n\u0103ng ch\u1ed1ng khoan c\u1eaft. S\u1eed d\u1ee5ng tay n\u1eafm 3 ch\u1ea1c kh\u1ecfe kho\u1eafn, k\u1ebft h\u1ee3p \u1ed5 kh\u00f3a m\u00e3 v\u00e0 kh\u00f3a ch\u00eca cao c\u1ea5p. B\u00ean trong c\u00f3 m\u00f3c treo ch\u00eca kh\u00f3a, ng\u0103n k\u00e9o ph\u1ee5 c\u00f3 \u0111\u1ee3t v\u00e0 1 ng\u0103n b\u00ed m\u1eadt. K\u00e9t [&hellip;]<\/p>\n","protected":false},"featured_media":17880,"comment_status":"open","ping_status":"closed","template":"","meta":[],"product_brand":[],"product_cat":[169],"product_tag":[],"class_list":{"0":"post-17899","1":"product","2":"type-product","3":"status-publish","4":"has-post-thumbnail","6":"product_cat-ket-sat","8":"first","9":"instock","10":"shipping-taxable","11":"product-type-simple"},"_links":{"self":[{"href":"https:\/\/legiavanphongpham.com\/index.php\/wp-json\/wp\/v2\/product\/17899","targetHints":{"allow":["GET"]}}],"collection":[{"href":"https:\/\/legiavanphongpham.com\/index.php\/wp-json\/wp\/v2\/product"}],"about":[{"href":"https:\/\/legiavanphongpham.com\/index.php\/wp-json\/wp\/v2\/types\/product"}],"replies":[{"embeddable":true,"href":"https:\/\/legiavanphongpham.com\/index.php\/wp-json\/wp\/v2\/comments?post=17899"}],"wp:featuredmedia":[{"embeddable":true,"href":"https:\/\/legiavanphongpham.com\/index.php\/wp-json\/wp\/v2\/media\/17880"}],"wp:attachment":[{"href":"https:\/\/legiavanphongpham.com\/index.php\/wp-json\/wp\/v2\/media?parent=17899"}],"wp:term":[{"taxonomy":"product_brand","embeddable":true,"href":"https:\/\/legiavanphongpham.com\/index.php\/wp-json\/wp\/v2\/product_brand?post=17899"},{"taxonomy":"product_cat","embeddable":true,"href":"https:\/\/legiavanphongpham.com\/index.php\/wp-json\/wp\/v2\/product_cat?post=17899"},{"taxonomy":"product_tag","embeddable":true,"href":"https:\/\/legiavanphongpham.com\/index.php\/wp-json\/wp\/v2\/product_tag?post=17899"}],"curies":[{"name":"wp","href":"https:\/\/api.w.org\/{rel}","templated":true}]}}