{"id":17904,"date":"2021-09-21T13:44:26","date_gmt":"2021-09-21T06:44:26","guid":{"rendered":"https:\/\/legiavanphongpham.com\/?post_type=product&#038;p=17904"},"modified":"2021-09-21T13:44:27","modified_gmt":"2021-09-21T06:44:27","slug":"kks01","status":"publish","type":"product","link":"https:\/\/legiavanphongpham.com\/index.php\/product\/kks01\/","title":{"rendered":"KKS01"},"content":{"rendered":"<p>K\u00e9t l\u00e0m b\u1eb1ng th\u00e9p d\u00e0y, s\u1eed d\u1ee5ng kh\u00f3a \u0111i\u1ec7n t\u1eed.<\/p>\n<p>Trong l\u00f2ng k\u00e9t c\u00f3 1 \u0111\u1ee3t c\u1ed1 \u0111\u1ecbnh.<\/p>\n<p>&nbsp;<\/p>\n<p>Kh\u1ed1i l\u01b0\u1ee3ng: 10.5 kg (\u00b110%)<\/p>\n<p>K\u00edch th\u01b0\u1edbc ngo\u00e0i : W370 x D260 x H260 mm<\/p>\n<p>K\u00edch th\u01b0\u1edbc trong: W367 x D195 x H235 mm<\/p>\n","protected":false},"excerpt":{"rendered":"<p>K\u00e9t l\u00e0m b\u1eb1ng th\u00e9p d\u00e0y, s\u1eed d\u1ee5ng kh\u00f3a \u0111i\u1ec7n t\u1eed. Trong l\u00f2ng k\u00e9t c\u00f3 1 \u0111\u1ee3t c\u1ed1 \u0111\u1ecbnh. &nbsp; Kh\u1ed1i l\u01b0\u1ee3ng: 10.5 kg (\u00b110%) K\u00edch th\u01b0\u1edbc ngo\u00e0i : W370 x D260 x H260 mm K\u00edch th\u01b0\u1edbc trong: W367 x D195 x H235 mm<\/p>\n","protected":false},"featured_media":17875,"comment_status":"open","ping_status":"closed","template":"","meta":[],"product_brand":[],"product_cat":[169],"product_tag":[],"class_list":{"0":"post-17904","1":"product","2":"type-product","3":"status-publish","4":"has-post-thumbnail","6":"product_cat-ket-sat","8":"first","9":"instock","10":"shipping-taxable","11":"product-type-simple"},"_links":{"self":[{"href":"https:\/\/legiavanphongpham.com\/index.php\/wp-json\/wp\/v2\/product\/17904","targetHints":{"allow":["GET"]}}],"collection":[{"href":"https:\/\/legiavanphongpham.com\/index.php\/wp-json\/wp\/v2\/product"}],"about":[{"href":"https:\/\/legiavanphongpham.com\/index.php\/wp-json\/wp\/v2\/types\/product"}],"replies":[{"embeddable":true,"href":"https:\/\/legiavanphongpham.com\/index.php\/wp-json\/wp\/v2\/comments?post=17904"}],"wp:featuredmedia":[{"embeddable":true,"href":"https:\/\/legiavanphongpham.com\/index.php\/wp-json\/wp\/v2\/media\/17875"}],"wp:attachment":[{"href":"https:\/\/legiavanphongpham.com\/index.php\/wp-json\/wp\/v2\/media?parent=17904"}],"wp:term":[{"taxonomy":"product_brand","embeddable":true,"href":"https:\/\/legiavanphongpham.com\/index.php\/wp-json\/wp\/v2\/product_brand?post=17904"},{"taxonomy":"product_cat","embeddable":true,"href":"https:\/\/legiavanphongpham.com\/index.php\/wp-json\/wp\/v2\/product_cat?post=17904"},{"taxonomy":"product_tag","embeddable":true,"href":"https:\/\/legiavanphongpham.com\/index.php\/wp-json\/wp\/v2\/product_tag?post=17904"}],"curies":[{"name":"wp","href":"https:\/\/api.w.org\/{rel}","templated":true}]}}