{"id":17913,"date":"2021-09-21T13:52:36","date_gmt":"2021-09-21T06:52:36","guid":{"rendered":"https:\/\/legiavanphongpham.com\/?post_type=product&#038;p=17913"},"modified":"2021-09-21T13:52:37","modified_gmt":"2021-09-21T06:52:37","slug":"kdh31","status":"publish","type":"product","link":"https:\/\/legiavanphongpham.com\/index.php\/product\/kdh31\/","title":{"rendered":"KDH31"},"content":{"rendered":"<p>K\u00e9t s\u1eaft ch\u1ed1ng ch\u00e1y nh\u1eadp kh\u1ea9u H\u00e0n Qu\u1ed1c v\u1edbi ki\u1ec3u d\u00e1ng hi\u1ec7n \u0111\u1ea1i, \u0111\u01b0\u1ee3c s\u1ea3n xu\u1ea5t tr\u00ean c\u00f4ng ngh\u1ec7 v\u00e0 ch\u1ea5t li\u1ec7u cao c\u1ea5p.<\/p>\n<p>S\u1ea3n ph\u1ea9m \u0111\u1ea1t ti\u00eau chu\u1ea9n ch\u1ea5t l\u01b0\u1ee3ng Ch\u00e2u \u00c2u &amp; B\u1eafc M\u1ef9, Kh\u00f3a \u0111i\u1ec7n t\u1eed th\u1ea9m m\u1ef9, d\u1ec5 d\u00e0ng thao t\u00e1c v\u00e0 ti\u1ec7n l\u1ee3i.<\/p>\n<p>Trong l\u00f2ng k\u00e9t c\u00f3 1 c\u00e1nh ph\u1ee5 t\u0103ng kh\u1ea3 n\u0103ng b\u1ea3o m\u1eadt, k\u00e9t s\u1eed d\u1ee5ng ch\u00e2n \u0111\u1ebf c\u1ed1 \u0111\u1ecbnh.<\/p>\n<p>&nbsp;<\/p>\n<p>Kh\u1ed1i l\u01b0\u1ee3ng : 31 kg (\u00a0\u00b110% )<\/p>\n<p>K\u00edch th\u01b0\u1edbc : W483 x D340 x H709 mm<\/p>\n","protected":false},"excerpt":{"rendered":"<p>K\u00e9t s\u1eaft ch\u1ed1ng ch\u00e1y nh\u1eadp kh\u1ea9u H\u00e0n Qu\u1ed1c v\u1edbi ki\u1ec3u d\u00e1ng hi\u1ec7n \u0111\u1ea1i, \u0111\u01b0\u1ee3c s\u1ea3n xu\u1ea5t tr\u00ean c\u00f4ng ngh\u1ec7 v\u00e0 ch\u1ea5t li\u1ec7u cao c\u1ea5p. S\u1ea3n ph\u1ea9m \u0111\u1ea1t ti\u00eau chu\u1ea9n ch\u1ea5t l\u01b0\u1ee3ng Ch\u00e2u \u00c2u &amp; B\u1eafc M\u1ef9, Kh\u00f3a \u0111i\u1ec7n t\u1eed th\u1ea9m m\u1ef9, d\u1ec5 d\u00e0ng thao t\u00e1c v\u00e0 ti\u1ec7n l\u1ee3i. Trong l\u00f2ng k\u00e9t c\u00f3 1 c\u00e1nh ph\u1ee5 [&hellip;]<\/p>\n","protected":false},"featured_media":17867,"comment_status":"open","ping_status":"closed","template":"","meta":[],"product_brand":[],"product_cat":[169],"product_tag":[],"class_list":{"0":"post-17913","1":"product","2":"type-product","3":"status-publish","4":"has-post-thumbnail","6":"product_cat-ket-sat","8":"first","9":"instock","10":"shipping-taxable","11":"product-type-simple"},"_links":{"self":[{"href":"https:\/\/legiavanphongpham.com\/index.php\/wp-json\/wp\/v2\/product\/17913","targetHints":{"allow":["GET"]}}],"collection":[{"href":"https:\/\/legiavanphongpham.com\/index.php\/wp-json\/wp\/v2\/product"}],"about":[{"href":"https:\/\/legiavanphongpham.com\/index.php\/wp-json\/wp\/v2\/types\/product"}],"replies":[{"embeddable":true,"href":"https:\/\/legiavanphongpham.com\/index.php\/wp-json\/wp\/v2\/comments?post=17913"}],"wp:featuredmedia":[{"embeddable":true,"href":"https:\/\/legiavanphongpham.com\/index.php\/wp-json\/wp\/v2\/media\/17867"}],"wp:attachment":[{"href":"https:\/\/legiavanphongpham.com\/index.php\/wp-json\/wp\/v2\/media?parent=17913"}],"wp:term":[{"taxonomy":"product_brand","embeddable":true,"href":"https:\/\/legiavanphongpham.com\/index.php\/wp-json\/wp\/v2\/product_brand?post=17913"},{"taxonomy":"product_cat","embeddable":true,"href":"https:\/\/legiavanphongpham.com\/index.php\/wp-json\/wp\/v2\/product_cat?post=17913"},{"taxonomy":"product_tag","embeddable":true,"href":"https:\/\/legiavanphongpham.com\/index.php\/wp-json\/wp\/v2\/product_tag?post=17913"}],"curies":[{"name":"wp","href":"https:\/\/api.w.org\/{rel}","templated":true}]}}