{"id":17924,"date":"2021-09-21T13:58:32","date_gmt":"2021-09-21T06:58:32","guid":{"rendered":"https:\/\/legiavanphongpham.com\/?post_type=product&#038;p=17924"},"modified":"2021-09-21T13:58:32","modified_gmt":"2021-09-21T06:58:32","slug":"vn09","status":"publish","type":"product","link":"https:\/\/legiavanphongpham.com\/index.php\/product\/vn09\/","title":{"rendered":"vn09"},"content":{"rendered":"<p>V\u00e1ch ng\u0103n khung nh\u00f4m \u0111\u1ecbnh h\u00ecnh b\u1ec1 m\u1eb7t c\u00f3 m\u00e0u s\u1eafc \u0111\u1eb9p, \u0111\u1ed9 b\u1ec1n m\u00e0u cao. K\u1ebft c\u1ea5u ch\u1eafc ch\u1eafn, v\u00e1ch c\u00f3 h\u1ed9p k\u1ef9 thu\u1eadt.<\/p>\n<p>(s\u1ea3n ph\u1ea9m c\u00f3 c\u00e1c ch\u1ea5t li\u1ec7u g\u1ed3m: G\u1ed7 + k\u00ednh, V\u1ea3i + k\u00ednh, V\u1ea3i to\u00e0n b\u1ed9, G\u1ed7 melamine to\u00e0n b\u1ed9, Nh\u00f4m + k\u00ednh)<\/p>\n","protected":false},"excerpt":{"rendered":"<p>V\u00e1ch ng\u0103n khung nh\u00f4m \u0111\u1ecbnh h\u00ecnh b\u1ec1 m\u1eb7t c\u00f3 m\u00e0u s\u1eafc \u0111\u1eb9p, \u0111\u1ed9 b\u1ec1n m\u00e0u cao. K\u1ebft c\u1ea5u ch\u1eafc ch\u1eafn, v\u00e1ch c\u00f3 h\u1ed9p k\u1ef9 thu\u1eadt. (s\u1ea3n ph\u1ea9m c\u00f3 c\u00e1c ch\u1ea5t li\u1ec7u g\u1ed3m: G\u1ed7 + k\u00ednh, V\u1ea3i + k\u00ednh, V\u1ea3i to\u00e0n b\u1ed9, G\u1ed7 melamine to\u00e0n b\u1ed9, Nh\u00f4m + k\u00ednh)<\/p>\n","protected":false},"featured_media":17921,"comment_status":"open","ping_status":"closed","template":"","meta":[],"product_brand":[],"product_cat":[170],"product_tag":[],"class_list":{"0":"post-17924","1":"product","2":"type-product","3":"status-publish","4":"has-post-thumbnail","6":"product_cat-vach-ngan","8":"first","9":"instock","10":"shipping-taxable","11":"product-type-simple"},"_links":{"self":[{"href":"https:\/\/legiavanphongpham.com\/index.php\/wp-json\/wp\/v2\/product\/17924","targetHints":{"allow":["GET"]}}],"collection":[{"href":"https:\/\/legiavanphongpham.com\/index.php\/wp-json\/wp\/v2\/product"}],"about":[{"href":"https:\/\/legiavanphongpham.com\/index.php\/wp-json\/wp\/v2\/types\/product"}],"replies":[{"embeddable":true,"href":"https:\/\/legiavanphongpham.com\/index.php\/wp-json\/wp\/v2\/comments?post=17924"}],"wp:featuredmedia":[{"embeddable":true,"href":"https:\/\/legiavanphongpham.com\/index.php\/wp-json\/wp\/v2\/media\/17921"}],"wp:attachment":[{"href":"https:\/\/legiavanphongpham.com\/index.php\/wp-json\/wp\/v2\/media?parent=17924"}],"wp:term":[{"taxonomy":"product_brand","embeddable":true,"href":"https:\/\/legiavanphongpham.com\/index.php\/wp-json\/wp\/v2\/product_brand?post=17924"},{"taxonomy":"product_cat","embeddable":true,"href":"https:\/\/legiavanphongpham.com\/index.php\/wp-json\/wp\/v2\/product_cat?post=17924"},{"taxonomy":"product_tag","embeddable":true,"href":"https:\/\/legiavanphongpham.com\/index.php\/wp-json\/wp\/v2\/product_tag?post=17924"}],"curies":[{"name":"wp","href":"https:\/\/api.w.org\/{rel}","templated":true}]}}