{"id":18058,"date":"2021-09-22T14:23:08","date_gmt":"2021-09-22T07:23:08","guid":{"rendered":"https:\/\/legiavanphongpham.com\/?post_type=product&#038;p=18058"},"modified":"2021-09-23T13:42:21","modified_gmt":"2021-09-23T06:42:21","slug":"sg130k","status":"publish","type":"product","link":"https:\/\/legiavanphongpham.com\/index.php\/product\/sg130k\/","title":{"rendered":"SG130K"},"content":{"rendered":"<p>Gh\u1ebf nh\u00e2n vi\u00ean c\u00f3 \u0111\u1ec7m t\u1ef1a b\u1ecdc v\u1ea3i v\u00e0 d\u00f9ng ch\u00e2n nh\u1ef1a (gh\u1ebf kh\u00f4ng d\u00f9ng tay)<\/p>\n<p>KT: W420 x D540\u00a0x H735\u00f7860\u00a0(mm).<\/p>\n","protected":false},"excerpt":{"rendered":"<p>Gh\u1ebf nh\u00e2n vi\u00ean c\u00f3 \u0111\u1ec7m t\u1ef1a b\u1ecdc v\u1ea3i v\u00e0 d\u00f9ng ch\u00e2n nh\u1ef1a (gh\u1ebf kh\u00f4ng d\u00f9ng tay) KT: W420 x D540\u00a0x H735\u00f7860\u00a0(mm).<\/p>\n","protected":false},"featured_media":18051,"comment_status":"open","ping_status":"closed","template":"","meta":[],"product_brand":[],"product_cat":[208],"product_tag":[],"class_list":{"0":"post-18058","1":"product","2":"type-product","3":"status-publish","4":"has-post-thumbnail","6":"product_cat-ghe-nhan-vien","8":"first","9":"instock","10":"shipping-taxable","11":"purchasable","12":"product-type-simple"},"_links":{"self":[{"href":"https:\/\/legiavanphongpham.com\/index.php\/wp-json\/wp\/v2\/product\/18058","targetHints":{"allow":["GET"]}}],"collection":[{"href":"https:\/\/legiavanphongpham.com\/index.php\/wp-json\/wp\/v2\/product"}],"about":[{"href":"https:\/\/legiavanphongpham.com\/index.php\/wp-json\/wp\/v2\/types\/product"}],"replies":[{"embeddable":true,"href":"https:\/\/legiavanphongpham.com\/index.php\/wp-json\/wp\/v2\/comments?post=18058"}],"wp:featuredmedia":[{"embeddable":true,"href":"https:\/\/legiavanphongpham.com\/index.php\/wp-json\/wp\/v2\/media\/18051"}],"wp:attachment":[{"href":"https:\/\/legiavanphongpham.com\/index.php\/wp-json\/wp\/v2\/media?parent=18058"}],"wp:term":[{"taxonomy":"product_brand","embeddable":true,"href":"https:\/\/legiavanphongpham.com\/index.php\/wp-json\/wp\/v2\/product_brand?post=18058"},{"taxonomy":"product_cat","embeddable":true,"href":"https:\/\/legiavanphongpham.com\/index.php\/wp-json\/wp\/v2\/product_cat?post=18058"},{"taxonomy":"product_tag","embeddable":true,"href":"https:\/\/legiavanphongpham.com\/index.php\/wp-json\/wp\/v2\/product_tag?post=18058"}],"curies":[{"name":"wp","href":"https:\/\/api.w.org\/{rel}","templated":true}]}}