{"id":18064,"date":"2021-09-22T14:27:03","date_gmt":"2021-09-22T07:27:03","guid":{"rendered":"https:\/\/legiavanphongpham.com\/?post_type=product&#038;p=18064"},"modified":"2021-09-23T13:40:54","modified_gmt":"2021-09-23T06:40:54","slug":"sg550","status":"publish","type":"product","link":"https:\/\/legiavanphongpham.com\/index.php\/product\/sg550\/","title":{"rendered":"SG550"},"content":{"rendered":"<p>Gh\u1ebf nh\u00e2n vi\u00ean \u0111\u1ec7m t\u1ef1a \u0111\u01b0\u1ee3c b\u1ecdc v\u1ea3i, ch\u00e2n v\u00e0 tay gh\u1ebf b\u1eb1ng nh\u1ef1a.<\/p>\n<p>KT: W560 x D540 x H900\u00f71025 (mm).<\/p>\n","protected":false},"excerpt":{"rendered":"<p>Gh\u1ebf nh\u00e2n vi\u00ean \u0111\u1ec7m t\u1ef1a \u0111\u01b0\u1ee3c b\u1ecdc v\u1ea3i, ch\u00e2n v\u00e0 tay gh\u1ebf b\u1eb1ng nh\u1ef1a. KT: W560 x D540 x H900\u00f71025 (mm).<\/p>\n","protected":false},"featured_media":18056,"comment_status":"open","ping_status":"closed","template":"","meta":[],"product_brand":[],"product_cat":[208],"product_tag":[],"class_list":{"0":"post-18064","1":"product","2":"type-product","3":"status-publish","4":"has-post-thumbnail","6":"product_cat-ghe-nhan-vien","8":"first","9":"instock","10":"shipping-taxable","11":"purchasable","12":"product-type-simple"},"_links":{"self":[{"href":"https:\/\/legiavanphongpham.com\/index.php\/wp-json\/wp\/v2\/product\/18064","targetHints":{"allow":["GET"]}}],"collection":[{"href":"https:\/\/legiavanphongpham.com\/index.php\/wp-json\/wp\/v2\/product"}],"about":[{"href":"https:\/\/legiavanphongpham.com\/index.php\/wp-json\/wp\/v2\/types\/product"}],"replies":[{"embeddable":true,"href":"https:\/\/legiavanphongpham.com\/index.php\/wp-json\/wp\/v2\/comments?post=18064"}],"wp:featuredmedia":[{"embeddable":true,"href":"https:\/\/legiavanphongpham.com\/index.php\/wp-json\/wp\/v2\/media\/18056"}],"wp:attachment":[{"href":"https:\/\/legiavanphongpham.com\/index.php\/wp-json\/wp\/v2\/media?parent=18064"}],"wp:term":[{"taxonomy":"product_brand","embeddable":true,"href":"https:\/\/legiavanphongpham.com\/index.php\/wp-json\/wp\/v2\/product_brand?post=18064"},{"taxonomy":"product_cat","embeddable":true,"href":"https:\/\/legiavanphongpham.com\/index.php\/wp-json\/wp\/v2\/product_cat?post=18064"},{"taxonomy":"product_tag","embeddable":true,"href":"https:\/\/legiavanphongpham.com\/index.php\/wp-json\/wp\/v2\/product_tag?post=18064"}],"curies":[{"name":"wp","href":"https:\/\/api.w.org\/{rel}","templated":true}]}}