{"id":18065,"date":"2021-09-22T14:27:40","date_gmt":"2021-09-22T07:27:40","guid":{"rendered":"https:\/\/legiavanphongpham.com\/?post_type=product&#038;p=18065"},"modified":"2021-09-23T13:40:36","modified_gmt":"2021-09-23T06:40:36","slug":"sg550k","status":"publish","type":"product","link":"https:\/\/legiavanphongpham.com\/index.php\/product\/sg550k\/","title":{"rendered":"SG550K"},"content":{"rendered":"<p>Gh\u1ebf nh\u00e2n vi\u00ean \u0111\u1ec7m t\u1ef1a b\u1ecdc v\u1ea3i, ch\u00e2n gh\u1ebf b\u1eb1ng\u00a0nh\u1ef1a (gh\u1ebf kh\u00f4ng tay)<\/p>\n<p>KT: W440 x D540 x H900\u00f71025 (mm).<\/p>\n","protected":false},"excerpt":{"rendered":"<p>Gh\u1ebf nh\u00e2n vi\u00ean \u0111\u1ec7m t\u1ef1a b\u1ecdc v\u1ea3i, ch\u00e2n gh\u1ebf b\u1eb1ng\u00a0nh\u1ef1a (gh\u1ebf kh\u00f4ng tay) KT: W440 x D540 x H900\u00f71025 (mm).<\/p>\n","protected":false},"featured_media":18057,"comment_status":"open","ping_status":"closed","template":"","meta":[],"product_brand":[],"product_cat":[208],"product_tag":[],"class_list":{"0":"post-18065","1":"product","2":"type-product","3":"status-publish","4":"has-post-thumbnail","6":"product_cat-ghe-nhan-vien","8":"first","9":"instock","10":"shipping-taxable","11":"purchasable","12":"product-type-simple"},"_links":{"self":[{"href":"https:\/\/legiavanphongpham.com\/index.php\/wp-json\/wp\/v2\/product\/18065","targetHints":{"allow":["GET"]}}],"collection":[{"href":"https:\/\/legiavanphongpham.com\/index.php\/wp-json\/wp\/v2\/product"}],"about":[{"href":"https:\/\/legiavanphongpham.com\/index.php\/wp-json\/wp\/v2\/types\/product"}],"replies":[{"embeddable":true,"href":"https:\/\/legiavanphongpham.com\/index.php\/wp-json\/wp\/v2\/comments?post=18065"}],"wp:featuredmedia":[{"embeddable":true,"href":"https:\/\/legiavanphongpham.com\/index.php\/wp-json\/wp\/v2\/media\/18057"}],"wp:attachment":[{"href":"https:\/\/legiavanphongpham.com\/index.php\/wp-json\/wp\/v2\/media?parent=18065"}],"wp:term":[{"taxonomy":"product_brand","embeddable":true,"href":"https:\/\/legiavanphongpham.com\/index.php\/wp-json\/wp\/v2\/product_brand?post=18065"},{"taxonomy":"product_cat","embeddable":true,"href":"https:\/\/legiavanphongpham.com\/index.php\/wp-json\/wp\/v2\/product_cat?post=18065"},{"taxonomy":"product_tag","embeddable":true,"href":"https:\/\/legiavanphongpham.com\/index.php\/wp-json\/wp\/v2\/product_tag?post=18065"}],"curies":[{"name":"wp","href":"https:\/\/api.w.org\/{rel}","templated":true}]}}