{"id":18111,"date":"2021-09-22T15:00:08","date_gmt":"2021-09-22T08:00:08","guid":{"rendered":"https:\/\/legiavanphongpham.com\/?post_type=product&#038;p=18111"},"modified":"2021-09-22T17:06:18","modified_gmt":"2021-09-22T10:06:18","slug":"sl-607","status":"publish","type":"product","link":"https:\/\/legiavanphongpham.com\/index.php\/product\/sl-607\/","title":{"rendered":"SL607"},"content":{"rendered":"<p>Gh\u1ebf h\u1ecdp cao c\u1ea5p l\u01b0ng trung \u0111\u1ec7m t\u1ef1a b\u1ecdc PVC.<\/p>\n<p>Ch\u00e2n v\u00e0 tay th\u00e9p m\u1ea1 k\u1ebft h\u1ee3p \u1ed1p g\u1ed7 t\u1ef1 nhi\u00ean s\u01a1n.<\/p>\n<p>KT: W560 x D600 x H1000 (mm)<\/p>\n","protected":false},"excerpt":{"rendered":"<p>Gh\u1ebf h\u1ecdp cao c\u1ea5p l\u01b0ng trung \u0111\u1ec7m t\u1ef1a b\u1ecdc PVC. Ch\u00e2n v\u00e0 tay th\u00e9p m\u1ea1 k\u1ebft h\u1ee3p \u1ed1p g\u1ed7 t\u1ef1 nhi\u00ean s\u01a1n. KT: W560 x D600 x H1000 (mm)<\/p>\n","protected":false},"featured_media":18100,"comment_status":"open","ping_status":"closed","template":"","meta":[],"product_brand":[],"product_cat":[210],"product_tag":[],"class_list":{"0":"post-18111","1":"product","2":"type-product","3":"status-publish","4":"has-post-thumbnail","6":"product_cat-ghe-da-cao-cap-dong-tq","8":"first","9":"instock","10":"shipping-taxable","11":"purchasable","12":"product-type-simple"},"_links":{"self":[{"href":"https:\/\/legiavanphongpham.com\/index.php\/wp-json\/wp\/v2\/product\/18111","targetHints":{"allow":["GET"]}}],"collection":[{"href":"https:\/\/legiavanphongpham.com\/index.php\/wp-json\/wp\/v2\/product"}],"about":[{"href":"https:\/\/legiavanphongpham.com\/index.php\/wp-json\/wp\/v2\/types\/product"}],"replies":[{"embeddable":true,"href":"https:\/\/legiavanphongpham.com\/index.php\/wp-json\/wp\/v2\/comments?post=18111"}],"wp:featuredmedia":[{"embeddable":true,"href":"https:\/\/legiavanphongpham.com\/index.php\/wp-json\/wp\/v2\/media\/18100"}],"wp:attachment":[{"href":"https:\/\/legiavanphongpham.com\/index.php\/wp-json\/wp\/v2\/media?parent=18111"}],"wp:term":[{"taxonomy":"product_brand","embeddable":true,"href":"https:\/\/legiavanphongpham.com\/index.php\/wp-json\/wp\/v2\/product_brand?post=18111"},{"taxonomy":"product_cat","embeddable":true,"href":"https:\/\/legiavanphongpham.com\/index.php\/wp-json\/wp\/v2\/product_cat?post=18111"},{"taxonomy":"product_tag","embeddable":true,"href":"https:\/\/legiavanphongpham.com\/index.php\/wp-json\/wp\/v2\/product_tag?post=18111"}],"curies":[{"name":"wp","href":"https:\/\/api.w.org\/{rel}","templated":true}]}}